{"id":867,"date":"2024-10-07T09:16:58","date_gmt":"2024-10-07T07:16:58","guid":{"rendered":"https:\/\/inprincipo2024.inprincipo.com\/?page_id=867"},"modified":"2024-10-07T13:40:37","modified_gmt":"2024-10-07T11:40:37","slug":"mentions-legales","status":"publish","type":"page","link":"https:\/\/inprincipo2024.inprincipo.com\/index.php\/mentions-legales\/","title":{"rendered":"Mentions l\u00e9gales"},"content":{"rendered":"\n<h2 class=\"wp-block-heading\">\u00c9diteur<\/h2>\n\n\n\n<p><strong>IN PRINCIPO SAS<\/strong><br>Si\u00e8ge social\u00a0: 60 rue de Richelieu 75002 PARIS<br>RCS PARIS 488\u00a0877\u00a0044<br>N\u00b0 TVA\u00a0: FR68488877044<br>Capital\u00a0: 74.400\u00a0\u20ac<br>Directeur de la publication\u00a0: Olivier R\u00e9aud<br>T\u00e9l. +33 (0)1\u00a053\u00a005\u00a099\u00a075<br>Email\u00a0:\u00a0<a href=\"mailto:contact@inprincipo.com\">contact@inprincipo.com<\/a><\/p>\n\n\n\n<hr class=\"wp-block-separator has-alpha-channel-opacity is-style-wide\"\/>\n\n\n\n<h2 class=\"wp-block-heading\">Propri\u00e9t\u00e9 Intellectuelle et Industrielle<\/h2>\n\n\n\n<p>Le site ainsi que ses contenus, notamment les textes, photographies, images et sons, sont la propri\u00e9t\u00e9 exclusive de In Principo et ce dans le monde entier. Toute reproduction totale ou partielle, de ce site ou de son contenu, par quelque proc\u00e9d\u00e9 que ce soit, sans autorisation expresse de In Principo est interdite.<\/p>\n\n\n\n<p>Les informations, pictogrammes, photographies, images, textes, s\u00e9quences vid\u00e9o, anim\u00e9es, sonores ou non, et autres documents consultables sur le site sont objets de droits de propri\u00e9t\u00e9 industrielle et\/ou intellectuelle et sont selon les cas, propri\u00e9t\u00e9 de In Principo ou de tiers ayant autoris\u00e9 limitativement In Principo \u00e0 les utiliser. A ce titre, toute reproduction, repr\u00e9sentation, adaptation, traduction et\/ou transformation, partielle ou int\u00e9grale, ou transfert sur un autre site sont interdits. La copie \u00e0 usage priv\u00e9 de ces diff\u00e9rents objets de droits est autoris\u00e9e. Leur reproduction partielle ou int\u00e9grale, sans l\u2019accord pr\u00e9alable et \u00e9crit de In Principo, est strictement interdite.<\/p>\n\n\n\n<h2 class=\"wp-block-heading\">Protection des donn\u00e9es personnelles<\/h2>\n\n\n\n<p>Le site peut collecter des donn\u00e9es \u00e0 caract\u00e8re personnel relatives \u00e0 ses utilisateurs dans les cadres d\u00e9crits ci-dessous. Les donn\u00e9es collect\u00e9es sont uniquement celles fournies par l\u2019utilisateur lui-m\u00eame lorsqu\u2019il utilise ces services.<\/p>\n\n\n\n<ul class=\"wp-block-list\">\n<li>Les formulaires de contact. Ces donn\u00e9es ne sont pas conserv\u00e9es dans une base de donn\u00e9es et ne servent que dans le cadre d\u2019un \u00e9change de courriels. Si le contact aboutit \u00e0 une collaboration avec In Principo, ces donn\u00e9es sont conserv\u00e9es \u00e0 des fins d\u2019organisation.<\/li>\n\n\n\n<li>Le formulaire d\u2019abonnement \u00e0 la newsletter. Ces donn\u00e9es sont conserv\u00e9es dans une base de donn\u00e9es chez Mailchimp. Merci de vous r\u00e9f\u00e9rencer \u00e0 leurs conditions d\u2019utilisation. Elles sont conserv\u00e9es jusqu\u2019\u00e0 ce que l\u2019utilisateur se d\u00e9sabonne de la newsletter.<\/li>\n\n\n\n<li>Les cookies (voir point suivant).<\/li>\n<\/ul>\n\n\n\n<p>Conform\u00e9ment \u00e0 la loi, les utilisateurs disposent du droit de consulter ces donn\u00e9es, de demander leur correction ou, si n\u00e9cessaire, leur suppression. Les utilisateurs peuvent \u00e9galement s\u2019opposer au traitement des donn\u00e9es les concernant. Ces droits peuvent \u00eatre exerc\u00e9s en adressant une demande \u00e9crite par e-mail \u00e0 l\u2019adresse&nbsp;&nbsp;<a href=\"mailto:contact@inprincipo.com\">contact@inprincipo.com<\/a>.<\/p>\n\n\n\n<h2 class=\"wp-block-heading\">Les cookies<\/h2>\n\n\n\n<p>Un \u00ab&nbsp;cookie&nbsp;\u00bb est un petit fichier enregistr\u00e9 sur le disque dur de votre ordinateur lors de la visite d\u2019un site. Ces cookies sont utilis\u00e9s afin d\u2019am\u00e9liorer votre exp\u00e9rience utilisateur en vous proposant des fonctionnalit\u00e9s ou des services. Vous pouvez \u00e0 tout moment refuser leur utilisation en configurant votre navigateur Internet.<\/p>\n\n\n\n<p>La nature et l\u2019objectif des cookies utilis\u00e9s par le Site Web sont d\u00e9taill\u00e9s ci-dessous. Certains cookies sont n\u00e9cessaires pour certaines fonctions techniques du Site Web et ne seront enregistr\u00e9s que pour une p\u00e9riode limit\u00e9e.<\/p>\n\n\n\n<h3 class=\"wp-block-heading\">Les types de cookies utilis\u00e9s<\/h3>\n\n\n\n<h4 class=\"wp-block-heading has-normal-font-size\">La mesure d\u2019audience<\/h4>\n\n\n\n<p>Google Analytics est utilis\u00e9 afin d\u2019obtenir des informations sur la navigation des visiteurs. Leur objectif est de permettre l\u2019analyse des comportements de navigation sur le site \u00e0 des fins d\u2019optimisation.<\/p>\n\n\n\n<h4 class=\"wp-block-heading has-normal-font-size\">Les r\u00e9seaux sociaux<\/h4>\n\n\n\n<p>Notre site peut afficher des applications informatiques \u00e9manant de tiers. Ce peut \u00eatre notamment le cas avec des m\u00e9dias issus r\u00e9seaux sociaux (comme le flux Twitter sur la page d\u2019accueil). Nous vous invitons d\u00e8s lors \u00e0 consulter leur politique de gestion de cookies et notamment de protection de la vie priv\u00e9e.<\/p>\n\n\n\n<h4 class=\"wp-block-heading has-normal-font-size\">Les formulaires de contacts<\/h4>\n\n\n\n<p>Ces cookies sont n\u00e9cessaires pour assurer la s\u00e9curit\u00e9 des envois de donn\u00e9es par l\u2019interm\u00e9diaire de ces formulaires. Ils ne sont conserv\u00e9s que le temps de la session active&nbsp;: d\u00e8s la fermeture du navigateur, ils sont supprim\u00e9s.<\/p>\n\n\n\n<p>Vous pouvez les g\u00e9rer \u00e0 tout moment en cliquant sur le lien&nbsp;<strong>Gestion des cookies<\/strong>pr\u00e9sent dans le pied de page.<\/p>\n\n\n\n<hr class=\"wp-block-separator has-alpha-channel-opacity is-style-wide\"\/>\n\n\n\n<h2 class=\"wp-block-heading\">H\u00e9bergement<\/h2>\n\n\n\n<p>Le site internet In Principo est h\u00e9berg\u00e9 par&nbsp;<a href=\"https:\/\/www.ovh.com\/fr\/\">OVH<\/a><\/p>\n\n\n\n<p><strong>OVH<\/strong><br>Si\u00e8ge social&nbsp;: 2 rue Kellermann &#8211; 59100 Roubaix &#8211; France<br>+33&nbsp;9 72&nbsp;10&nbsp;10&nbsp;07<\/p>\n","protected":false},"excerpt":{"rendered":"<p>\u00c9diteur IN PRINCIPO SASSi\u00e8ge social\u00a0: 60 rue de Richelieu 75002 PARISRCS PARIS 488\u00a0877\u00a0044N\u00b0 TVA\u00a0: FR68488877044Capital\u00a0: 74.400\u00a0\u20acDirecteur de la publication\u00a0: Olivier R\u00e9audT\u00e9l. +33 (0)1\u00a053\u00a005\u00a099\u00a075Email\u00a0:\u00a0contact@inprincipo.com Propri\u00e9t\u00e9 Intellectuelle et Industrielle Le site ainsi que ses contenus, notamment les textes, photographies, images et sons, sont la propri\u00e9t\u00e9 exclusive de In Principo et ce dans le monde entier. Toute reproduction [&hellip;]<\/p>\n","protected":false},"author":1,"featured_media":0,"parent":0,"menu_order":0,"comment_status":"closed","ping_status":"closed","template":"","meta":{"_themeisle_gutenberg_block_has_review":false,"footnotes":""},"class_list":["post-867","page","type-page","status-publish","hentry"],"jetpack-related-posts":[{"id":1129,"url":"https:\/\/inprincipo2024.inprincipo.com\/index.php\/les-accompagnements\/","url_meta":{"origin":867,"position":0},"title":"LES ACCOMPAGNEMENTS","author":"In Principo","date":"15 octobre 2024","format":false,"excerpt":"LA M\u00c9THODE LES ACCOMPAGNEMENTS LES FORMATIONS LES PROGRAMMES In Principo en France www.inprincipo.com In Principo Paris60 rue de Richelieu75002 PARIS+33 1 53 05 99 75 In Principo Lyon3 cours Charlemagne69003 LYON In Principo Hauts de FranceCampus AGROTECHSquare Eug\u00e8ne Thomas\u00a059780 Willems\u00a0 In Principo Maine(en cours) Depuis l\u2019origine, nous r\u00e9pondons de mani\u00e8re\u2026","rel":"","context":"Article similaire","block_context":{"text":"Article similaire","link":""},"img":{"alt_text":"","src":"","width":0,"height":0},"classes":[]},{"id":576,"url":"https:\/\/inprincipo2024.inprincipo.com\/index.php\/qui-sommes-nous\/","url_meta":{"origin":867,"position":1},"title":"QUI SOMMES-NOUS ?","author":"In Principo","date":"18 septembre 2024","format":false,"excerpt":"QUI SOMMES-NOUS ? L'\u00c9QUIPE UN PEU D'HISTOIRE NOS PARTENAIRES In Principo en France www.inprincipo.com In Principo Paris60 rue de Richelieu75002 PARIS+33 1 53 05 99 75 In Principo Lyon3 cours Charlemagne69003 LYON In Principo Hauts de FranceCampus AGROTECHSquare Eug\u00e8ne Thomas\u00a059780 Willems\u00a0 Nous croyons, dans un monde en transition, turbulent et\u2026","rel":"","context":"Article similaire","block_context":{"text":"Article similaire","link":""},"img":{"alt_text":"","src":"","width":0,"height":0},"classes":[]},{"id":1091,"url":"https:\/\/inprincipo2024.inprincipo.com\/index.php\/nos-partenaires\/","url_meta":{"origin":867,"position":2},"title":"NOS PARTENAIRES","author":"In Principo","date":"9 octobre 2024","format":false,"excerpt":"QUI SOMMES-NOUS ? L'\u00c9QUIPE UN PEU D'HISTOIRE NOS PARTENAIRES In Principo en France www.inprincipo.com In Principo Paris60 rue de Richelieu75002 PARIS+33 1 53 05 99 75 In Principo Lyon3 cours Charlemagne69003 LYON In Principo Hauts de FranceCampus AGROTECHSquare Eug\u00e8ne Thomas\u00a059780 Willems\u00a0 In Principo Laval(en cours) In Principo s\u2019appuie sur un\u2026","rel":"","context":"Article similaire","block_context":{"text":"Article similaire","link":""},"img":{"alt_text":"","src":"","width":0,"height":0},"classes":[]},{"id":1131,"url":"https:\/\/inprincipo2024.inprincipo.com\/index.php\/les-formations\/","url_meta":{"origin":867,"position":3},"title":"LES FORMATIONS","author":"In Principo","date":"15 octobre 2024","format":false,"excerpt":"LA M\u00c9THODE LES ACCOMPAGNEMENTS LES FORMATIONS LES PROGRAMMES In Principo en France www.inprincipo.com In Principo Paris60 rue de Richelieu75002 PARIS+33 1 53 05 99 75 In Principo Lyon3 cours Charlemagne69003 LYON In Principo Hauts de FranceCampus AGROTECHSquare Eug\u00e8ne Thomas\u00a059780 WILLEMS\u00a0 Depuis 2011, In Principo d\u00e9veloppe des formations \u00e0 destination de\u2026","rel":"","context":"Article similaire","block_context":{"text":"Article similaire","link":""},"img":{"alt_text":"","src":"https:\/\/i0.wp.com\/inprincipo2024.inprincipo.com\/wp-content\/uploads\/2025\/07\/250711-INPACADEMYA-Catalogue2025-ModulCubes-Couverture2.png?resize=350%2C200&ssl=1","width":350,"height":200,"srcset":"https:\/\/i0.wp.com\/inprincipo2024.inprincipo.com\/wp-content\/uploads\/2025\/07\/250711-INPACADEMYA-Catalogue2025-ModulCubes-Couverture2.png?resize=350%2C200&ssl=1 1x, https:\/\/i0.wp.com\/inprincipo2024.inprincipo.com\/wp-content\/uploads\/2025\/07\/250711-INPACADEMYA-Catalogue2025-ModulCubes-Couverture2.png?resize=525%2C300&ssl=1 1.5x, https:\/\/i0.wp.com\/inprincipo2024.inprincipo.com\/wp-content\/uploads\/2025\/07\/250711-INPACADEMYA-Catalogue2025-ModulCubes-Couverture2.png?resize=700%2C400&ssl=1 2x"},"classes":[]},{"id":1042,"url":"https:\/\/inprincipo2024.inprincipo.com\/index.php\/les-prestations\/","url_meta":{"origin":867,"position":4},"title":"LES PRESTATIONS","author":"In Principo","date":"9 octobre 2024","format":false,"excerpt":"LES \u00c9TAPES DE LA FACILITATION STRAT\u00c9GIQUE LES ACCOMPAGNEMENTS LES FORMATIONS LES PROGRAMMES In Principo en France www.inprincipo.com In Principo Paris60 rue de Richelieu75002 PARIS+33 1 53 05 99 75 In Principo Lyon3 cours Charlemagne69003 LYON In Principo Hauts de FranceCampus AGROTECHSquare Eug\u00e8ne Thomas\u00a059780 Willems\u00a0 In Principo Maine(en cours) Pour d\u00e9velopper\u2026","rel":"","context":"Article similaire","block_context":{"text":"Article similaire","link":""},"img":{"alt_text":"","src":"","width":0,"height":0},"classes":[]},{"id":1133,"url":"https:\/\/inprincipo2024.inprincipo.com\/index.php\/les-programmes\/","url_meta":{"origin":867,"position":5},"title":"LES PROGRAMMES","author":"In Principo","date":"15 octobre 2024","format":false,"excerpt":"LA M\u00c9THODE LES ACCOMPAGNEMENTS LES FORMATIONS LES PROGRAMMES In Principo en France www.inprincipo.com In Principo Paris60 rue de Richelieu75002 PARIS+33 1 53 05 99 75 In Principo Lyon3 cours Charlemagne69003 LYON In Principo Hauts de FranceCampus AGROTECHSquare Eug\u00e8ne Thomas\u00a059780 Willems\u00a0 In Principo Maine(en cours) Les Programmes de R\u00e9g\u00e9n\u00e9ration Continue\u00a0pour d\u00e9velopper\u2026","rel":"","context":"Article similaire","block_context":{"text":"Article similaire","link":""},"img":{"alt_text":"","src":"","width":0,"height":0},"classes":[]}],"jetpack_sharing_enabled":true,"_links":{"self":[{"href":"https:\/\/inprincipo2024.inprincipo.com\/index.php\/wp-json\/wp\/v2\/pages\/867","targetHints":{"allow":["GET"]}}],"collection":[{"href":"https:\/\/inprincipo2024.inprincipo.com\/index.php\/wp-json\/wp\/v2\/pages"}],"about":[{"href":"https:\/\/inprincipo2024.inprincipo.com\/index.php\/wp-json\/wp\/v2\/types\/page"}],"author":[{"embeddable":true,"href":"https:\/\/inprincipo2024.inprincipo.com\/index.php\/wp-json\/wp\/v2\/users\/1"}],"replies":[{"embeddable":true,"href":"https:\/\/inprincipo2024.inprincipo.com\/index.php\/wp-json\/wp\/v2\/comments?post=867"}],"version-history":[{"count":3,"href":"https:\/\/inprincipo2024.inprincipo.com\/index.php\/wp-json\/wp\/v2\/pages\/867\/revisions"}],"predecessor-version":[{"id":901,"href":"https:\/\/inprincipo2024.inprincipo.com\/index.php\/wp-json\/wp\/v2\/pages\/867\/revisions\/901"}],"wp:attachment":[{"href":"https:\/\/inprincipo2024.inprincipo.com\/index.php\/wp-json\/wp\/v2\/media?parent=867"}],"curies":[{"name":"wp","href":"https:\/\/api.w.org\/{rel}","templated":true}]}}