{"id":78,"date":"2024-09-07T11:53:31","date_gmt":"2024-09-07T09:53:31","guid":{"rendered":"http:\/\/inprincipo2024.inprincipo.com\/?page_id=78"},"modified":"2025-02-11T10:04:30","modified_gmt":"2025-02-11T09:04:30","slug":"lenergie","status":"publish","type":"page","link":"https:\/\/inprincipo2024.inprincipo.com\/index.php\/lenergie\/","title":{"rendered":"L&rsquo;\u00c9NERGIE"},"content":{"rendered":"\n<div class=\"wp-block-group has-ti-fg-alt-color has-text-color is-layout-flow wp-block-group-is-layout-flow\">\n<div class=\"wp-block-columns is-layout-flex wp-container-core-columns-is-layout-cf05694f wp-block-columns-is-layout-flex\">\n<div class=\"wp-block-column is-layout-flow wp-block-column-is-layout-flow\" style=\"flex-basis:35%\">\n<p>L\u2019\u00e9nergie\u2026 On a tous une d\u00e9finition plus ou moins vague (ou pr\u00e9cise) du terme. Celle qu\u2019on a le matin (avant ou apr\u00e8s son caf\u00e9, c\u2019est selon), celle de nos voitures, la verte, la fossile, la renouvelable, la propre, la solaire, l\u2019\u00e9olienne, l\u2019hydraulique\u2026<\/p>\n\n\n\n<p>Et puis il y a celle qu\u2019on trouve en arrivant dans son entreprise. Haute, basse, entre les deux, \u00e7a-d\u00e9pend-des-jours.&nbsp;&nbsp;Elle est parfois tellement fragile que les \u00e9quipes sont en questionnement permanent, voire m\u00eame en souffrance.<\/p>\n\n\n\n<p>Alors on organise un s\u00e9minaire. Ou deux. Le lieu est superbe et la piscine chauff\u00e9e. On bosse sur des feuilles de route et on fait du kart. Tout le monde rentre crev\u00e9, l\u2019\u00e9nergie du \u00eatre-ensemble se dissipe rapidement dans les urgences du jour.<\/p>\n<\/div>\n\n\n\n<div class=\"wp-block-column is-layout-flow wp-block-column-is-layout-flow\" style=\"flex-basis:35%\">\n<p>Parce qu\u2019il ne suffit pas d\u2019\u00eatre-ensemble pour faire collectif. Pour fabriquer, cr\u00e9er le collectif. Pour lui donner un \u00e9lan, une dynamique, une ambition, une confiance. Pour g\u00e9n\u00e9rer une \u00e9nergie authentique, profonde, p\u00e9renne.<\/p>\n\n\n\n<p>Et cr\u00e9er ce collectif, c\u2019est notre m\u00e9tier. Notre singularit\u00e9 chez In Principo, c\u2019est d\u2019avoir\u00a0mod\u00e9lis\u00e9 nos interventions en\u00a0deux dimensions : humaine et m\u00e9tier. Nous commen\u00e7ons par mettre le collectif en confiance de lui-m\u00eame. Puis nous le faisons travailler sur ses forces vitales. Pour enfin le souder autour d\u2019une ambition qui sera devenue commune. \u00catre, faire, devenir, c\u2019est cette approche (que nous appelons circulaire) qui permet de g\u00e9n\u00e9rer une \u00e9nergie collective durable.<\/p>\n<\/div>\n\n\n\n<div class=\"wp-block-column is-layout-flow wp-block-column-is-layout-flow\" style=\"flex-basis:30%\"><\/div>\n<\/div>\n<\/div>\n\n\n\n<div style=\"height:100px\" aria-hidden=\"true\" class=\"wp-block-spacer\"><\/div>\n\n\n\n<div class=\"wp-block-group alignwide is-layout-flow wp-block-group-is-layout-flow\">\n<div class=\"wp-block-media-text has-media-on-the-right is-stacked-on-mobile has-ti-bg-background-color has-background\" style=\"grid-template-columns:auto 25%\"><div class=\"wp-block-media-text__content\">\n<h3 class=\"wp-block-heading has-ti-accent-color has-text-color has-link-color wp-elements-a25d3e123808f4b74678f7aaff1073ee\" style=\"line-height:1\">R\u00e9ussir une fusion par et pour l\u2019\u00e9nergie collaborative<\/h3>\n\n\n\n<p class=\"has-ti-accent-color has-text-color has-link-color has-small-font-size wp-elements-8461254db01d7f422130c81f9180f54c\">\u00ab&nbsp;L\u2019agilit\u00e9 ne se d\u00e9cr\u00e8te pas, elle se suscite de l\u2019int\u00e9rieur de l\u2019organisation&nbsp;\u00bb.&nbsp;&nbsp;C\u2019est en accrochant sur cette phrase d\u2019un de nos posts de 2007 et reprise sur Wikipedia dans l\u2019article \u00ab&nbsp;le management agile&nbsp;\u00bb que le responsable de la transformation du Cr\u00e9dit Agricole Normandie prend contact avec In Principo. Le sujet&nbsp;? R\u00e9unir en un m\u00eame si\u00e8ge \u00e0 Caen, 700 collaborateurs alors r\u00e9partis en 3 si\u00e8ges locaux dans la perspective de renforcer leurs capacit\u00e9s collaboratives.<\/p>\n\n\n\n<p class=\"has-ti-accent-color has-text-color has-link-color has-small-font-size wp-elements-364dcce5b302eee0ba2f987c85963512\"><em><a href=\"http:\/\/inprincipo2024.inprincipo.com\/index.php\/credit-agricole-normandie\/\" data-type=\"page\" data-id=\"325\">Lire la suite<\/a><\/em><\/p>\n<\/div><figure class=\"wp-block-media-text__media\"><img data-recalc-dims=\"1\" loading=\"lazy\" decoding=\"async\" width=\"600\" height=\"600\" src=\"https:\/\/i0.wp.com\/inprincipo2024.inprincipo.com\/wp-content\/uploads\/2024\/09\/INP-StudyCase-CA-Normandie-600x600-1.png?resize=600%2C600\" alt=\"\" class=\"wp-image-131 size-full\" srcset=\"https:\/\/i0.wp.com\/inprincipo2024.inprincipo.com\/wp-content\/uploads\/2024\/09\/INP-StudyCase-CA-Normandie-600x600-1.png?w=600&amp;ssl=1 600w, https:\/\/i0.wp.com\/inprincipo2024.inprincipo.com\/wp-content\/uploads\/2024\/09\/INP-StudyCase-CA-Normandie-600x600-1.png?resize=300%2C300&amp;ssl=1 300w, https:\/\/i0.wp.com\/inprincipo2024.inprincipo.com\/wp-content\/uploads\/2024\/09\/INP-StudyCase-CA-Normandie-600x600-1.png?resize=150%2C150&amp;ssl=1 150w\" sizes=\"auto, (max-width: 600px) 100vw, 600px\" \/><\/figure><\/div>\n<\/div>\n\n\n\n<div style=\"height:100px\" aria-hidden=\"true\" class=\"wp-block-spacer\"><\/div>\n\n\n\n<div class=\"wp-block-group has-ti-bg-background-color has-background is-layout-constrained wp-block-group-is-layout-constrained\"><\/div>\n\n\n\n<div class=\"wp-block-group alignwide has-ti-bg-background-color has-background is-layout-constrained wp-block-group-is-layout-constrained\">\n<div class=\"wp-block-columns alignfull is-layout-flex wp-container-core-columns-is-layout-28f84493 wp-block-columns-is-layout-flex\">\n<div class=\"wp-block-column is-layout-flow wp-block-column-is-layout-flow\">\n<h2 class=\"wp-block-heading\">L&rsquo;\u00c9TUDE DE CAS<\/h2>\n\n\n\n<figure class=\"wp-block-image size-full\"><img data-recalc-dims=\"1\" loading=\"lazy\" decoding=\"async\" width=\"600\" height=\"600\" src=\"https:\/\/i0.wp.com\/inprincipo2024.inprincipo.com\/wp-content\/uploads\/2024\/09\/INP-StudyCase-CA-Normandie-600x600-1.png?resize=600%2C600\" alt=\"\" class=\"wp-image-131\" style=\"aspect-ratio:1;object-fit:cover\" srcset=\"https:\/\/i0.wp.com\/inprincipo2024.inprincipo.com\/wp-content\/uploads\/2024\/09\/INP-StudyCase-CA-Normandie-600x600-1.png?w=600&amp;ssl=1 600w, https:\/\/i0.wp.com\/inprincipo2024.inprincipo.com\/wp-content\/uploads\/2024\/09\/INP-StudyCase-CA-Normandie-600x600-1.png?resize=300%2C300&amp;ssl=1 300w, https:\/\/i0.wp.com\/inprincipo2024.inprincipo.com\/wp-content\/uploads\/2024\/09\/INP-StudyCase-CA-Normandie-600x600-1.png?resize=150%2C150&amp;ssl=1 150w\" sizes=\"auto, (max-width: 600px) 100vw, 600px\" \/><\/figure>\n\n\n\n<h2 class=\"wp-block-heading has-ti-accent-color has-text-color has-link-color wp-elements-1fde5952f4cb1b873b1a5f702340b7ad\" style=\"line-height:1\">CR\u00c9DIT AGRICOLE NORMANDIE<\/h2>\n<\/div>\n\n\n\n<div class=\"wp-block-column is-layout-flow wp-block-column-is-layout-flow\"><\/div>\n<\/div>\n\n\n\n<h2 class=\"wp-block-heading\">POUR ALLER PLUS LOIN<\/h2>\n\n\n\n<div class=\"wp-block-media-text is-stacked-on-mobile has-ti-bg-background-color has-background\" style=\"grid-template-columns:25% auto\"><figure class=\"wp-block-media-text__media\"><img data-recalc-dims=\"1\" loading=\"lazy\" decoding=\"async\" width=\"600\" height=\"600\" src=\"https:\/\/i0.wp.com\/inprincipo2024.inprincipo.com\/wp-content\/uploads\/2024\/09\/INP-Energie-600x600-1.png?resize=600%2C600\" alt=\"\" class=\"wp-image-99 size-full\" srcset=\"https:\/\/i0.wp.com\/inprincipo2024.inprincipo.com\/wp-content\/uploads\/2024\/09\/INP-Energie-600x600-1.png?w=600&amp;ssl=1 600w, https:\/\/i0.wp.com\/inprincipo2024.inprincipo.com\/wp-content\/uploads\/2024\/09\/INP-Energie-600x600-1.png?resize=300%2C300&amp;ssl=1 300w, https:\/\/i0.wp.com\/inprincipo2024.inprincipo.com\/wp-content\/uploads\/2024\/09\/INP-Energie-600x600-1.png?resize=150%2C150&amp;ssl=1 150w\" sizes=\"auto, (max-width: 600px) 100vw, 600px\" \/><\/figure><div class=\"wp-block-media-text__content\">\n<h2 class=\"wp-block-heading has-ti-accent-color has-text-color has-link-color wp-elements-6528c2a42c949135c98d64f911a66cb3\">L\u2019\u00e9nergie, pourquoi c&rsquo;est devenu un vrai sujet\u2026&nbsp;<\/h2>\n\n\n\n<p class=\"has-ti-accent-color has-text-color has-link-color has-small-font-size wp-elements-14ea652b9ef5e5e788d52025fbf35208\">Si l\u2019\u00e9nergie humaine \u2013 individuelle ou collective \u2013 nous para\u00eet aujourd\u2019hui un d\u00e9terminant \u00e9vident de la performance d\u2019une organisation, celle-ci est rarement trait\u00e9e comme un v\u00e9ritable enjeu&nbsp;: \u00ab&nbsp;ce n\u2019est pas un sujet de direction&nbsp;\u00bb, \u00ab&nbsp;chez nous l\u2019\u00e9nergie n\u2019est pas outill\u00e9e, ce n\u2019est pas un sujet de management&nbsp;\u00bb. R\u00e9sultat&nbsp;: nombre d\u2019\u00e9quipes traversent des phases de creux d\u2019\u00e9nergie, nombreux sont les managers et les collaborateurs qui se d\u00e9mobilisent.<\/p>\n\n\n\n<p class=\"has-ti-accent-color has-text-color has-link-color has-small-font-size wp-elements-2ea1dbf2d53c849d347d999a9354fa11\"><em><a href=\"http:\/\/inprincipo2024.inprincipo.com\/index.php\/lenergie-pourquoi-cest-devenu-un-vrai-sujet\/\">Lire la suite<\/a><\/em><\/p>\n<\/div><\/div>\n<\/div>\n","protected":false},"excerpt":{"rendered":"<p>L\u2019\u00e9nergie\u2026 On a tous une d\u00e9finition plus ou moins vague (ou pr\u00e9cise) du terme. Celle qu\u2019on a le matin (avant ou apr\u00e8s son caf\u00e9, c\u2019est selon), celle de nos voitures, la verte, la fossile, la renouvelable, la propre, la solaire, l\u2019\u00e9olienne, l\u2019hydraulique\u2026 Et puis il y a celle qu\u2019on trouve en arrivant dans son entreprise. [&hellip;]<\/p>\n","protected":false},"author":1,"featured_media":75,"parent":0,"menu_order":0,"comment_status":"closed","ping_status":"closed","template":"wp-custom-template-page-rubrique","meta":{"_themeisle_gutenberg_block_has_review":false,"footnotes":""},"class_list":["post-78","page","type-page","status-publish","has-post-thumbnail","hentry"],"jetpack-related-posts":[{"id":337,"url":"https:\/\/inprincipo2024.inprincipo.com\/index.php\/lenergie-pourquoi-cest-devenu-un-vrai-sujet\/","url_meta":{"origin":78,"position":0},"title":"L\u2019\u00e9nergie, pourquoi c&rsquo;est un sujet crucial\u2026\u00a0","author":"In Principo","date":"10 septembre 2024","format":false,"excerpt":"Si l\u2019\u00e9nergie humaine, nous para\u00eet aujourd\u2019hui une capacit\u00e9 collective d\u00e9terminante, celle-ci est rarement trait\u00e9e comme un v\u00e9ritable enjeu\u00a0: \u00ab\u00a0ce n\u2019est pas un sujet de la direction\u00a0\u00bb. R\u00e9sultat\u00a0: nombreux sont les collaborateurs qui se d\u00e9mobilisent. Car l\u2019\u00e9nergie permet de faire la pleine diff\u00e9rence dans un environnement challeng\u00e9, \u00e9prouvant. L\u2019\u00e9nergie est ce\u2026","rel":"","context":"Article similaire","block_context":{"text":"Article similaire","link":""},"img":{"alt_text":"","src":"https:\/\/i0.wp.com\/inprincipo2024.inprincipo.com\/wp-content\/uploads\/2025\/03\/Bateau-energie-Horizontal-1-scaled.jpg?resize=350%2C200&ssl=1","width":350,"height":200,"srcset":"https:\/\/i0.wp.com\/inprincipo2024.inprincipo.com\/wp-content\/uploads\/2025\/03\/Bateau-energie-Horizontal-1-scaled.jpg?resize=350%2C200&ssl=1 1x, https:\/\/i0.wp.com\/inprincipo2024.inprincipo.com\/wp-content\/uploads\/2025\/03\/Bateau-energie-Horizontal-1-scaled.jpg?resize=525%2C300&ssl=1 1.5x, https:\/\/i0.wp.com\/inprincipo2024.inprincipo.com\/wp-content\/uploads\/2025\/03\/Bateau-energie-Horizontal-1-scaled.jpg?resize=700%2C400&ssl=1 2x, https:\/\/i0.wp.com\/inprincipo2024.inprincipo.com\/wp-content\/uploads\/2025\/03\/Bateau-energie-Horizontal-1-scaled.jpg?resize=1050%2C600&ssl=1 3x, https:\/\/i0.wp.com\/inprincipo2024.inprincipo.com\/wp-content\/uploads\/2025\/03\/Bateau-energie-Horizontal-1-scaled.jpg?resize=1400%2C800&ssl=1 4x"},"classes":[]},{"id":2075,"url":"https:\/\/inprincipo2024.inprincipo.com\/index.php\/management-lessence-de-la-puissance-de-chaque-organisation\/","url_meta":{"origin":78,"position":1},"title":"R\u00e9g\u00e9n\u00e9rer l&rsquo;\u00e9nergie du collectif en continu","author":"Olivier Reaud","date":"5 mars 2025","format":false,"excerpt":"Depuis Gary Hamel et son best-seller \u00ab\u00a0la fin du management\u00a0\u00bb (2001), le sujet a \u00e9t\u00e9 brocard\u00e9, challeng\u00e9, r\u00e9invent\u00e9 de multiples fois. O\u00f9 en est-on en 2025\u00a0? La confusion r\u00e8gne parce que de nombreuses d\u00e9finitions et exp\u00e9riences se superposent. Parce qu\u2019il reste encore du XXe si\u00e8cle, l\u2019id\u00e9e qu\u2019il existerait pour une\u2026","rel":"","context":"Article similaire","block_context":{"text":"Article similaire","link":""},"img":{"alt_text":"","src":"","width":0,"height":0},"classes":[]},{"id":525,"url":"https:\/\/inprincipo2024.inprincipo.com\/index.php\/des-transformations-epuisantes-aux-transformations-regeneratrices\/","url_meta":{"origin":78,"position":2},"title":"Des transformations \u00e9puisantes\u00a0aux transformations r\u00e9g\u00e9n\u00e9ratrices\u00a0","author":"In Principo","date":"17 septembre 2024","format":false,"excerpt":"Transformation\u00a0? Un mot aujourd\u2019hui devenu synonyme d\u2019\u00e9puisement collectif, de contraintes, d\u2019injonctions. Combien de fois les espoirs initiaux engendrent l\u2019inverse du but recherch\u00e9\u00a0? Trop souvent la transformation ne touche qu\u2019aux proc\u00e9d\u00e9s et pas aux capacit\u00e9s, aux normes et non au vivant, \u00e0 ce qui contraint et non \u00e0 ce qui mobilise\u2026","rel":"","context":"Article similaire","block_context":{"text":"Article similaire","link":""},"img":{"alt_text":"","src":"","width":0,"height":0},"classes":[]},{"id":349,"url":"https:\/\/inprincipo2024.inprincipo.com\/index.php\/passer-le-mur-du-sens-pour-reinventer-la-performance\/","url_meta":{"origin":78,"position":3},"title":"Cap sur la r\u00e9g\u00e9n\u00e9ration strat\u00e9gique","author":"In Principo","date":"10 septembre 2024","format":false,"excerpt":"Transformation\u00a0? Un mot devenu synonyme d\u2019\u00e9puisement collectif, de contraintes, d\u2019injonctions. Combien de fois les espoirs initiaux engendrent l\u2019inverse du but recherch\u00e9\u00a0? Trop souvent la transformation ne touche qu\u2019aux proc\u00e9d\u00e9s et pas aux capacit\u00e9s, aux normes et non au vivant, \u00e0 ce qui contraint et non \u00e0 ce qui mobilise l\u2019\u00e9nergie,\u2026","rel":"","context":"Article similaire","block_context":{"text":"Article similaire","link":""},"img":{"alt_text":"","src":"","width":0,"height":0},"classes":[]},{"id":1115,"url":"https:\/\/inprincipo2024.inprincipo.com\/index.php\/les-dynamiques-collaboratives\/","url_meta":{"origin":78,"position":4},"title":"LES DYNAMIQUES COLLABORATIVES","author":"In Principo","date":"15 octobre 2024","format":false,"excerpt":"LA FACILITATION STRAT\u00c9GIQUE TRANSITIONS, INCERTITUDES, TURBULENCES LES DYNAMIQUES COLLABORATIVES In Principo en France www.inprincipo.com In Principo Paris60 rue de Richelieu75002 PARIS+33 1 53 05 99 75 In Principo Lyon3 cours Charlemagne69003 LYON In Principo Hauts de FranceCampus AGROTECHSquare Eug\u00e8ne Thomas\u00a059780 Willems\u00a0 In Principo Maine(en cours) Dans un monde marqu\u00e9 par\u2026","rel":"","context":"Article similaire","block_context":{"text":"Article similaire","link":""},"img":{"alt_text":"","src":"https:\/\/i0.wp.com\/inprincipo2024.inprincipo.com\/wp-content\/uploads\/2025\/03\/Dynamique-Collaborative-by-In-Principo.png?resize=350%2C200&ssl=1","width":350,"height":200,"srcset":"https:\/\/i0.wp.com\/inprincipo2024.inprincipo.com\/wp-content\/uploads\/2025\/03\/Dynamique-Collaborative-by-In-Principo.png?resize=350%2C200&ssl=1 1x, https:\/\/i0.wp.com\/inprincipo2024.inprincipo.com\/wp-content\/uploads\/2025\/03\/Dynamique-Collaborative-by-In-Principo.png?resize=525%2C300&ssl=1 1.5x, https:\/\/i0.wp.com\/inprincipo2024.inprincipo.com\/wp-content\/uploads\/2025\/03\/Dynamique-Collaborative-by-In-Principo.png?resize=700%2C400&ssl=1 2x, https:\/\/i0.wp.com\/inprincipo2024.inprincipo.com\/wp-content\/uploads\/2025\/03\/Dynamique-Collaborative-by-In-Principo.png?resize=1050%2C600&ssl=1 3x"},"classes":[]},{"id":361,"url":"https:\/\/inprincipo2024.inprincipo.com\/index.php\/distributeur-francais\/","url_meta":{"origin":78,"position":5},"title":"\u00c9TUDE DE CAS : DISTRIBUTEUR FRAN\u00c7AIS","author":"In Principo","date":"10 septembre 2024","format":false,"excerpt":"Transformer la culture manag\u00e9riale op\u00e9rationnelle par un parcours de formation r\u00e9g\u00e9n\u00e9rant et transformant\u00a0 Comme tous les distributeurs, cette Enseigne a \u00e9t\u00e9 impact\u00e9e par les multiples \u00e9volutions de son m\u00e9tier et de la soci\u00e9t\u00e9 puis par les turbulences dans lesquelles nous vivons aujourd\u2019hui.\u2026 Mais ce distributeur ne r\u00e9agit pas comme les\u2026","rel":"","context":"Article similaire","block_context":{"text":"Article similaire","link":""},"img":{"alt_text":"","src":"","width":0,"height":0},"classes":[]}],"jetpack_sharing_enabled":true,"_links":{"self":[{"href":"https:\/\/inprincipo2024.inprincipo.com\/index.php\/wp-json\/wp\/v2\/pages\/78","targetHints":{"allow":["GET"]}}],"collection":[{"href":"https:\/\/inprincipo2024.inprincipo.com\/index.php\/wp-json\/wp\/v2\/pages"}],"about":[{"href":"https:\/\/inprincipo2024.inprincipo.com\/index.php\/wp-json\/wp\/v2\/types\/page"}],"author":[{"embeddable":true,"href":"https:\/\/inprincipo2024.inprincipo.com\/index.php\/wp-json\/wp\/v2\/users\/1"}],"replies":[{"embeddable":true,"href":"https:\/\/inprincipo2024.inprincipo.com\/index.php\/wp-json\/wp\/v2\/comments?post=78"}],"version-history":[{"count":30,"href":"https:\/\/inprincipo2024.inprincipo.com\/index.php\/wp-json\/wp\/v2\/pages\/78\/revisions"}],"predecessor-version":[{"id":1826,"href":"https:\/\/inprincipo2024.inprincipo.com\/index.php\/wp-json\/wp\/v2\/pages\/78\/revisions\/1826"}],"wp:featuredmedia":[{"embeddable":true,"href":"https:\/\/inprincipo2024.inprincipo.com\/index.php\/wp-json\/wp\/v2\/media\/75"}],"wp:attachment":[{"href":"https:\/\/inprincipo2024.inprincipo.com\/index.php\/wp-json\/wp\/v2\/media?parent=78"}],"curies":[{"name":"wp","href":"https:\/\/api.w.org\/{rel}","templated":true}]}}