{"id":7158,"date":"2025-11-04T19:12:39","date_gmt":"2025-11-04T18:12:39","guid":{"rendered":"https:\/\/inprincipo2024.inprincipo.com\/?page_id=7158"},"modified":"2025-11-04T19:15:19","modified_gmt":"2025-11-04T18:15:19","slug":"formation-edgy-103-guider-une-equipe-dans-la-lecture-dune-organisation-avec-edgy","status":"publish","type":"page","link":"https:\/\/inprincipo2024.inprincipo.com\/index.php\/formation-edgy-103-guider-une-equipe-dans-la-lecture-dune-organisation-avec-edgy\/","title":{"rendered":"Formation EDGY #103 \u00ab\u00a0Guider une \u00e9quipe dans la lecture d&rsquo;une organisation avec EDGY\u00a0\u00bb"},"content":{"rendered":"\n<p><\/p>\n\n\n\n<figure class=\"wp-block-image size-large\"><img data-recalc-dims=\"1\" loading=\"lazy\" decoding=\"async\" width=\"1024\" height=\"483\" src=\"https:\/\/i0.wp.com\/inprincipo2024.inprincipo.com\/wp-content\/uploads\/2025\/11\/Cartouche-EDGY103-V4.png?resize=1024%2C483&#038;ssl=1\" alt=\"\" class=\"wp-image-7159\" srcset=\"https:\/\/i0.wp.com\/inprincipo2024.inprincipo.com\/wp-content\/uploads\/2025\/11\/Cartouche-EDGY103-V4.png?resize=1024%2C483&amp;ssl=1 1024w, https:\/\/i0.wp.com\/inprincipo2024.inprincipo.com\/wp-content\/uploads\/2025\/11\/Cartouche-EDGY103-V4.png?resize=300%2C141&amp;ssl=1 300w, https:\/\/i0.wp.com\/inprincipo2024.inprincipo.com\/wp-content\/uploads\/2025\/11\/Cartouche-EDGY103-V4.png?resize=768%2C362&amp;ssl=1 768w, https:\/\/i0.wp.com\/inprincipo2024.inprincipo.com\/wp-content\/uploads\/2025\/11\/Cartouche-EDGY103-V4.png?w=1275&amp;ssl=1 1275w\" sizes=\"auto, (max-width: 1000px) 100vw, 1000px\" \/><\/figure>\n\n\n\n<p class=\"has-poppins-font-family\" style=\"font-size:clamp(0.875rem, 0.875rem + ((1vw - 0.2rem) * 0.634), 1.2rem);font-style:normal;font-weight:600;letter-spacing:1%\"><strong><strong>Comment faire d\u2019EDGY un outil d\u2019engagement dans la dur\u00e9e ?<\/strong><\/strong><\/p>\n\n\n\n<div id=\"wp-block-themeisle-blocks-advanced-columns-6f7e9ffe\" class=\"wp-block-themeisle-blocks-advanced-columns has-2-columns has-desktop-twoOne-layout has-tablet-equal-layout has-mobile-collapsedRows-layout has-vertical-unset\"><div class=\"wp-block-themeisle-blocks-advanced-columns-overlay\"><\/div><div class=\"innerblocks-wrap\">\n<div id=\"wp-block-themeisle-blocks-advanced-column-c5d9ef3b\" class=\"wp-block-themeisle-blocks-advanced-column\">\n<p class=\"has-poppins-font-family\" style=\"font-size:clamp(0.875rem, 0.875rem + ((1vw - 0.2rem) * 0.244), 1rem);font-style:normal;font-weight:300;letter-spacing:1%\"><strong>Cette formation enseigne comment utiliser EDGY comme support de collaboration pour aider une \u00e9quipe \u00e0 comprendre son organisation et ses dynamiques internes.<\/strong><\/p>\n\n\n\n<p class=\"has-poppins-font-family\" style=\"font-size:clamp(0.875rem, 0.875rem + ((1vw - 0.2rem) * 0.244), 1rem);font-style:normal;font-weight:300;letter-spacing:1%\">Les participants apprennent \u00e0 structurer un dialogue collectif, \u00e0 relier les points de vue et \u00e0 faire \u00e9merger une compr\u00e9hension partag\u00e9e des r\u00e9alit\u00e9s de l\u2019entreprise.<\/p>\n\n\n\n<p class=\"has-poppins-font-family\" style=\"font-size:clamp(0.875rem, 0.875rem + ((1vw - 0.2rem) * 0.244), 1rem);font-style:normal;font-weight:300;letter-spacing:1%\">Aucune formation pr\u00e9alable n\u2019est requise : le mod\u00e8le EDGY est r\u00e9introduit en d\u00e9but de parcours, afin de poser les bases n\u00e9cessaires \u00e0 la lecture collective.<\/p>\n\n\n\n<p class=\"has-poppins-font-family\" style=\"font-size:clamp(0.875rem, 0.875rem + ((1vw - 0.2rem) * 0.244), 1rem);font-style:normal;font-weight:300;letter-spacing:1%\">L\u2019objectif n\u2019est pas de ma\u00eetriser le mod\u00e8le en profondeur, mais d\u2019apprendre \u00e0 s\u2019en servir comme outil de facilitation, de management et de r\u00e9flexion d\u2019\u00e9quipe.<\/p>\n\n\n\n<p class=\"has-poppins-font-family\" style=\"font-size:clamp(0.875rem, 0.875rem + ((1vw - 0.2rem) * 0.244), 1rem);font-style:normal;font-weight:300;letter-spacing:1%\">Cette formation alterne apports conceptuels, \u00e9tudes de cas et ateliers pratiques pour d\u00e9velopper la posture et les r\u00e9flexes d\u2019un accompagnant collectif..<\/p>\n\n\n\n<p class=\"has-poppins-font-family\" style=\"font-size:clamp(0.875rem, 0.875rem + ((1vw - 0.2rem) * 0.634), 1.2rem);font-style:normal;font-weight:600;letter-spacing:1%\"><strong>Publics vis\u00e9s<\/strong><\/p>\n\n\n\n<p class=\"has-poppins-font-family\" style=\"font-size:clamp(0.875rem, 0.875rem + ((1vw - 0.2rem) * 0.244), 1rem);font-style:normal;font-weight:300;letter-spacing:1%\">Facilitateurs internes, chefs de projet, managers, dirigeants<\/p>\n\n\n\n<p class=\"has-poppins-font-family\" style=\"font-size:clamp(0.875rem, 0.875rem + ((1vw - 0.2rem) * 0.634), 1.2rem);font-style:normal;font-weight:600;letter-spacing:1%\">Objectifs<\/p>\n\n\n\n<ul class=\"wp-block-list\">\n<li class=\"has-poppins-font-family\" style=\"font-size:clamp(0.875rem, 0.875rem + ((1vw - 0.2rem) * 0.244), 1rem);font-style:normal;font-weight:400;letter-spacing:1%\">D\u00e9couvrir comment utiliser EDGY comme outil de lecture et de dialogue collectif autour des r\u00e9alit\u00e9s d\u2019une organisation.<\/li>\n\n\n\n<li class=\"has-poppins-font-family\" style=\"font-size:clamp(0.875rem, 0.875rem + ((1vw - 0.2rem) * 0.244), 1rem);font-style:normal;font-weight:400;letter-spacing:1%\">Apprendre \u00e0 structurer une discussion d\u2019\u00e9quipe pour faire \u00e9merger une compr\u00e9hension partag\u00e9e.<\/li>\n\n\n\n<li class=\"has-poppins-font-family\" style=\"font-size:clamp(0.875rem, 0.875rem + ((1vw - 0.2rem) * 0.244), 1rem);font-style:normal;font-weight:400;letter-spacing:1%\">Guider un groupe dans l\u2019observation des interactions, tensions et compl\u00e9mentarit\u00e9s au sein d\u2019une organisation.<\/li>\n\n\n\n<li class=\"has-poppins-font-family\" style=\"font-size:clamp(0.875rem, 0.875rem + ((1vw - 0.2rem) * 0.244), 1rem);font-style:normal;font-weight:400;letter-spacing:1%\">D\u00e9velopper les r\u00e9flexes d\u2019un accompagnant capable de relier les points de vue et de favoriser la collaboration.<\/li>\n<\/ul>\n<\/div>\n\n\n\n<div id=\"wp-block-themeisle-blocks-advanced-column-06f8b67b\" class=\"wp-block-themeisle-blocks-advanced-column\">\n<p class=\"has-poppins-font-family\" style=\"font-size:clamp(0.875rem, 0.875rem + ((1vw - 0.2rem) * 0.244), 1rem);font-style:normal;font-weight:500;letter-spacing:1%\">Fiche Formation EDGY#101<\/p>\n\n\n\n<figure class=\"wp-block-image size-large\"><a href=\"https:\/\/inprincipo2024.inprincipo.com\/wp-content\/uploads\/2025\/11\/251104-INPACADEMYA-Catalogue2025-RevolutionEDGY103-Guider.pdf\"><img data-recalc-dims=\"1\" loading=\"lazy\" decoding=\"async\" width=\"704\" height=\"1024\" src=\"https:\/\/i0.wp.com\/inprincipo2024.inprincipo.com\/wp-content\/uploads\/2025\/11\/Revolution-EDGY-103-Fiche-Image.png?resize=704%2C1024&#038;ssl=1\" alt=\"\" class=\"wp-image-7160\" srcset=\"https:\/\/i0.wp.com\/inprincipo2024.inprincipo.com\/wp-content\/uploads\/2025\/11\/Revolution-EDGY-103-Fiche-Image.png?resize=704%2C1024&amp;ssl=1 704w, https:\/\/i0.wp.com\/inprincipo2024.inprincipo.com\/wp-content\/uploads\/2025\/11\/Revolution-EDGY-103-Fiche-Image.png?resize=206%2C300&amp;ssl=1 206w, https:\/\/i0.wp.com\/inprincipo2024.inprincipo.com\/wp-content\/uploads\/2025\/11\/Revolution-EDGY-103-Fiche-Image.png?resize=768%2C1118&amp;ssl=1 768w, https:\/\/i0.wp.com\/inprincipo2024.inprincipo.com\/wp-content\/uploads\/2025\/11\/Revolution-EDGY-103-Fiche-Image.png?w=951&amp;ssl=1 951w\" sizes=\"auto, (max-width: 704px) 100vw, 704px\" \/><\/a><\/figure>\n\n\n\n<p class=\"has-text-align-center has-poppins-font-family\" style=\"font-size:0.7rem;font-style:normal;font-weight:300;letter-spacing:1%\"><a href=\"https:\/\/inprincipo2024.inprincipo.com\/wp-content\/uploads\/2025\/11\/251104-INPACADEMYA-Catalogue2025-RevolutionEDGY103-Guider.pdf\">T\u00e9l\u00e9chargez la Fiche Formation EDGY#103<\/a><\/p>\n\n\n\n<p class=\"has-poppins-font-family\" style=\"font-size:clamp(0.875rem, 0.875rem + ((1vw - 0.2rem) * 0.244), 1rem);font-style:normal;font-weight:600;letter-spacing:1%\">Calendrier de formation propos\u00e9es 1er semestre 2026<\/p>\n\n\n\n<figure class=\"wp-block-image size-large\"><a href=\"https:\/\/i0.wp.com\/inprincipo2024.inprincipo.com\/wp-content\/uploads\/2025\/11\/Revolution-EDGY-103-Fiche-Calendrier.png?ssl=1\"><img data-recalc-dims=\"1\" loading=\"lazy\" decoding=\"async\" width=\"707\" height=\"1024\" src=\"https:\/\/i0.wp.com\/inprincipo2024.inprincipo.com\/wp-content\/uploads\/2025\/11\/Revolution-EDGY-103-Fiche-Calendrier-1.png?resize=707%2C1024&#038;ssl=1\" alt=\"\" class=\"wp-image-7161\" srcset=\"https:\/\/i0.wp.com\/inprincipo2024.inprincipo.com\/wp-content\/uploads\/2025\/11\/Revolution-EDGY-103-Fiche-Calendrier-1.png?resize=707%2C1024&amp;ssl=1 707w, https:\/\/i0.wp.com\/inprincipo2024.inprincipo.com\/wp-content\/uploads\/2025\/11\/Revolution-EDGY-103-Fiche-Calendrier-1.png?resize=207%2C300&amp;ssl=1 207w, https:\/\/i0.wp.com\/inprincipo2024.inprincipo.com\/wp-content\/uploads\/2025\/11\/Revolution-EDGY-103-Fiche-Calendrier-1.png?resize=768%2C1113&amp;ssl=1 768w, https:\/\/i0.wp.com\/inprincipo2024.inprincipo.com\/wp-content\/uploads\/2025\/11\/Revolution-EDGY-103-Fiche-Calendrier-1.png?w=956&amp;ssl=1 956w\" sizes=\"auto, (max-width: 707px) 100vw, 707px\" \/><\/a><\/figure>\n\n\n\n<p class=\"has-text-align-center has-poppins-font-family\" style=\"font-size:0.7rem;font-style:normal;font-weight:300;letter-spacing:1%\"><a href=\"https:\/\/inprincipo2024.inprincipo.com\/wp-content\/uploads\/2025\/11\/Revolution-EDGY-103-Fiche-Calendrier.png\">T\u00e9l\u00e9chargez le calendrier des formations EDGY#103 du 1er semestre 2026<\/a><\/p>\n<\/div>\n<\/div><\/div>\n\n\n\n<div id=\"wp-block-themeisle-blocks-advanced-columns-87ede5ad\" class=\"wp-block-themeisle-blocks-advanced-columns has-1-columns has-desktop-equal-layout has-tablet-equal-layout has-mobile-equal-layout has-vertical-unset\"><div class=\"wp-block-themeisle-blocks-advanced-columns-overlay\"><\/div><div class=\"innerblocks-wrap\">\n<div id=\"wp-block-themeisle-blocks-advanced-column-62fd996c\" class=\"wp-block-themeisle-blocks-advanced-column\"><\/div>\n<\/div><\/div>\n\n\n\n<p class=\"has-poppins-font-family\" style=\"font-size:clamp(0.875rem, 0.875rem + ((1vw - 0.2rem) * 0.244), 1rem);font-style:normal;font-weight:300;letter-spacing:1%\"><\/p>\n\n\n\n<p class=\"has-poppins-font-family\" style=\"font-size:clamp(0.875rem, 0.875rem + ((1vw - 0.2rem) * 0.634), 1.2rem);font-style:normal;font-weight:500;letter-spacing:1%\">Inscrivez-vous <br>\u00e0 l&rsquo;une de nos prochaines sessions \u00ab\u00a0Open In Principo Academy\u00a0\u00bb<\/p>\n\n\n\n<p class=\"has-poppins-font-family\" style=\"font-size:clamp(0.875rem, 0.875rem + ((1vw - 0.2rem) * 0.244), 1rem);font-style:normal;font-weight:300;letter-spacing:1%\">(s\u00e9lectionnez la date qui vous convient et r\u00e9server directement en ligne)<\/p>\n\n\n\n<div id=\"wp-block-themeisle-blocks-advanced-columns-29290bfb\" class=\"wp-block-themeisle-blocks-advanced-columns has-4-columns has-desktop-equal-layout has-tablet-equal-layout has-mobile-collapsedRows-layout has-vertical-unset\"><div class=\"wp-block-themeisle-blocks-advanced-columns-overlay\"><\/div><div class=\"innerblocks-wrap\">\n<div id=\"wp-block-themeisle-blocks-advanced-column-ed12f231\" class=\"wp-block-themeisle-blocks-advanced-column\">\n<figure class=\"wp-block-image size-full\"><a href=\"https:\/\/luma.com\/wwkp7qjv\"><img data-recalc-dims=\"1\" loading=\"lazy\" decoding=\"async\" width=\"963\" height=\"963\" src=\"https:\/\/i0.wp.com\/inprincipo2024.inprincipo.com\/wp-content\/uploads\/2025\/11\/Cartouche-Carre-EDGY103-Fevrier-2026.png?resize=963%2C963&#038;ssl=1\" alt=\"\" class=\"wp-image-7162\" srcset=\"https:\/\/i0.wp.com\/inprincipo2024.inprincipo.com\/wp-content\/uploads\/2025\/11\/Cartouche-Carre-EDGY103-Fevrier-2026.png?w=963&amp;ssl=1 963w, https:\/\/i0.wp.com\/inprincipo2024.inprincipo.com\/wp-content\/uploads\/2025\/11\/Cartouche-Carre-EDGY103-Fevrier-2026.png?resize=300%2C300&amp;ssl=1 300w, https:\/\/i0.wp.com\/inprincipo2024.inprincipo.com\/wp-content\/uploads\/2025\/11\/Cartouche-Carre-EDGY103-Fevrier-2026.png?resize=150%2C150&amp;ssl=1 150w, https:\/\/i0.wp.com\/inprincipo2024.inprincipo.com\/wp-content\/uploads\/2025\/11\/Cartouche-Carre-EDGY103-Fevrier-2026.png?resize=768%2C768&amp;ssl=1 768w\" sizes=\"auto, (max-width: 963px) 100vw, 963px\" \/><\/a><\/figure>\n\n\n\n<p class=\"has-text-align-center has-poppins-font-family\" style=\"font-size:clamp(0.875rem, 0.875rem + ((1vw - 0.2rem) * 0.049), 0.9rem);font-style:normal;font-weight:300;letter-spacing:1%\"><a href=\"https:\/\/luma.com\/9s4y7c3f\">Mercredi 18 <\/a><br><a href=\"https:\/\/luma.com\/wwkp7qjv\">et jeudi 19  f\u00e9vrier<br>9H00 &#8211; 17H00<\/a><\/p>\n<\/div>\n\n\n\n<div id=\"wp-block-themeisle-blocks-advanced-column-445f7b24\" class=\"wp-block-themeisle-blocks-advanced-column\">\n<p class=\"has-text-align-center has-poppins-font-family\" style=\"font-size:clamp(0.875rem, 0.875rem + ((1vw - 0.2rem) * 0.049), 0.9rem);font-style:normal;font-weight:300;letter-spacing:1%\"><\/p>\n<\/div>\n\n\n\n<div id=\"wp-block-themeisle-blocks-advanced-column-ea9030ef\" class=\"wp-block-themeisle-blocks-advanced-column\">\n<p class=\"has-text-align-center has-poppins-font-family\" style=\"font-size:clamp(0.875rem, 0.875rem + ((1vw - 0.2rem) * 0.049), 0.9rem);font-style:normal;font-weight:300;letter-spacing:%\"><\/p>\n<\/div>\n\n\n\n<div id=\"wp-block-themeisle-blocks-advanced-column-48845535\" class=\"wp-block-themeisle-blocks-advanced-column\">\n<p class=\"has-text-align-center has-poppins-font-family\" style=\"font-size:clamp(0.875rem, 0.875rem + ((1vw - 0.2rem) * 0.049), 0.9rem);font-style:normal;font-weight:300;letter-spacing:1%\"><\/p>\n<\/div>\n<\/div><\/div>\n\n\n\n<p class=\"has-poppins-font-family\" style=\"font-size:clamp(0.875rem, 0.875rem + ((1vw - 0.2rem) * 0.244), 1rem);\">Tarif : 1.620 \u20ac HT \/ 1944 \u20ac TTC<br>Paiement 100% \u00e0 la r\u00e9servation par Carte Bancaire ou par virement<\/p>\n\n\n\n<p><\/p>\n\n\n\n<p class=\"has-poppins-font-family\" style=\"font-size:clamp(0.875rem, 0.875rem + ((1vw - 0.2rem) * 0.634), 1.2rem);font-style:normal;font-weight:500;letter-spacing:1%\">Inscrivez-vous&#8230; <br>\u00e0 l&rsquo;un de nos prochains parcours \u00ab\u00a0Open In Principo Academy\u00a0\u00bb<\/p>\n\n\n\n<div id=\"wp-block-themeisle-blocks-advanced-columns-f7d70bf6\" class=\"wp-block-themeisle-blocks-advanced-columns has-2-columns has-desktop-equal-layout has-tablet-equal-layout has-mobile-collapsedRows-layout has-vertical-unset\"><div class=\"wp-block-themeisle-blocks-advanced-columns-overlay\"><\/div><div class=\"innerblocks-wrap\">\n<div id=\"wp-block-themeisle-blocks-advanced-column-e4cb80c7\" class=\"wp-block-themeisle-blocks-advanced-column\">\n<figure class=\"wp-block-image size-full\"><a href=\"https:\/\/luma.com\/ujbqdpfy\"><img data-recalc-dims=\"1\" loading=\"lazy\" decoding=\"async\" width=\"1258\" height=\"530\" src=\"https:\/\/i0.wp.com\/inprincipo2024.inprincipo.com\/wp-content\/uploads\/2025\/11\/EDGY-Parcours-P3-2006-1-1.png?resize=1258%2C530&#038;ssl=1\" alt=\"\" class=\"wp-image-7163\" srcset=\"https:\/\/i0.wp.com\/inprincipo2024.inprincipo.com\/wp-content\/uploads\/2025\/11\/EDGY-Parcours-P3-2006-1-1.png?w=1258&amp;ssl=1 1258w, https:\/\/i0.wp.com\/inprincipo2024.inprincipo.com\/wp-content\/uploads\/2025\/11\/EDGY-Parcours-P3-2006-1-1.png?resize=300%2C126&amp;ssl=1 300w, https:\/\/i0.wp.com\/inprincipo2024.inprincipo.com\/wp-content\/uploads\/2025\/11\/EDGY-Parcours-P3-2006-1-1.png?resize=1024%2C431&amp;ssl=1 1024w, https:\/\/i0.wp.com\/inprincipo2024.inprincipo.com\/wp-content\/uploads\/2025\/11\/EDGY-Parcours-P3-2006-1-1.png?resize=768%2C324&amp;ssl=1 768w\" sizes=\"auto, (max-width: 1000px) 100vw, 1000px\" \/><\/a><\/figure>\n\n\n\n<p class=\"has-text-align-center has-poppins-font-family\" style=\"font-size:0.8rem;font-style:normal;font-weight:300;letter-spacing:1%\"><a href=\"https:\/\/luma.com\/pbz67c8d\">S&rsquo;inscrire au Parcours \u00ab\u00a0<strong>Comp\u00e9tence Base Designer EDGY\u00a0\u00bb<\/strong> qui d\u00e9marre le 28 janvier et se termine le 12 mars 2026<\/a><\/p>\n<\/div>\n\n\n\n<div id=\"wp-block-themeisle-blocks-advanced-column-06766672\" class=\"wp-block-themeisle-blocks-advanced-column\">\n<p class=\"has-text-align-center has-poppins-font-family\" style=\"font-size:0.8rem;font-style:normal;font-weight:300;letter-spacing:1%\"><\/p>\n<\/div>\n<\/div><\/div>\n\n\n\n<p class=\"has-poppins-font-family\" style=\"font-size:clamp(0.875rem, 0.875rem + ((1vw - 0.2rem) * 0.049), 0.9rem);letter-spacing:1%\">Tarif : 3.900 \u20ac HT \/ 4.680 \u20ac TTC<br>Paiement 50% \u00e0 la r\u00e9servation par Carte Bancaire ou par virement.<br>Le solde sera \u00e0 verser 48H avant la premi\u00e8re session.<\/p>\n\n\n\n<p><\/p>\n\n\n\n<p class=\"has-poppins-font-family\" style=\"font-size:clamp(0.875rem, 0.875rem + ((1vw - 0.2rem) * 0.634), 1.2rem);font-style:normal;font-weight:500;letter-spacing:1%\">Nous contacter<\/p>\n\n\n\n<div id=\"wp-block-themeisle-blocks-form-28e2f63c\" class=\"wp-block-themeisle-blocks-form\" data-option-name=\"bf9b28ff82ce323187abc5d0feb0d8f07ecd8436_28e2f63c\"><form class=\"otter-form__container\">\n<div id=\"wp-block-themeisle-blocks-form-input-bc6dea85\" class=\"wp-block-themeisle-blocks-form-input\"><label for=\"wp-block-themeisle-blocks-form-input-bc6dea85-input\" class=\"otter-form-input-label\"><span class=\"otter-form-input-label__label\">Nom<\/span><span class=\"required\">*<\/span><\/label><input type=\"text\" id=\"wp-block-themeisle-blocks-form-input-bc6dea85-input\" required class=\"otter-form-input\"\/><\/div>\n\n\n\n<div id=\"wp-block-themeisle-blocks-form-input-0dfe1c54\" class=\"wp-block-themeisle-blocks-form-input\"><label for=\"wp-block-themeisle-blocks-form-input-0dfe1c54-input\" class=\"otter-form-input-label\"><span class=\"otter-form-input-label__label\">Email<\/span><span class=\"required\">*<\/span><\/label><input type=\"email\" id=\"wp-block-themeisle-blocks-form-input-0dfe1c54-input\" required class=\"otter-form-input\"\/><\/div>\n\n\n<div class=\"protection\" aria-hidden=\"true\"><input type=\"hidden\" id=\"wp-block-themeisle-blocks-form-28e2f63c_nonce_field\" name=\"wp-block-themeisle-blocks-form-28e2f63c_nonce_field\" value=\"73028fe990\" \/><input type=\"hidden\" name=\"_wp_http_referer\" value=\"\/index.php\/wp-json\/wp\/v2\/pages\/7158\" \/><input class=\"o-anti-bot\" type=\"checkbox\"><\/div>\n\n\n<div id=\"wp-block-themeisle-blocks-form-textarea-12512de6\" class=\"wp-block-themeisle-blocks-form-textarea\"><label for=\"wp-block-themeisle-blocks-form-textarea-12512de6-input\" class=\"otter-form-textarea-label\"><span class=\"otter-form-textarea-label__label\">Message<\/span><\/label><textarea id=\"wp-block-themeisle-blocks-form-textarea-12512de6-input\" rows=\"10\" class=\"otter-form-textarea-input\"><\/textarea><\/div>\n\n\n\n<p class=\"has-extra-small-font-size\">En soumettant ce formulaire, vous acceptez de recevoir des communications par courriel de notre part et vous comprenez que vos coordonn\u00e9es seront conserv\u00e9es chez nous.<\/p>\n<div class=\"wp-block-button\"><button class=\"wp-block-button__link\" type=\"submit\">Submit<\/button><\/div><\/form><\/div>\n","protected":false},"excerpt":{"rendered":"<p>Comment faire d\u2019EDGY un outil d\u2019engagement dans la dur\u00e9e ? Inscrivez-vous \u00e0 l&rsquo;une de nos prochaines sessions \u00ab\u00a0Open In Principo Academy\u00a0\u00bb (s\u00e9lectionnez la date qui vous convient et r\u00e9server directement en ligne) Tarif : 1.620 \u20ac HT \/ 1944 \u20ac TTCPaiement 100% \u00e0 la r\u00e9servation par Carte Bancaire ou par virement Inscrivez-vous&#8230; \u00e0 l&rsquo;un de [&hellip;]<\/p>\n","protected":false},"author":2,"featured_media":0,"parent":0,"menu_order":0,"comment_status":"closed","ping_status":"closed","template":"","meta":{"_themeisle_gutenberg_block_has_review":false,"footnotes":""},"class_list":["post-7158","page","type-page","status-publish","hentry"],"jetpack-related-posts":[{"id":7173,"url":"https:\/\/inprincipo2024.inprincipo.com\/index.php\/formation-edgy-104-concevoir-un-plan-devolution-avec-edgy\/","url_meta":{"origin":7158,"position":0},"title":"Formation EDGY #104 \u00ab\u00a0Concevoir un plan d&rsquo;\u00e9volution avec EDGY\u00a0\u00bb","author":"Olivier Reaud","date":"5 novembre 2025","format":false,"excerpt":"Comment codesigner concr\u00e8tement un projet d\u2019\u00e9volution avec EDGY ? Cette formation enseigne comment passer de l'analyse port\u00e9e par les parties prenantes au plan d'action cod\u00e9finit et engag\u00e9 par une d\u00e9cision collective. Plus les enjeux d\u2019un projet sont complexes, plus les parties prenantes jouent leurs int\u00e9r\u00eats et questionnent le projet avec\u2026","rel":"","context":"Article similaire","block_context":{"text":"Article similaire","link":""},"img":{"alt_text":"","src":"https:\/\/i0.wp.com\/inprincipo2024.inprincipo.com\/wp-content\/uploads\/2025\/11\/Cartouche-Carre-EDGY104-Mars-2026.png?resize=350%2C200&ssl=1","width":350,"height":200,"srcset":"https:\/\/i0.wp.com\/inprincipo2024.inprincipo.com\/wp-content\/uploads\/2025\/11\/Cartouche-Carre-EDGY104-Mars-2026.png?resize=350%2C200&ssl=1 1x, https:\/\/i0.wp.com\/inprincipo2024.inprincipo.com\/wp-content\/uploads\/2025\/11\/Cartouche-Carre-EDGY104-Mars-2026.png?resize=525%2C300&ssl=1 1.5x, https:\/\/i0.wp.com\/inprincipo2024.inprincipo.com\/wp-content\/uploads\/2025\/11\/Cartouche-Carre-EDGY104-Mars-2026.png?resize=700%2C400&ssl=1 2x"},"classes":[]},{"id":6624,"url":"https:\/\/inprincipo2024.inprincipo.com\/index.php\/edgy-le-langage-universel-de-la-simplexite\/","url_meta":{"origin":7158,"position":1},"title":"EDGY, le langage universel de la simplexit\u00e9","author":"Olivier Reaud","date":"5 septembre 2025","format":false,"excerpt":"En quoi un langage visuel peut-il \u00eatre une source d\u2019intelligence collective ? Une carte est un r\u00e9ducteur de complexit\u00e9. Pour organiser un d\u00e9placement dans une ville vous pouvez d\u00e9crire l\u2019itin\u00e9raire en mode texte (c\u2019est long et pas clair), utiliser des cartes pr\u00e9cises et diff\u00e9rentes pour chaque sujet (les routes, les\u2026","rel":"","context":"Article similaire","block_context":{"text":"Article similaire","link":""},"img":{"alt_text":"","src":"https:\/\/i0.wp.com\/inprincipo2024.inprincipo.com\/wp-content\/uploads\/2025\/08\/Visuel-EDGY-Article-V2.png?fit=952%2C952&ssl=1&resize=350%2C200","width":350,"height":200,"srcset":"https:\/\/i0.wp.com\/inprincipo2024.inprincipo.com\/wp-content\/uploads\/2025\/08\/Visuel-EDGY-Article-V2.png?fit=952%2C952&ssl=1&resize=350%2C200 1x, https:\/\/i0.wp.com\/inprincipo2024.inprincipo.com\/wp-content\/uploads\/2025\/08\/Visuel-EDGY-Article-V2.png?fit=952%2C952&ssl=1&resize=525%2C300 1.5x, https:\/\/i0.wp.com\/inprincipo2024.inprincipo.com\/wp-content\/uploads\/2025\/08\/Visuel-EDGY-Article-V2.png?fit=952%2C952&ssl=1&resize=700%2C400 2x"},"classes":[]},{"id":6532,"url":"https:\/\/inprincipo2024.inprincipo.com\/index.php\/pourquoi-in-principo-lance-puissancia\/","url_meta":{"origin":7158,"position":2},"title":"Pourquoi In Principo et &amp;Friends lancent PuissancIA\u00a0?","author":"Olivier Reaud","date":"3 septembre 2025","format":false,"excerpt":"L\u2019IA est plus qu\u2019une innovation. C\u2019est pour l\u2019homme un changement majeur dans son rapport au monde. C'est pour les organisations une immense opportunit\u00e9 d'\u00e9volution. Seulement, force est de constater que les espoirs, les r\u00eaves, ne deviennent pas tout de suite r\u00e9alit\u00e9. Si les usages individuels d\u00e9collent, les projets collectifs sont\u2026","rel":"","context":"Article similaire","block_context":{"text":"Article similaire","link":""},"img":{"alt_text":"","src":"https:\/\/i0.wp.com\/inprincipo2024.inprincipo.com\/wp-content\/uploads\/2025\/09\/Bandeau-PuissancIA-site-Texte.png?resize=350%2C200&ssl=1","width":350,"height":200,"srcset":"https:\/\/i0.wp.com\/inprincipo2024.inprincipo.com\/wp-content\/uploads\/2025\/09\/Bandeau-PuissancIA-site-Texte.png?resize=350%2C200&ssl=1 1x, https:\/\/i0.wp.com\/inprincipo2024.inprincipo.com\/wp-content\/uploads\/2025\/09\/Bandeau-PuissancIA-site-Texte.png?resize=525%2C300&ssl=1 1.5x, https:\/\/i0.wp.com\/inprincipo2024.inprincipo.com\/wp-content\/uploads\/2025\/09\/Bandeau-PuissancIA-site-Texte.png?resize=700%2C400&ssl=1 2x, https:\/\/i0.wp.com\/inprincipo2024.inprincipo.com\/wp-content\/uploads\/2025\/09\/Bandeau-PuissancIA-site-Texte.png?resize=1050%2C600&ssl=1 3x"},"classes":[]}],"jetpack_sharing_enabled":true,"_links":{"self":[{"href":"https:\/\/inprincipo2024.inprincipo.com\/index.php\/wp-json\/wp\/v2\/pages\/7158","targetHints":{"allow":["GET"]}}],"collection":[{"href":"https:\/\/inprincipo2024.inprincipo.com\/index.php\/wp-json\/wp\/v2\/pages"}],"about":[{"href":"https:\/\/inprincipo2024.inprincipo.com\/index.php\/wp-json\/wp\/v2\/types\/page"}],"author":[{"embeddable":true,"href":"https:\/\/inprincipo2024.inprincipo.com\/index.php\/wp-json\/wp\/v2\/users\/2"}],"replies":[{"embeddable":true,"href":"https:\/\/inprincipo2024.inprincipo.com\/index.php\/wp-json\/wp\/v2\/comments?post=7158"}],"version-history":[{"count":4,"href":"https:\/\/inprincipo2024.inprincipo.com\/index.php\/wp-json\/wp\/v2\/pages\/7158\/revisions"}],"predecessor-version":[{"id":7170,"href":"https:\/\/inprincipo2024.inprincipo.com\/index.php\/wp-json\/wp\/v2\/pages\/7158\/revisions\/7170"}],"wp:attachment":[{"href":"https:\/\/inprincipo2024.inprincipo.com\/index.php\/wp-json\/wp\/v2\/media?parent=7158"}],"curies":[{"name":"wp","href":"https:\/\/api.w.org\/{rel}","templated":true}]}}