{"id":7072,"date":"2025-11-04T01:44:47","date_gmt":"2025-11-04T00:44:47","guid":{"rendered":"https:\/\/inprincipo2024.inprincipo.com\/?page_id=7072"},"modified":"2025-11-04T01:44:47","modified_gmt":"2025-11-04T00:44:47","slug":"design-dentreprise","status":"publish","type":"page","link":"https:\/\/inprincipo2024.inprincipo.com\/index.php\/design-dentreprise\/","title":{"rendered":"DESIGN D&rsquo;ENTREPRISE"},"content":{"rendered":"","protected":false},"excerpt":{"rendered":"","protected":false},"author":2,"featured_media":0,"parent":0,"menu_order":0,"comment_status":"closed","ping_status":"closed","template":"wp-custom-template-design-d-entreprise","meta":{"_themeisle_gutenberg_block_has_review":false,"footnotes":""},"class_list":["post-7072","page","type-page","status-publish","hentry"],"jetpack-related-posts":[{"id":6624,"url":"https:\/\/inprincipo2024.inprincipo.com\/index.php\/edgy-le-langage-universel-de-la-simplexite\/","url_meta":{"origin":7072,"position":0},"title":"EDGY, le langage universel de la simplexit\u00e9","author":"Olivier Reaud","date":"5 septembre 2025","format":false,"excerpt":"En quoi un langage visuel peut-il \u00eatre une source d\u2019intelligence collective ? Une carte est un r\u00e9ducteur de complexit\u00e9. Pour organiser un d\u00e9placement dans une ville vous pouvez d\u00e9crire l\u2019itin\u00e9raire en mode texte (c\u2019est long et pas clair), utiliser des cartes pr\u00e9cises et diff\u00e9rentes pour chaque sujet (les routes, les\u2026","rel":"","context":"Article similaire","block_context":{"text":"Article similaire","link":""},"img":{"alt_text":"","src":"https:\/\/i0.wp.com\/inprincipo2024.inprincipo.com\/wp-content\/uploads\/2025\/08\/Visuel-EDGY-Article-V2.png?fit=952%2C952&ssl=1&resize=350%2C200","width":350,"height":200,"srcset":"https:\/\/i0.wp.com\/inprincipo2024.inprincipo.com\/wp-content\/uploads\/2025\/08\/Visuel-EDGY-Article-V2.png?fit=952%2C952&ssl=1&resize=350%2C200 1x, https:\/\/i0.wp.com\/inprincipo2024.inprincipo.com\/wp-content\/uploads\/2025\/08\/Visuel-EDGY-Article-V2.png?fit=952%2C952&ssl=1&resize=525%2C300 1.5x, https:\/\/i0.wp.com\/inprincipo2024.inprincipo.com\/wp-content\/uploads\/2025\/08\/Visuel-EDGY-Article-V2.png?fit=952%2C952&ssl=1&resize=700%2C400 2x"},"classes":[]},{"id":345,"url":"https:\/\/inprincipo2024.inprincipo.com\/index.php\/lafarge-ciments\/","url_meta":{"origin":7072,"position":1},"title":"LAFARGE CIMENTS","author":"In Principo","date":"10 septembre 2024","format":false,"excerpt":"R\u00e9inventer la performance de l\u2019entreprise par une r\u00e9invention de l\u2019offre m\u00e9tier Si la d\u00e9croissance d\u2019une activit\u00e9 peut poser des probl\u00e8mes, le retour \u00e0 la croissance parfois pose de vrais dilemmes qui peuvent devenir bloquant et m\u00eame diviser une entreprise. C\u2019est ce qui est arriv\u00e9 \u00e0 Lafarge Ciments. Apr\u00e8s plusieurs ann\u00e9es\u2026","rel":"","context":"Article similaire","block_context":{"text":"Article similaire","link":""},"img":{"alt_text":"","src":"","width":0,"height":0},"classes":[]},{"id":660,"url":"https:\/\/inprincipo2024.inprincipo.com\/index.php\/lequipe\/","url_meta":{"origin":7072,"position":2},"title":"L&rsquo;\u00c9QUIPAGE","author":"In Principo","date":"18 septembre 2024","format":false,"excerpt":"Un \u00e9quipage pluridisciplinaire engag\u00e9 pour une \u00e9volution strat\u00e9gique, op\u00e9rationnelle et humaine des organisations Agence de Facilitation Strat\u00e9gique, nous sommes engag\u00e9s sur l\u2019impact de nos actions\u00a0: pertinence strat\u00e9gique, engagement des acteurs, intelligence de l\u2019action, capacit\u00e9 op\u00e9rationnelle, adaptative et \u00e9volutive de l\u2019organisation. Engag\u00e9s sur un impact durable de nos accompagnements et formations,\u2026","rel":"","context":"Article similaire","block_context":{"text":"Article similaire","link":""},"img":{"alt_text":"","src":"https:\/\/i0.wp.com\/inprincipo2024.inprincipo.com\/wp-content\/uploads\/2025\/08\/Harrie-Barron-portrait.png?resize=350%2C200&ssl=1","width":350,"height":200,"srcset":"https:\/\/i0.wp.com\/inprincipo2024.inprincipo.com\/wp-content\/uploads\/2025\/08\/Harrie-Barron-portrait.png?resize=350%2C200&ssl=1 1x, https:\/\/i0.wp.com\/inprincipo2024.inprincipo.com\/wp-content\/uploads\/2025\/08\/Harrie-Barron-portrait.png?resize=525%2C300&ssl=1 1.5x, https:\/\/i0.wp.com\/inprincipo2024.inprincipo.com\/wp-content\/uploads\/2025\/08\/Harrie-Barron-portrait.png?resize=700%2C400&ssl=1 2x"},"classes":[]},{"id":6532,"url":"https:\/\/inprincipo2024.inprincipo.com\/index.php\/pourquoi-in-principo-lance-puissancia\/","url_meta":{"origin":7072,"position":3},"title":"Pourquoi In Principo et &amp;Friends lancent PuissancIA\u00a0?","author":"Olivier Reaud","date":"3 septembre 2025","format":false,"excerpt":"L\u2019IA est plus qu\u2019une innovation. C\u2019est pour l\u2019homme un changement majeur dans son rapport au monde. C'est pour les organisations une immense opportunit\u00e9 d'\u00e9volution. Seulement, force est de constater que les espoirs, les r\u00eaves, ne deviennent pas tout de suite r\u00e9alit\u00e9. Si les usages individuels d\u00e9collent, les projets collectifs sont\u2026","rel":"","context":"Article similaire","block_context":{"text":"Article similaire","link":""},"img":{"alt_text":"","src":"https:\/\/i0.wp.com\/inprincipo2024.inprincipo.com\/wp-content\/uploads\/2025\/09\/Bandeau-PuissancIA-site-Texte.png?resize=350%2C200&ssl=1","width":350,"height":200,"srcset":"https:\/\/i0.wp.com\/inprincipo2024.inprincipo.com\/wp-content\/uploads\/2025\/09\/Bandeau-PuissancIA-site-Texte.png?resize=350%2C200&ssl=1 1x, https:\/\/i0.wp.com\/inprincipo2024.inprincipo.com\/wp-content\/uploads\/2025\/09\/Bandeau-PuissancIA-site-Texte.png?resize=525%2C300&ssl=1 1.5x, https:\/\/i0.wp.com\/inprincipo2024.inprincipo.com\/wp-content\/uploads\/2025\/09\/Bandeau-PuissancIA-site-Texte.png?resize=700%2C400&ssl=1 2x, https:\/\/i0.wp.com\/inprincipo2024.inprincipo.com\/wp-content\/uploads\/2025\/09\/Bandeau-PuissancIA-site-Texte.png?resize=1050%2C600&ssl=1 3x"},"classes":[]},{"id":2651,"url":"https:\/\/inprincipo2024.inprincipo.com\/index.php\/groupe-sncf-engager-la-transition-energetique-comme-une-opportunite-strategique-majeure\/","url_meta":{"origin":7072,"position":4},"title":"Groupe SNCF\u00a0: engager la transition \u00e9nerg\u00e9tique comme une opportunit\u00e9 strat\u00e9gique majeure","author":"Olivier Reaud","date":"12 mars 2025","format":false,"excerpt":"Aussi surprenant que cela puisse paraitre aujourd\u2019hui, d\u00e9but 2013, le TOP 70 des dirigeants du Groupe SNCF voyait dans cette grande question beaucoup de raisons d\u2019y aller tr\u00e8s prudemment. Trois croyances limitantes bloquent toutes avanc\u00e9es. La premi\u00e8re est que la SNCF ne pourra plus accomplir sa mission de service public\u2026","rel":"","context":"Article similaire","block_context":{"text":"Article similaire","link":""},"img":{"alt_text":"","src":"https:\/\/i0.wp.com\/inprincipo2024.inprincipo.com\/wp-content\/uploads\/2025\/12\/251202-SNCF-Transition-Energetique-StrategieV5.png?resize=350%2C200&ssl=1","width":350,"height":200,"srcset":"https:\/\/i0.wp.com\/inprincipo2024.inprincipo.com\/wp-content\/uploads\/2025\/12\/251202-SNCF-Transition-Energetique-StrategieV5.png?resize=350%2C200&ssl=1 1x, https:\/\/i0.wp.com\/inprincipo2024.inprincipo.com\/wp-content\/uploads\/2025\/12\/251202-SNCF-Transition-Energetique-StrategieV5.png?resize=525%2C300&ssl=1 1.5x, https:\/\/i0.wp.com\/inprincipo2024.inprincipo.com\/wp-content\/uploads\/2025\/12\/251202-SNCF-Transition-Energetique-StrategieV5.png?resize=700%2C400&ssl=1 2x, https:\/\/i0.wp.com\/inprincipo2024.inprincipo.com\/wp-content\/uploads\/2025\/12\/251202-SNCF-Transition-Energetique-StrategieV5.png?resize=1050%2C600&ssl=1 3x, https:\/\/i0.wp.com\/inprincipo2024.inprincipo.com\/wp-content\/uploads\/2025\/12\/251202-SNCF-Transition-Energetique-StrategieV5.png?resize=1400%2C800&ssl=1 4x"},"classes":[]},{"id":702,"url":"https:\/\/inprincipo2024.inprincipo.com\/index.php\/exco\/","url_meta":{"origin":7072,"position":5},"title":"EXCO","author":"In Principo","date":"22 septembre 2024","format":false,"excerpt":"D\u2019experts-comptables \u00e0 Fertiliseurs d\u2019EntreprisesR\u00e9cit de la r\u00e9invention d\u2019un engagement En 2015, de nouveaux services en ligne deviennent clairement une menace pour l\u2019expertise comptable traditionnelle. Les acteurs en place vont-ils \u00eatre uberis\u00e9s\u00a0? EXCO Sud-Ouest, entreprise de plus de 700 experts comptables, 50 agences r\u00e9parties dans les territoires entre Bordeaux et Perpignan\u2026","rel":"","context":"Article similaire","block_context":{"text":"Article similaire","link":""},"img":{"alt_text":"","src":"https:\/\/i0.wp.com\/inprincipo2024.inprincipo.com\/wp-content\/uploads\/2024\/09\/INP-Exco6-1200.jpg?resize=350%2C200&ssl=1","width":350,"height":200,"srcset":"https:\/\/i0.wp.com\/inprincipo2024.inprincipo.com\/wp-content\/uploads\/2024\/09\/INP-Exco6-1200.jpg?resize=350%2C200&ssl=1 1x, https:\/\/i0.wp.com\/inprincipo2024.inprincipo.com\/wp-content\/uploads\/2024\/09\/INP-Exco6-1200.jpg?resize=525%2C300&ssl=1 1.5x, https:\/\/i0.wp.com\/inprincipo2024.inprincipo.com\/wp-content\/uploads\/2024\/09\/INP-Exco6-1200.jpg?resize=700%2C400&ssl=1 2x, https:\/\/i0.wp.com\/inprincipo2024.inprincipo.com\/wp-content\/uploads\/2024\/09\/INP-Exco6-1200.jpg?resize=1050%2C600&ssl=1 3x"},"classes":[]}],"jetpack_sharing_enabled":true,"_links":{"self":[{"href":"https:\/\/inprincipo2024.inprincipo.com\/index.php\/wp-json\/wp\/v2\/pages\/7072","targetHints":{"allow":["GET"]}}],"collection":[{"href":"https:\/\/inprincipo2024.inprincipo.com\/index.php\/wp-json\/wp\/v2\/pages"}],"about":[{"href":"https:\/\/inprincipo2024.inprincipo.com\/index.php\/wp-json\/wp\/v2\/types\/page"}],"author":[{"embeddable":true,"href":"https:\/\/inprincipo2024.inprincipo.com\/index.php\/wp-json\/wp\/v2\/users\/2"}],"replies":[{"embeddable":true,"href":"https:\/\/inprincipo2024.inprincipo.com\/index.php\/wp-json\/wp\/v2\/comments?post=7072"}],"version-history":[{"count":1,"href":"https:\/\/inprincipo2024.inprincipo.com\/index.php\/wp-json\/wp\/v2\/pages\/7072\/revisions"}],"predecessor-version":[{"id":7073,"href":"https:\/\/inprincipo2024.inprincipo.com\/index.php\/wp-json\/wp\/v2\/pages\/7072\/revisions\/7073"}],"wp:attachment":[{"href":"https:\/\/inprincipo2024.inprincipo.com\/index.php\/wp-json\/wp\/v2\/media?parent=7072"}],"curies":[{"name":"wp","href":"https:\/\/api.w.org\/{rel}","templated":true}]}}