{"id":576,"date":"2024-09-18T09:26:17","date_gmt":"2024-09-18T07:26:17","guid":{"rendered":"http:\/\/inprincipo2024.inprincipo.com\/?page_id=576"},"modified":"2025-10-10T19:36:14","modified_gmt":"2025-10-10T17:36:14","slug":"qui-sommes-nous","status":"publish","type":"page","link":"https:\/\/inprincipo2024.inprincipo.com\/index.php\/qui-sommes-nous\/","title":{"rendered":"QUI SOMMES-NOUS ?"},"content":{"rendered":"\n<div class=\"wp-block-columns is-layout-flex wp-container-core-columns-is-layout-f5a44f5b wp-block-columns-is-layout-flex\">\n<div class=\"wp-block-column is-layout-flow wp-block-column-is-layout-flow\" style=\"flex-basis:25%\">\n<div class=\"wp-block-group is-layout-constrained wp-container-core-group-is-layout-0be64e95 wp-block-group-is-layout-constrained\" style=\"padding-right:var(--wp--preset--spacing--50)\">\n<div id=\"wp-block-themeisle-blocks-button-group-b317da1f\" class=\"wp-block-themeisle-blocks-button-group wp-block-buttons align-full-desktop\">\n<div id=\"wp-block-themeisle-blocks-button-e5563daf\" class=\"wp-block-themeisle-blocks-button wp-block-button\"><a target=\"_self\" rel=\"noopener noreferrer\" class=\"wp-block-button__link\"><span>QUI SOMMES-NOUS ?<\/span><\/a><\/div>\n<\/div>\n\n\n\n<div id=\"wp-block-themeisle-blocks-button-group-f312c158\" class=\"wp-block-themeisle-blocks-button-group wp-block-buttons align-full-desktop\">\n<div id=\"wp-block-themeisle-blocks-button-677a268b\" class=\"wp-block-themeisle-blocks-button wp-block-button\"><a href=\"https:\/\/inprincipo2024.inprincipo.com\/index.php\/lequipe\/\" target=\"_self\" rel=\"noopener noreferrer\" class=\"wp-block-button__link\"><span>L&rsquo;\u00c9QUIPE<\/span><\/a><\/div>\n<\/div>\n\n\n\n<div id=\"wp-block-themeisle-blocks-button-group-832770dc\" class=\"wp-block-themeisle-blocks-button-group wp-block-buttons align-full-desktop\">\n<div id=\"wp-block-themeisle-blocks-button-f6ce75f2\" class=\"wp-block-themeisle-blocks-button wp-block-button\"><a href=\"https:\/\/inprincipo2024.inprincipo.com\/index.php\/un-peu-dhistoire\/\" target=\"_self\" rel=\"noopener noreferrer\" class=\"wp-block-button__link\"><span>UN PEU D&rsquo;HISTOIRE<\/span><\/a><\/div>\n<\/div>\n\n\n\n<div id=\"wp-block-themeisle-blocks-button-group-221e8f97\" class=\"wp-block-themeisle-blocks-button-group wp-block-buttons align-full-desktop\">\n<div id=\"wp-block-themeisle-blocks-button-33df447b\" class=\"wp-block-themeisle-blocks-button wp-block-button\"><a href=\"https:\/\/inprincipo2024.inprincipo.com\/index.php\/nos-partenaires\/\" target=\"_self\" rel=\"noopener noreferrer\" class=\"wp-block-button__link\"><span>NOS PARTENAIRES<\/span><\/a><\/div>\n<\/div>\n<\/div>\n\n\n\n<div style=\"height:57px\" aria-hidden=\"true\" class=\"wp-block-spacer\"><\/div>\n\n\n\n<p><strong>In Principo en France<\/strong><\/p>\n\n\n\n<p><a href=\"http:\/\/www.inprincipo.com\/\">www.inprincipo.com<\/a><\/p>\n\n\n\n<p><strong>In Principo Paris<br><\/strong>60 rue de Richelieu<br>75002 PARIS<br>+33 1 53 05 99 75<\/p>\n\n\n\n<p><strong>In Principo Lyon<br><\/strong>3 cours Charlemagne<br>69003 LYON<\/p>\n\n\n\n<p><strong>In Principo Hauts de France<br><\/strong>Campus AGROTECH<br>Square Eug\u00e8ne Thomas&nbsp;<br>59780 Willems&nbsp;<\/p>\n\n\n\n<p><strong><br><\/strong><\/p>\n<\/div>\n\n\n\n<div class=\"wp-block-column is-layout-flow wp-block-column-is-layout-flow\" style=\"flex-basis:65%\">\n<p>Nous croyons, dans un monde en transition, turbulent et incertain, que ce sont les organisations et les territoires qui mobilisent le mieux leur intelligence du pr\u00e9sent et du futur, qui apporteront la meilleure r\u00e9ponse aux d\u00e9fis de notre soci\u00e9t\u00e9 et de leur propre \u00e9volution.<\/p>\n\n\n\n<p>Agence de Facilitation Strat\u00e9gique, nous mobilisons les acteurs cl\u00e9s sur un intelligence de la situation, de la trajectoire et de l&rsquo;action. Par la dynamique collaborative nous mettons en mouvement les acteurs et les parties prenantes dans la dur\u00e9e. Par un accompagnement adapt\u00e9, nous d\u00e9veloppons les Capacit\u00e9s Collectives Strat\u00e9giques qui redonne aux organisations leur Puissance d&rsquo;Agir.&nbsp;<\/p>\n\n\n\n<h2 class=\"wp-block-heading\">Pionni\u00e8re<\/h2>\n\n\n\n<p>In Principo est une Agence de Facilitation n\u00e9e en 2002 avec l\u2019ambition claire de mobiliser l\u2019intelligence collaborative comme r\u00e9ponse \u00e0 la n\u00e9cessit\u00e9 d&rsquo;\u00e9volution des organisations et des territoires. Dans un contexte o\u00f9 tout s\u2019acc\u00e9l\u00e8re&nbsp;&#8211; complexit\u00e9, enjeux, d\u00e9fis, opportunit\u00e9s &#8211; In Principo permet aux organisations de r\u00e9g\u00e9n\u00e9rer leurs fondamentaux autour de leur Raison d\u2019\u00catre, et d&rsquo;activer progressivement les capacit\u00e9s collectives n\u00e9cessaires pour accomplir cette Raison d\u2019\u00catre au travers de leur Puissance d&rsquo;Agir.&nbsp;<\/p>\n\n\n\n<h2 class=\"wp-block-heading\">Transformante<\/h2>\n\n\n\n<p>In Principo a compris d\u00e8s son origine que ce qui permet \u00e0 une organisation, un territoire, de grandir en \u00e9nergie, en performance, en \u00e9volution, ce sont ses acteurs, ses parties prenantes, son facteur humain. Notre ambition est de rendre le collectif acteur, moteur, cr\u00e9ateur de sa propre dynamique d\u2019\u00e9volution.<\/p>\n\n\n\n<p>A l\u2019issu d\u2019un parcours entre M\u00e9dia, E-Commerce, Industrie, Olivier R\u00e9aud comprend que ce qui fait la diff\u00e9rence majeure dans un monde en \u00e9volution rapide, c\u2019est la puissance collaborative d\u2019une organisation. <\/p>\n\n\n\n<h2 class=\"wp-block-heading\">Cr\u00e9atrice&nbsp;<\/h2>\n\n\n\n<p>L\u2019\u00e9quipe In Principo met 10 ans pour mettre au point un concept majeur&nbsp;: la Dynamique Collaborative. Un g\u00e9n\u00e9rateur circulaire de performance qui d\u00e9termine le management des \u00e9quipes, la performance, l\u2019innovation, l\u2019apprenance, l\u2019\u00e9volution. La Dynamique Collaborative est un cercle de 3 \u00e9nergies qui permettent d\u2019engager une dynamique continue, une puissance qui d\u00e9livre et, en m\u00eame temps, r\u00e9g\u00e9n\u00e8re.<\/p>\n\n\n\n<p>Notre approche est fond\u00e9e principalement sur la facilitation, une discipline n\u00e9e des milieux scientifiques apr\u00e8s-guerre pour appr\u00e9hender la complexit\u00e9 d\u2019un monde en pleine \u00e9volution. Aujourd&rsquo;hui, la facilitation est un m\u00e9tier d\u00e9terminant pour conjuguer les intelligences internes et externes, les expertises, les prestations et toutes les formes d\u2019accompagnement compl\u00e9mentaires \u00e0 la trajectoire de ses clients, aux \u00e9volutions de la soci\u00e9t\u00e9.<\/p>\n\n\n\n<h2 class=\"wp-block-heading\">Plus puissante, plus r\u00e9g\u00e9n\u00e9ratrice<\/h2>\n\n\n\n<p>Notre p\u00e9riode est diff\u00e9rente des autres par trois faits majeurs : <br>1) un long terme d\u00e9termin\u00e9 par la transition \u00e9cologique et soci\u00e9tale, <br>2) un moyen terme en totale incertitude, <br>3) un court terme en pleine turbulences.<\/p>\n\n\n\n<p>In Principo, agence de facilitation strat\u00e9gique, est au service de la pertinence des trajectoires de ses clients et g\u00e9n\u00e9ratrice des capacit\u00e9s collectives &#8211; culturelles, strat\u00e9giques, manag\u00e9riales et op\u00e9rationnelles &#8211; qui d\u00e9veloppent la puissance d&rsquo;agir n\u00e9cessaire \u00e0 leur d\u00e9veloppement.<\/p>\n\n\n\n<p>In Principo, agence de facilitation strat\u00e9gique, est une entreprise int\u00e9gratrice de talents, de capacit\u00e9s d\u2019accompagnement et de transformation, organisme de formation Qualiopi au service du d\u00e9veloppement de vos capacit\u00e9s individuelles et collectives.<\/p>\n\n\n\n<h2 class=\"wp-block-heading\">Un track-record<\/h2>\n\n\n\n<p>Forte de plus de 80&nbsp;r\u00e9f\u00e9rences majeures en entreprises (SNCF, Leroy Merlin, Auchan, MAIF, Cr\u00e9dit Agricole, EDF, Engie, Cartier, Eurotunnel, CNP\u2026), aupr\u00e8s de PME (EXCO, G-ON, HESUS), d\u2019institutions et de territoires (ADEME, CG92, minist\u00e8re de l\u2019\u00c9ducation Nationale, Orl\u00e9ans M\u00e9tropole, BruitParif, CNDP), In Principo poursuit son d\u00e9veloppement en d\u00e9ployant son savoir-faire sur les \u00e9cosyst\u00e8mes et \u00e0 l\u2019international.<\/p>\n<\/div>\n\n\n\n<div class=\"wp-block-column is-layout-flow wp-block-column-is-layout-flow\" style=\"flex-basis:10%\"><\/div>\n<\/div>\n\n\n\n<div style=\"height:33px\" aria-hidden=\"true\" class=\"wp-block-spacer\"><\/div>\n\n\n\n<div class=\"wp-block-group has-ti-bg-background-color has-background is-layout-constrained wp-container-core-group-is-layout-79c9c7ea wp-block-group-is-layout-constrained\" style=\"padding-right:0;padding-left:0\">\n<div style=\"height:41px\" aria-hidden=\"true\" class=\"wp-block-spacer\"><\/div>\n\n\n\n<div class=\"wp-block-group alignwide has-ti-accent-color has-text-color has-link-color wp-elements-a48524c72e2059d497dcedb1ecfbac59 is-content-justification-center is-nowrap is-layout-flex wp-container-core-group-is-layout-23441af8 wp-block-group-is-layout-flex\">\n<div id=\"wp-block-themeisle-blocks-font-awesome-icons-08461d12\" class=\"wp-block-themeisle-blocks-font-awesome-icons\"><span class=\"wp-block-themeisle-blocks-font-awesome-icons-container\"><i class=\"fas fa-arrow-circle-right\"><\/i><\/span><\/div>\n\n\n\n<h2 class=\"wp-block-heading alignwide has-ti-accent-color has-text-color has-link-color wp-elements-75f2f67e232aea354248db67d47da3e7\">Int\u00e9ress\u00e9 ? Intrigu\u00e9 ? Curieux ? <br>Contactez-nous !<\/h2>\n<\/div>\n\n\n\n<div style=\"height:41px\" aria-hidden=\"true\" class=\"wp-block-spacer\"><\/div>\n\n\n\n<div class=\"wp-block-columns is-layout-flex wp-container-core-columns-is-layout-cf05694f wp-block-columns-is-layout-flex\">\n<div class=\"wp-block-column is-layout-flow wp-block-column-is-layout-flow\" style=\"flex-basis:100%\">\n<div id=\"wp-block-themeisle-blocks-form-346b5dd6\" class=\"wp-block-themeisle-blocks-form\" data-option-name=\"bf9b28ff82ce323187abc5d0feb0d8f07ecd8436_346b5dd6\"><form class=\"otter-form__container\">\n<div id=\"wp-block-themeisle-blocks-form-input-7a7d6f42\" class=\"wp-block-themeisle-blocks-form-input\"><label for=\"wp-block-themeisle-blocks-form-input-7a7d6f42-input\" class=\"otter-form-input-label\"><span class=\"otter-form-input-label__label\"><em>Votre pr\u00e9nom, votre nom<\/em><\/span><span class=\"required\">*<\/span><\/label><input type=\"text\" id=\"wp-block-themeisle-blocks-form-input-7a7d6f42-input\" required class=\"otter-form-input\"\/><\/div>\n\n\n\n<div id=\"wp-block-themeisle-blocks-form-input-f8745400\" class=\"wp-block-themeisle-blocks-form-input\"><label for=\"wp-block-themeisle-blocks-form-input-f8745400-input\" class=\"otter-form-input-label\"><span class=\"otter-form-input-label__label\"><em>Votre entreprise<\/em><\/span><span class=\"required\">*<\/span><\/label><input type=\"text\" id=\"wp-block-themeisle-blocks-form-input-f8745400-input\" required class=\"otter-form-input\"\/><\/div>\n\n\n\n<div id=\"wp-block-themeisle-blocks-form-input-50b2af0b\" class=\"wp-block-themeisle-blocks-form-input\"><label for=\"wp-block-themeisle-blocks-form-input-50b2af0b-input\" class=\"otter-form-input-label\"><span class=\"otter-form-input-label__label\"><em>Votre email<\/em><\/span><span class=\"required\">*<\/span><\/label><input type=\"email\" id=\"wp-block-themeisle-blocks-form-input-50b2af0b-input\" required class=\"otter-form-input\"\/><\/div>\n\n\n<div class=\"protection\" aria-hidden=\"true\"><input type=\"hidden\" id=\"wp-block-themeisle-blocks-form-346b5dd6_nonce_field\" name=\"wp-block-themeisle-blocks-form-346b5dd6_nonce_field\" value=\"73028fe990\" \/><input type=\"hidden\" name=\"_wp_http_referer\" value=\"\/index.php\/wp-json\/wp\/v2\/pages\/576\" \/><input class=\"o-anti-bot\" type=\"checkbox\"><\/div>\n\n\n<div id=\"wp-block-themeisle-blocks-form-input-162629e2\" class=\"wp-block-themeisle-blocks-form-input\"><label for=\"wp-block-themeisle-blocks-form-input-162629e2-input\" class=\"otter-form-input-label\"><span class=\"otter-form-input-label__label\"><em>Votre t\u00e9l\u00e9phone<\/em><\/span><\/label><input type=\"text\" id=\"wp-block-themeisle-blocks-form-input-162629e2-input\" class=\"otter-form-input\"\/><\/div>\n\n\n\n<div id=\"wp-block-themeisle-blocks-form-textarea-fcb0e154\" class=\"wp-block-themeisle-blocks-form-textarea\"><label for=\"wp-block-themeisle-blocks-form-textarea-fcb0e154-input\" class=\"otter-form-textarea-label\"><span class=\"otter-form-textarea-label__label\"><em>Votre message<\/em><\/span><\/label><textarea id=\"wp-block-themeisle-blocks-form-textarea-fcb0e154-input\" rows=\"10\" class=\"otter-form-textarea-input\"><\/textarea><\/div>\n\n\n\n<p class=\"has-ti-accent-color has-text-color has-link-color has-extra-small-font-size wp-elements-a17176c1e7a7b6b6f6d5d99a94002762\">En soumettant ce formulaire de contact, vous acceptez que les informations saisies soient exploit\u00e9es dans le cadre de votre demande.<\/p>\n\n\n\n<p class=\"has-ti-accent-color has-text-color has-link-color has-small-font-size wp-elements-ce1b4950b9ec67c890628eeb929a4551\" style=\"margin-top:0;margin-bottom:0\">Pour conna\u00eetre et exercer vos droits, notamment de retrait de votre consentement \u00e0 l\u2019utilisation des donn\u00e9es collect\u00e9es par ce formulaire, veuillez consulter les conditions g\u00e9n\u00e9rales d\u2019utilisation li\u00e9es \u00e0 la&nbsp;<a href=\"https:\/\/www.ruptur.fr\/vos-donnees-personnelles\/\">gestion des donn\u00e9es personnelles<\/a>.<\/p>\n<div class=\"wp-block-button\"><button class=\"wp-block-button__link\" type=\"submit\">Submit<\/button><\/div><\/form><\/div>\n<\/div>\n<\/div>\n<\/div>\n","protected":false},"excerpt":{"rendered":"<p>In Principo en France www.inprincipo.com In Principo Paris60 rue de Richelieu75002 PARIS+33 1 53 05 99 75 In Principo Lyon3 cours Charlemagne69003 LYON In Principo Hauts de FranceCampus AGROTECHSquare Eug\u00e8ne Thomas&nbsp;59780 Willems&nbsp; Nous croyons, dans un monde en transition, turbulent et incertain, que ce sont les organisations et les territoires qui mobilisent le mieux leur [&hellip;]<\/p>\n","protected":false},"author":1,"featured_media":0,"parent":0,"menu_order":0,"comment_status":"closed","ping_status":"closed","template":"wp-custom-template-pages-grande-largeur","meta":{"_themeisle_gutenberg_block_has_review":false,"footnotes":""},"class_list":["post-576","page","type-page","status-publish","hentry"],"jetpack-related-posts":[{"id":271,"url":"https:\/\/inprincipo2024.inprincipo.com\/index.php\/lecosysteme\/","url_meta":{"origin":576,"position":0},"title":"L&rsquo;\u00c9COSYST\u00c8ME","author":"In Principo","date":"8 septembre 2024","format":false,"excerpt":"La performance by In Principo, on vous le dit de suite, c\u2019est tout un concept. Parce que dans l\u2019entreprise, la performance est multiple, et plus que toute autre se d\u00e9cline en fonction des valeurs et de la culture de l\u2019entreprise : sociale, financi\u00e8re, op\u00e9rationnelle, \u00e9conomique\u2026 Mais quelle qu\u2019elle soit, elle\u2026","rel":"","context":"Article similaire","block_context":{"text":"Article similaire","link":""},"img":{"alt_text":"","src":"https:\/\/i0.wp.com\/inprincipo2024.inprincipo.com\/wp-content\/uploads\/2024\/09\/INP-Energie-600x600-1.png?resize=350%2C200&ssl=1","width":350,"height":200,"srcset":"https:\/\/i0.wp.com\/inprincipo2024.inprincipo.com\/wp-content\/uploads\/2024\/09\/INP-Energie-600x600-1.png?resize=350%2C200&ssl=1 1x, https:\/\/i0.wp.com\/inprincipo2024.inprincipo.com\/wp-content\/uploads\/2024\/09\/INP-Energie-600x600-1.png?resize=525%2C300&ssl=1 1.5x"},"classes":[]},{"id":1042,"url":"https:\/\/inprincipo2024.inprincipo.com\/index.php\/les-prestations\/","url_meta":{"origin":576,"position":1},"title":"LES PRESTATIONS","author":"In Principo","date":"9 octobre 2024","format":false,"excerpt":"LES \u00c9TAPES DE LA FACILITATION STRAT\u00c9GIQUE LES ACCOMPAGNEMENTS LES FORMATIONS LES PROGRAMMES In Principo en France www.inprincipo.com In Principo Paris60 rue de Richelieu75002 PARIS+33 1 53 05 99 75 In Principo Lyon3 cours Charlemagne69003 LYON In Principo Hauts de FranceCampus AGROTECHSquare Eug\u00e8ne Thomas\u00a059780 Willems\u00a0 In Principo Maine(en cours) Pour d\u00e9velopper\u2026","rel":"","context":"Article similaire","block_context":{"text":"Article similaire","link":""},"img":{"alt_text":"","src":"","width":0,"height":0},"classes":[]},{"id":1061,"url":"https:\/\/inprincipo2024.inprincipo.com\/index.php\/un-peu-dhistoire\/","url_meta":{"origin":576,"position":2},"title":"UN PEU D&rsquo;HISTOIRE","author":"In Principo","date":"9 octobre 2024","format":false,"excerpt":"QUI SOMMES-NOUS ? L'\u00c9QUIPE UN PEU D'HISTOIRE NOS PARTENAIRES In Principo en France www.inprincipo.com In Principo Paris60 rue de Richelieu75002 PARIS+33 1 53 05 99 75 In Principo Lyon3 cours Charlemagne69003 LYON In Principo Hauts de FranceCampus AGROTECHSquare Eug\u00e8ne Thomas\u00a059780 Willems\u00a0 In Principo Laval(en cours) Fond\u00e9e en 2002, In Principo\u2026","rel":"","context":"Article similaire","block_context":{"text":"Article similaire","link":""},"img":{"alt_text":"","src":"","width":0,"height":0},"classes":[]},{"id":153,"url":"https:\/\/inprincipo2024.inprincipo.com\/index.php\/quest-ce-que-la-facilitation-strategique\/","url_meta":{"origin":576,"position":3},"title":"Qu\u2019est-ce que la facilitation strat\u00e9gique\u00a0?","author":"In Principo","date":"7 septembre 2024","format":false,"excerpt":"Faciliter, c\u2019est cr\u00e9er les conditions de l\u2019intelligence collective qui permettent \u00e0 un collectif de d\u00e9passer sa complexit\u00e9 par un saut de cr\u00e9ativit\u00e9, de performance ou de capacit\u00e9. \u00catre strat\u00e9gique, c\u2019est \u00eatre profond\u00e9ment intelligent avec la trajectoire de son organisation. Au c\u0153ur des turbulences, il nous parait indispensable d\u2019ancrer chaque d\u00e9marche\u2026","rel":"","context":"Article similaire","block_context":{"text":"Article similaire","link":""},"img":{"alt_text":"","src":"","width":0,"height":0},"classes":[]},{"id":1848,"url":"https:\/\/inprincipo2024.inprincipo.com\/index.php\/communiquer-en-puissance-et-en-authenticite\/","url_meta":{"origin":576,"position":4},"title":"Communiquer en puissance et en authenticit\u00e9","author":"In Principo","date":"18 f\u00e9vrier 2025","format":false,"excerpt":"Tout a d\u00e9j\u00e0 \u00e9t\u00e9 \u00e9crit sur la communication. Pourtant, nous le voyons tous les jours, il y a celles qui marchent et les autres. Il y a celles qui sont justes, authentiques, puissantes, ancr\u00e9es et celles qui sont ce que l\u2019on appelle de la \u00ab\u00a0comm\u2019\u00a0\u00bb\u2026\u00a0 Communiquer pour une organisation est\u2026","rel":"","context":"Article similaire","block_context":{"text":"Article similaire","link":""},"img":{"alt_text":"","src":"","width":0,"height":0},"classes":[]},{"id":1091,"url":"https:\/\/inprincipo2024.inprincipo.com\/index.php\/nos-partenaires\/","url_meta":{"origin":576,"position":5},"title":"NOS PARTENAIRES","author":"In Principo","date":"9 octobre 2024","format":false,"excerpt":"QUI SOMMES-NOUS ? L'\u00c9QUIPE UN PEU D'HISTOIRE NOS PARTENAIRES In Principo en France www.inprincipo.com In Principo Paris60 rue de Richelieu75002 PARIS+33 1 53 05 99 75 In Principo Lyon3 cours Charlemagne69003 LYON In Principo Hauts de FranceCampus AGROTECHSquare Eug\u00e8ne Thomas\u00a059780 Willems\u00a0 In Principo Laval(en cours) In Principo s\u2019appuie sur un\u2026","rel":"","context":"Article similaire","block_context":{"text":"Article similaire","link":""},"img":{"alt_text":"","src":"","width":0,"height":0},"classes":[]}],"jetpack_sharing_enabled":true,"_links":{"self":[{"href":"https:\/\/inprincipo2024.inprincipo.com\/index.php\/wp-json\/wp\/v2\/pages\/576","targetHints":{"allow":["GET"]}}],"collection":[{"href":"https:\/\/inprincipo2024.inprincipo.com\/index.php\/wp-json\/wp\/v2\/pages"}],"about":[{"href":"https:\/\/inprincipo2024.inprincipo.com\/index.php\/wp-json\/wp\/v2\/types\/page"}],"author":[{"embeddable":true,"href":"https:\/\/inprincipo2024.inprincipo.com\/index.php\/wp-json\/wp\/v2\/users\/1"}],"replies":[{"embeddable":true,"href":"https:\/\/inprincipo2024.inprincipo.com\/index.php\/wp-json\/wp\/v2\/comments?post=576"}],"version-history":[{"count":44,"href":"https:\/\/inprincipo2024.inprincipo.com\/index.php\/wp-json\/wp\/v2\/pages\/576\/revisions"}],"predecessor-version":[{"id":6907,"href":"https:\/\/inprincipo2024.inprincipo.com\/index.php\/wp-json\/wp\/v2\/pages\/576\/revisions\/6907"}],"wp:attachment":[{"href":"https:\/\/inprincipo2024.inprincipo.com\/index.php\/wp-json\/wp\/v2\/media?parent=576"}],"curies":[{"name":"wp","href":"https:\/\/api.w.org\/{rel}","templated":true}]}}