{"id":2488,"date":"2025-03-11T10:14:10","date_gmt":"2025-03-11T09:14:10","guid":{"rendered":"https:\/\/inprincipo2024.inprincipo.com\/?page_id=2488"},"modified":"2025-03-12T15:16:43","modified_gmt":"2025-03-12T14:16:43","slug":"veille-strategique-grand-groupe","status":"publish","type":"page","link":"https:\/\/inprincipo2024.inprincipo.com\/index.php\/veille-strategique-grand-groupe\/","title":{"rendered":"VEILLE STRAT\u00c9GIQUE GRAND GROUPE\u00a0"},"content":{"rendered":"\n<figure class=\"wp-block-image size-large\"><img data-recalc-dims=\"1\" loading=\"lazy\" decoding=\"async\" width=\"1024\" height=\"428\" src=\"https:\/\/i0.wp.com\/inprincipo2024.inprincipo.com\/wp-content\/uploads\/2025\/03\/IMG_1702.jpeg?resize=1024%2C428&#038;ssl=1\" alt=\"\" class=\"wp-image-2489\" srcset=\"https:\/\/i0.wp.com\/inprincipo2024.inprincipo.com\/wp-content\/uploads\/2025\/03\/IMG_1702-scaled.jpeg?resize=1024%2C428&amp;ssl=1 1024w, https:\/\/i0.wp.com\/inprincipo2024.inprincipo.com\/wp-content\/uploads\/2025\/03\/IMG_1702-scaled.jpeg?resize=300%2C125&amp;ssl=1 300w, https:\/\/i0.wp.com\/inprincipo2024.inprincipo.com\/wp-content\/uploads\/2025\/03\/IMG_1702-scaled.jpeg?resize=768%2C321&amp;ssl=1 768w, https:\/\/i0.wp.com\/inprincipo2024.inprincipo.com\/wp-content\/uploads\/2025\/03\/IMG_1702-scaled.jpeg?resize=1536%2C642&amp;ssl=1 1536w, https:\/\/i0.wp.com\/inprincipo2024.inprincipo.com\/wp-content\/uploads\/2025\/03\/IMG_1702-scaled.jpeg?resize=2048%2C856&amp;ssl=1 2048w\" sizes=\"auto, (max-width: 1000px) 100vw, 1000px\" \/><\/figure>\n\n\n\n<h2 class=\"wp-block-heading\"><strong>Comment passer d\u2019une information strat\u00e9gique cloisonn\u00e9e \u00e0 la mutualisation pour cr\u00e9er les conditions d\u2019une gouvernance partag\u00e9e et augment\u00e9e&nbsp;?<\/strong><\/h2>\n\n\n\n<p>La force d\u2019un Grand Groupe est de rassembler des activit\u00e9s diff\u00e9rentes autour d\u2019un m\u00eame projet strat\u00e9gique, d\u2019\u00eatre pr\u00e9sent dans des secteurs d\u2019activit\u00e9s aux rythmes d\u2019\u00e9volutions compl\u00e9mentaires, dans une diversit\u00e9 de g\u00e9ographies o\u00f9 peuvent se d\u00e9multiplier les synergies. \u00c7a\u2026 c\u2019est dans la th\u00e9orie. C\u2019est-\u00e0-dire quand les dirigeants, les \u00e9tats-majors des unit\u00e9s veulent bien partager. Et dans ce Grand Groupe-l\u00e0, on ne partage pas entre les unit\u00e9s ce qui est strat\u00e9gique. M\u00eame la veille strat\u00e9gique est consid\u00e9r\u00e9e comme trop pr\u00e9cieuse quand la comp\u00e9tition est interne\u2026<\/p>\n\n\n\n<p><strong>Cette culture de la performance cloisonn\u00e9e dans un monde classique \u00e9tait d\u00e9j\u00e0 un facteur limitant. Dans un monde extr\u00eamement concurrentiel, dynamique, incertain et turbulent, il est inconcevable de ne pas \u00eatre strat\u00e9giquement intelligent ensemble. La direction g\u00e9n\u00e9rale de ce Groupe en est convaincue. La prise de conscience de cette \u00e9volution va \u00eatre amen\u00e9e par un sujet anodin\u00a0: la mutualisation de la veille strat\u00e9gique du Groupe.<\/strong><\/p>\n\n\n\n<h2 class=\"wp-block-heading\"><strong>Le briefing client<\/strong><\/h2>\n\n\n\n<p>C\u2019est une mission sensible sur un domaine r\u00e9serv\u00e9 \u00e0 d\u00e9velopper en transverse. La demande est simple&nbsp;: <strong>Comment \u00e0 l\u2019heure des plateformes num\u00e9riques mutualiser l\u2019effort de veille strat\u00e9gique du Groupe dans les achats et l\u2019acquisition d\u2019information, le partage et l\u2019analyse des connaissances, pour am\u00e9liorer la capacit\u00e9 de d\u00e9cision du Groupe, son agilit\u00e9 strat\u00e9gique&nbsp;?<\/strong><\/p>\n\n\n\n<p>Une mission aux objectifs affich\u00e9s factuels et consensuels. Une mission dont la port\u00e9e potentielle pourrait \u00eatre tout autre.<\/p>\n\n\n\n<h2 class=\"wp-block-heading\"><strong>Cadrage strat\u00e9gique<\/strong><\/h2>\n\n\n\n<p>Comment aborder cette mission\u00a0? Comment cr\u00e9er les conditions d\u2019une l\u00e9gitimit\u00e9 imm\u00e9diate pour engager une dynamique mobilisatrice \u00e0 m\u00eame de cr\u00e9er ensuite les effets attendus sur la gouvernance\u00a0? <\/p>\n\n\n\n<p>Nous cr\u00e9ons une instance pilote avec les bons interlocuteurs pour d\u00e9finir les acteurs cl\u00e9s \u00e0 \u00e9couter, les dirigeants \u00e0 interviewer, les parties prenantes \u2013 marketing, veille, recherche, m\u00e9tier et financi\u00e8res \u2013 \u00e0 mobiliser. Toutes les grandes unit\u00e9s op\u00e9rationnelles, la division recherche et plusieurs directions pays sont consid\u00e9r\u00e9es. <\/p>\n\n\n\n<p>Nous cr\u00e9ons un Comit\u00e9 Veille Strat\u00e9gique &#8211; avec un centrage m\u00e9thode, outils, plateforme en questionnant les usages strat\u00e9giques &#8211; pour rassembler apr\u00e8s enqu\u00eate, une part significative des parties prenantes. La d\u00e9marche d\u00e8s lors se pr\u00e9sente comme une mission d\u2019optimisation de l\u2019existant. Rien de r\u00e9volutionnaire.<\/p>\n\n\n\n<h2 class=\"wp-block-heading\"><strong>Design de d\u00e9marche<\/strong><\/h2>\n\n\n\n<p>Le design de mission qui d\u00e9coule de cette approche est novateur dans son essence collaborative sans paraitre non plus ni trop volontariste, ni transformant. Et pourtant&nbsp;!<\/p>\n\n\n\n<p>Au nom de l\u2019opportunit\u00e9 de la mutualisation des achats et de l\u2019acquisition d\u2019information, du partage et de l\u2019analyse des connaissances, toutes les questions utiles et factuelles sont permises. Nous communiquons sur la mission au bon niveau pour installer la n\u00e9cessit\u00e9, le calendrier, les livrables. Une mission \u00e0 \u00ab\u00a0effet diligence\u00a0\u00bb. Le nom\u00a0\u00ab\u00a0effet diligence\u00a0\u00bb\u00a0fait r\u00e9f\u00e9rence \u00e0 l&rsquo;\u00e9poque des d\u00e9buts du chemin de fer o\u00f9 les wagons avaient gard\u00e9 l&rsquo;aspect des diligences tir\u00e9es par des chevaux pour faciliter l\u2019acceptation d\u2019une innovation en lui donnant une forme connue.<\/p>\n\n\n\n<h2 class=\"wp-block-heading\"><strong>R\u00e9alisation<\/strong><\/h2>\n\n\n\n<p>L\u2019information strat\u00e9gique, l\u2019analyse, ce qui permet les conditions de la d\u00e9cision au dirigeant sont alors v\u00e9cus par beaucoup de contributeurs comme une activit\u00e9 tellement chronophage et si peu reconnue, qu\u2019ils se pr\u00eatent tr\u00e8s volontiers \u00e0 l\u2019exercice. Les dirigeants sont heureux d\u2019\u00eatre interview\u00e9s. Nous r\u00e9coltons une manne d\u2019information, de verbatims, de bonnes pratiques, de ressources diverses. <\/p>\n\n\n\n<p>Nous avons organis\u00e9 plusieurs journ\u00e9es de partage et de progression avec le Comit\u00e9 Veille Strat\u00e9gique, large de pr\u00e8s de 40 personnes. Des journ\u00e9es tr\u00e8s fortes. Une vision commune, des opportunit\u00e9s \u00e0 mutualiser. Le cloisonnement a eu du bon dans le sens o\u00f9 il a fait \u00e9merger des pratiques tr\u00e8s diff\u00e9rentes, tr\u00e8s compl\u00e9mentaires dont le puzzle fait rapidement un syst\u00e8me de pratiques de veille. Mais plus encore, c\u2019est la conscience commune d\u2019un enjeu strat\u00e9gique \u00e0 partager qui s\u2019installe et qui mobilise chacun.<\/p>\n\n\n\n<p>Les initiatives transverses \u00e9mergent spontan\u00e9ment, la mutualisation des achats de donn\u00e9es, des actions s\u2019organisent. L\u2019id\u00e9e d\u2019une plateforme num\u00e9rique commune pour l&rsquo;ensemble du Groupe s\u2019installe comme une \u00e9vidence. <\/p>\n\n\n\n<p>Dans ce Groupe de plusieurs milliers de personnes, la possibilit\u00e9 de nourrir la veille de chaque sujet, acteur, march\u00e9 par des dizaines de contributeurs, la possibilit\u00e9 de nourrir des flux et des monographies ensemble, la possibilit\u00e9 de d\u00e9velopper de mani\u00e8re partag\u00e9e entre plusieurs entit\u00e9s,des analyses, des projections, des hypoth\u00e8ses strat\u00e9giques ouvrait la voie d&rsquo;une Gouvernance Strat\u00e9gique Augment\u00e9e.<\/p>\n\n\n\n<h2 class=\"wp-block-heading\"><strong>Bilan et r\u00e9sultats<\/strong><\/h2>\n\n\n\n<p>La d\u00e9marche durera 8 mois. 8 mois intenses se concluant par un appel d\u2019offre et le choix d\u2019une plateforme associant des technologies avanc\u00e9es de traitement de l\u2019information renfor\u00e7ant la productivit\u00e9 de chaque cellule ou fili\u00e8re de veille mais surtout cr\u00e9ant les conditions d\u2019un partage fluide de l\u2019information strat\u00e9gique.<\/p>\n\n\n\n<p>Au d\u00e9part de la mission, notre constat \u00e9tait que seulement 5% de l\u2019information en veille \u00e9taient mutualis\u00e9s pour toutes les raisons techniques et politiques imaginables. A l\u2019issue de la d\u00e9marche seuls 5% de l\u2019activit\u00e9 de veille strat\u00e9gique restent dans le pr\u00e9-carr\u00e9 des dirigeants, c\u2019est-\u00e0-dire que 95% des informations, des analyses, des monographies, des synth\u00e8ses march\u00e9s, des notes de prospective, des recommandations strat\u00e9giques sont mutualis\u00e9s. Cette Mission Veille Strat\u00e9gique Groupe a eu un impact majeur sur le climat de gouvernance de ce Grand Groupe.<\/p>\n\n\n\n<h2 class=\"wp-block-heading\"><strong>Recommandations pour poursuivre<\/strong><\/h2>\n\n\n\n<p>Une telle dynamique ne doit pas rester en l\u2019\u00e9tat, aussi satisfaisant soit-il \u00e0 cette \u00e9tape d\u2019initialisation et de plate-forme. Le plus important commence&nbsp;: installer dans la dur\u00e9e ces comportements et ces pratiques par des cycles, une dynamique collaborative continue et une culture qui permettent \u00e0 l\u2019organisation de passer d\u2019une intelligence collective revivifi\u00e9e adoss\u00e9e \u00e0 de bons outils, \u00e0 une v\u00e9ritable gouvernance augment\u00e9e qui permet d\u2019aller vers plus d\u2019audace strat\u00e9gique.<\/p>\n","protected":false},"excerpt":{"rendered":"<p>Comment passer d\u2019une information strat\u00e9gique cloisonn\u00e9e \u00e0 la mutualisation pour cr\u00e9er les conditions d\u2019une gouvernance partag\u00e9e et augment\u00e9e&nbsp;? La force d\u2019un Grand Groupe est de rassembler des activit\u00e9s diff\u00e9rentes autour d\u2019un m\u00eame projet strat\u00e9gique, d\u2019\u00eatre pr\u00e9sent dans des secteurs d\u2019activit\u00e9s aux rythmes d\u2019\u00e9volutions compl\u00e9mentaires, dans une diversit\u00e9 de g\u00e9ographies o\u00f9 peuvent se d\u00e9multiplier les synergies. [&hellip;]<\/p>\n","protected":false},"author":2,"featured_media":0,"parent":0,"menu_order":0,"comment_status":"closed","ping_status":"closed","template":"","meta":{"_themeisle_gutenberg_block_has_review":false,"footnotes":""},"class_list":["post-2488","page","type-page","status-publish","hentry"],"jetpack-related-posts":[{"id":337,"url":"https:\/\/inprincipo2024.inprincipo.com\/index.php\/lenergie-pourquoi-cest-devenu-un-vrai-sujet\/","url_meta":{"origin":2488,"position":0},"title":"L\u2019\u00e9nergie, pourquoi c&rsquo;est un sujet crucial\u2026\u00a0","author":"In Principo","date":"10 septembre 2024","format":false,"excerpt":"Si l\u2019\u00e9nergie humaine, nous para\u00eet aujourd\u2019hui une capacit\u00e9 collective d\u00e9terminante, celle-ci est rarement trait\u00e9e comme un v\u00e9ritable enjeu\u00a0: \u00ab\u00a0ce n\u2019est pas un sujet de la direction\u00a0\u00bb. R\u00e9sultat\u00a0: nombreux sont les collaborateurs qui se d\u00e9mobilisent. Car l\u2019\u00e9nergie permet de faire la pleine diff\u00e9rence dans un environnement challeng\u00e9, \u00e9prouvant. L\u2019\u00e9nergie est ce\u2026","rel":"","context":"Article similaire","block_context":{"text":"Article similaire","link":""},"img":{"alt_text":"","src":"https:\/\/i0.wp.com\/inprincipo2024.inprincipo.com\/wp-content\/uploads\/2025\/03\/Bateau-energie-Horizontal-1-scaled.jpg?resize=350%2C200&ssl=1","width":350,"height":200,"srcset":"https:\/\/i0.wp.com\/inprincipo2024.inprincipo.com\/wp-content\/uploads\/2025\/03\/Bateau-energie-Horizontal-1-scaled.jpg?resize=350%2C200&ssl=1 1x, https:\/\/i0.wp.com\/inprincipo2024.inprincipo.com\/wp-content\/uploads\/2025\/03\/Bateau-energie-Horizontal-1-scaled.jpg?resize=525%2C300&ssl=1 1.5x, https:\/\/i0.wp.com\/inprincipo2024.inprincipo.com\/wp-content\/uploads\/2025\/03\/Bateau-energie-Horizontal-1-scaled.jpg?resize=700%2C400&ssl=1 2x, https:\/\/i0.wp.com\/inprincipo2024.inprincipo.com\/wp-content\/uploads\/2025\/03\/Bateau-energie-Horizontal-1-scaled.jpg?resize=1050%2C600&ssl=1 3x, https:\/\/i0.wp.com\/inprincipo2024.inprincipo.com\/wp-content\/uploads\/2025\/03\/Bateau-energie-Horizontal-1-scaled.jpg?resize=1400%2C800&ssl=1 4x"},"classes":[]},{"id":405,"url":"https:\/\/inprincipo2024.inprincipo.com\/index.php\/le-labo-dorleans-metropole\/","url_meta":{"origin":2488,"position":1},"title":"LE LAB\u2019O D\u2019ORL\u00c9ANS M\u00c9TROPOLE\u00a0","author":"In Principo","date":"13 septembre 2024","format":false,"excerpt":"Repositionner un incubateur num\u00e9rique en c\u0153ur d\u2019\u00e9cosyst\u00e8me d\u2019innovation\u00a0du territoire Nous sommes en 2018, Le LAB\u2019O Village By CA, vient de f\u00eater ses 2 ans d\u2019existence. Il porte tous les espoirs de la dynamique d\u2019innovation du territoire\u00a0: 14.000 m2\u00a0d\u00e9di\u00e9s aux startups et \u00e0 l\u2019innovation sur les bords de la Loire dans\u2026","rel":"","context":"Article similaire","block_context":{"text":"Article similaire","link":""},"img":{"alt_text":"","src":"https:\/\/i0.wp.com\/inprincipo2024.inprincipo.com\/wp-content\/uploads\/2024\/09\/INP-LABO-logo-1200x630-1.jpg?fit=1200%2C630&ssl=1&resize=350%2C200","width":350,"height":200,"srcset":"https:\/\/i0.wp.com\/inprincipo2024.inprincipo.com\/wp-content\/uploads\/2024\/09\/INP-LABO-logo-1200x630-1.jpg?fit=1200%2C630&ssl=1&resize=350%2C200 1x, https:\/\/i0.wp.com\/inprincipo2024.inprincipo.com\/wp-content\/uploads\/2024\/09\/INP-LABO-logo-1200x630-1.jpg?fit=1200%2C630&ssl=1&resize=525%2C300 1.5x, https:\/\/i0.wp.com\/inprincipo2024.inprincipo.com\/wp-content\/uploads\/2024\/09\/INP-LABO-logo-1200x630-1.jpg?fit=1200%2C630&ssl=1&resize=700%2C400 2x, https:\/\/i0.wp.com\/inprincipo2024.inprincipo.com\/wp-content\/uploads\/2024\/09\/INP-LABO-logo-1200x630-1.jpg?fit=1200%2C630&ssl=1&resize=1050%2C600 3x"},"classes":[]},{"id":1868,"url":"https:\/\/inprincipo2024.inprincipo.com\/index.php\/repositionner-un-incubateur-numerique-en-coeur-decosysteme-dinnovation\/","url_meta":{"origin":2488,"position":2},"title":"Repositionner un incubateur num\u00e9rique en c\u0153ur d\u2019\u00e9cosyst\u00e8me d\u2019innovation\u00a0","author":"In Principo","date":"18 f\u00e9vrier 2025","format":false,"excerpt":"Nous sommes en 2018, Le LAB\u2019O Village By CA, vient de f\u00eater ses 2 ans d\u2019existence. Il porte tous les espoirs de la dynamique d\u2019innovation du territoire\u00a0: 14.000 m2\u00a0d\u00e9di\u00e9s aux startups et \u00e0 l\u2019innovation sur les bords de la Loire dans un ancien Labo pharmaceutique enti\u00e8rement r\u00e9nov\u00e9, le label French\u2026","rel":"","context":"Article similaire","block_context":{"text":"Article similaire","link":""},"img":{"alt_text":"","src":"","width":0,"height":0},"classes":[]},{"id":2493,"url":"https:\/\/inprincipo2024.inprincipo.com\/index.php\/de-lia-a-la-gouvernance-augmentee\/","url_meta":{"origin":2488,"position":3},"title":"De l&rsquo;IA \u00e0 la Gouvernance Augment\u00e9e&#8230;","author":"Olivier Reaud","date":"11 mars 2025","format":false,"excerpt":"L'Intelligence Collective s'est d\u00e9velopp\u00e9e dans de nombreuses sph\u00e8res de l'organisation - management, innovation, projets, RSE. \u00c9trangement peu en mati\u00e8re de Gouvernance. Il en est de m\u00eame pour l'IA. La puissance de la nouveaut\u00e9 est-elle un handicap \u00e0 l'\u00e9volution des pratiques de Gouvernance ? Et si la conjonction des deux \u00e9tait\u2026","rel":"","context":"Article similaire","block_context":{"text":"Article similaire","link":""},"img":{"alt_text":"","src":"","width":0,"height":0},"classes":[]},{"id":2651,"url":"https:\/\/inprincipo2024.inprincipo.com\/index.php\/groupe-sncf-engager-la-transition-energetique-comme-une-opportunite-strategique-majeure\/","url_meta":{"origin":2488,"position":4},"title":"Groupe SNCF\u00a0: engager la transition \u00e9nerg\u00e9tique comme une opportunit\u00e9 strat\u00e9gique majeure","author":"Olivier Reaud","date":"12 mars 2025","format":false,"excerpt":"Aussi surprenant que cela puisse paraitre aujourd\u2019hui, d\u00e9but 2013, le TOP 70 des dirigeants du Groupe SNCF voyait dans cette grande question beaucoup de raisons d\u2019y aller tr\u00e8s prudemment. Trois croyances limitantes bloquent toutes avanc\u00e9es. La premi\u00e8re est que la SNCF ne pourra plus accomplir sa mission de service public\u2026","rel":"","context":"Article similaire","block_context":{"text":"Article similaire","link":""},"img":{"alt_text":"","src":"https:\/\/i0.wp.com\/inprincipo2024.inprincipo.com\/wp-content\/uploads\/2025\/12\/251202-SNCF-Transition-Energetique-StrategieV5.png?resize=350%2C200&ssl=1","width":350,"height":200,"srcset":"https:\/\/i0.wp.com\/inprincipo2024.inprincipo.com\/wp-content\/uploads\/2025\/12\/251202-SNCF-Transition-Energetique-StrategieV5.png?resize=350%2C200&ssl=1 1x, https:\/\/i0.wp.com\/inprincipo2024.inprincipo.com\/wp-content\/uploads\/2025\/12\/251202-SNCF-Transition-Energetique-StrategieV5.png?resize=525%2C300&ssl=1 1.5x, https:\/\/i0.wp.com\/inprincipo2024.inprincipo.com\/wp-content\/uploads\/2025\/12\/251202-SNCF-Transition-Energetique-StrategieV5.png?resize=700%2C400&ssl=1 2x, https:\/\/i0.wp.com\/inprincipo2024.inprincipo.com\/wp-content\/uploads\/2025\/12\/251202-SNCF-Transition-Energetique-StrategieV5.png?resize=1050%2C600&ssl=1 3x, https:\/\/i0.wp.com\/inprincipo2024.inprincipo.com\/wp-content\/uploads\/2025\/12\/251202-SNCF-Transition-Energetique-StrategieV5.png?resize=1400%2C800&ssl=1 4x"},"classes":[]},{"id":325,"url":"https:\/\/inprincipo2024.inprincipo.com\/index.php\/credit-agricole-normandie\/","url_meta":{"origin":2488,"position":5},"title":"CREDIT AGRICOLE NORMANDIE","author":"In Principo","date":"10 septembre 2024","format":false,"excerpt":"R\u00e9ussir une fusion par et pour l\u2019\u00e9nergie collaborative \u00ab\u00a0L\u2019agilit\u00e9 ne se d\u00e9cr\u00e8te pas, elle se suscite de l\u2019int\u00e9rieur de l\u2019organisation\u00a0\u00bb.\u00a0\u00a0C\u2019est en accrochant sur cette phrase d\u2019un de nos posts de 2007 et reprise sur Wikipedia dans l\u2019article \u00ab\u00a0le management agile\u00a0\u00bb que le responsable de la transformation du Cr\u00e9dit Agricole Normandie\u2026","rel":"","context":"Article similaire","block_context":{"text":"Article similaire","link":""},"img":{"alt_text":"","src":"","width":0,"height":0},"classes":[]}],"jetpack_sharing_enabled":true,"_links":{"self":[{"href":"https:\/\/inprincipo2024.inprincipo.com\/index.php\/wp-json\/wp\/v2\/pages\/2488","targetHints":{"allow":["GET"]}}],"collection":[{"href":"https:\/\/inprincipo2024.inprincipo.com\/index.php\/wp-json\/wp\/v2\/pages"}],"about":[{"href":"https:\/\/inprincipo2024.inprincipo.com\/index.php\/wp-json\/wp\/v2\/types\/page"}],"author":[{"embeddable":true,"href":"https:\/\/inprincipo2024.inprincipo.com\/index.php\/wp-json\/wp\/v2\/users\/2"}],"replies":[{"embeddable":true,"href":"https:\/\/inprincipo2024.inprincipo.com\/index.php\/wp-json\/wp\/v2\/comments?post=2488"}],"version-history":[{"count":11,"href":"https:\/\/inprincipo2024.inprincipo.com\/index.php\/wp-json\/wp\/v2\/pages\/2488\/revisions"}],"predecessor-version":[{"id":2621,"href":"https:\/\/inprincipo2024.inprincipo.com\/index.php\/wp-json\/wp\/v2\/pages\/2488\/revisions\/2621"}],"wp:attachment":[{"href":"https:\/\/inprincipo2024.inprincipo.com\/index.php\/wp-json\/wp\/v2\/media?parent=2488"}],"curies":[{"name":"wp","href":"https:\/\/api.w.org\/{rel}","templated":true}]}}