{"id":236,"date":"2024-09-08T15:39:00","date_gmt":"2024-09-08T13:39:00","guid":{"rendered":"http:\/\/inprincipo2024.inprincipo.com\/?page_id=236"},"modified":"2025-02-24T19:05:48","modified_gmt":"2025-02-24T18:05:48","slug":"contact","status":"publish","type":"page","link":"https:\/\/inprincipo2024.inprincipo.com\/index.php\/contact\/","title":{"rendered":"Contact"},"content":{"rendered":"\n<div class=\"wp-block-columns alignfull are-vertically-aligned-top is-layout-flex wp-container-core-columns-is-layout-cf05694f wp-block-columns-is-layout-flex\">\n<div class=\"wp-block-column is-layout-flow wp-block-column-is-layout-flow\" style=\"flex-basis:10%\"><\/div>\n\n\n\n<div class=\"wp-block-column is-vertically-aligned-top is-layout-constrained wp-block-column-is-layout-constrained\">\n<div id=\"wp-block-themeisle-blocks-font-awesome-icons-2b7e7997\" class=\"wp-block-themeisle-blocks-font-awesome-icons\"><span class=\"wp-block-themeisle-blocks-font-awesome-icons-container\"><i class=\"fab fa-map-marker-alt\"><\/i><\/span><\/div>\n\n\n\n<h2 id=\"wp-block-themeisle-blocks-advanced-heading-8e35b90f\" class=\"wp-block-themeisle-blocks-advanced-heading wp-block-themeisle-blocks-advanced-heading-8e35b90f\">Laissez-nous un message!<\/h2>\n\n\n\n<p>Vous souhaitez en savoir plus sur nos prestations, nous rencontrer pour \u00e9changer, prendre-rendez vous en visio\u2026<\/p>\n\n\n\n<p><strong>Nos coordonn\u00e9es<br><\/strong>+33 1 53 05 99 75<br>contact@inprincipo.com<br>60 rue de Richelieu, 75002 Paris<br><br><\/p>\n\n\n\n<div style=\"height:20px\" aria-hidden=\"true\" class=\"wp-block-spacer\"><\/div>\n<\/div>\n\n\n\n<div class=\"wp-block-column is-vertically-aligned-top is-layout-constrained wp-block-column-is-layout-constrained\"><div class=\"wp-block-jetpack-contact-form is-style-default wp-elements-00f17226c78bc40658301cb4e66f63a2\"><a href=\"https:\/\/inprincipo2024.inprincipo.com\/index.php\/contact\/\" target=\"_blank\" rel=\"noopener noreferrer\">Soumettre un formulaire.<\/a><\/div><\/div>\n\n\n\n<div class=\"wp-block-column is-layout-flow wp-block-column-is-layout-flow\" style=\"flex-basis:10%\"><\/div>\n<\/div>\n","protected":false},"excerpt":{"rendered":"<p>Vous souhaitez en savoir plus sur nos prestations, nous rencontrer pour \u00e9changer, prendre-rendez vous en visio\u2026 Nos coordonn\u00e9es+33 1 53 05 99 75contact@inprincipo.com60 rue de Richelieu, 75002 Paris<\/p>\n","protected":false},"author":1,"featured_media":0,"parent":0,"menu_order":0,"comment_status":"closed","ping_status":"closed","template":"wp-custom-template-pages-grande-largeur","meta":{"_themeisle_gutenberg_block_has_review":false,"footnotes":""},"class_list":["post-236","page","type-page","status-publish","hentry"],"jetpack-related-posts":[{"id":867,"url":"https:\/\/inprincipo2024.inprincipo.com\/index.php\/mentions-legales\/","url_meta":{"origin":236,"position":0},"title":"Mentions l\u00e9gales","author":"In Principo","date":"7 octobre 2024","format":false,"excerpt":"\u00c9diteur IN PRINCIPO SASSi\u00e8ge social\u00a0: 60 rue de Richelieu 75002 PARISRCS PARIS 488\u00a0877\u00a0044N\u00b0 TVA\u00a0: FR68488877044Capital\u00a0: 74.400\u00a0\u20acDirecteur de la publication\u00a0: Olivier R\u00e9audT\u00e9l. +33 (0)1\u00a053\u00a005\u00a099\u00a075Email\u00a0:\u00a0contact@inprincipo.com Propri\u00e9t\u00e9 Intellectuelle et Industrielle Le site ainsi que ses contenus, notamment les textes, photographies, images et sons, sont la propri\u00e9t\u00e9 exclusive de In Principo et ce dans\u2026","rel":"","context":"Article similaire","block_context":{"text":"Article similaire","link":""},"img":{"alt_text":"","src":"","width":0,"height":0},"classes":[]},{"id":1133,"url":"https:\/\/inprincipo2024.inprincipo.com\/index.php\/les-programmes\/","url_meta":{"origin":236,"position":1},"title":"LES PROGRAMMES","author":"In Principo","date":"15 octobre 2024","format":false,"excerpt":"LA M\u00c9THODE LES ACCOMPAGNEMENTS LES FORMATIONS LES PROGRAMMES In Principo en France www.inprincipo.com In Principo Paris60 rue de Richelieu75002 PARIS+33 1 53 05 99 75 In Principo Lyon3 cours Charlemagne69003 LYON In Principo Hauts de FranceCampus AGROTECHSquare Eug\u00e8ne Thomas\u00a059780 Willems\u00a0 In Principo Maine(en cours) Les Programmes de R\u00e9g\u00e9n\u00e9ration Continue\u00a0pour d\u00e9velopper\u2026","rel":"","context":"Article similaire","block_context":{"text":"Article similaire","link":""},"img":{"alt_text":"","src":"","width":0,"height":0},"classes":[]},{"id":1129,"url":"https:\/\/inprincipo2024.inprincipo.com\/index.php\/les-accompagnements\/","url_meta":{"origin":236,"position":2},"title":"LES ACCOMPAGNEMENTS","author":"In Principo","date":"15 octobre 2024","format":false,"excerpt":"LA M\u00c9THODE LES ACCOMPAGNEMENTS LES FORMATIONS LES PROGRAMMES In Principo en France www.inprincipo.com In Principo Paris60 rue de Richelieu75002 PARIS+33 1 53 05 99 75 In Principo Lyon3 cours Charlemagne69003 LYON In Principo Hauts de FranceCampus AGROTECHSquare Eug\u00e8ne Thomas\u00a059780 Willems\u00a0 In Principo Maine(en cours) Depuis l\u2019origine, nous r\u00e9pondons de mani\u00e8re\u2026","rel":"","context":"Article similaire","block_context":{"text":"Article similaire","link":""},"img":{"alt_text":"","src":"","width":0,"height":0},"classes":[]},{"id":1042,"url":"https:\/\/inprincipo2024.inprincipo.com\/index.php\/les-prestations\/","url_meta":{"origin":236,"position":3},"title":"LES PRESTATIONS","author":"In Principo","date":"9 octobre 2024","format":false,"excerpt":"LES \u00c9TAPES DE LA FACILITATION STRAT\u00c9GIQUE LES ACCOMPAGNEMENTS LES FORMATIONS LES PROGRAMMES In Principo en France www.inprincipo.com In Principo Paris60 rue de Richelieu75002 PARIS+33 1 53 05 99 75 In Principo Lyon3 cours Charlemagne69003 LYON In Principo Hauts de FranceCampus AGROTECHSquare Eug\u00e8ne Thomas\u00a059780 Willems\u00a0 In Principo Maine(en cours) Pour d\u00e9velopper\u2026","rel":"","context":"Article similaire","block_context":{"text":"Article similaire","link":""},"img":{"alt_text":"","src":"","width":0,"height":0},"classes":[]},{"id":576,"url":"https:\/\/inprincipo2024.inprincipo.com\/index.php\/qui-sommes-nous\/","url_meta":{"origin":236,"position":4},"title":"QUI SOMMES-NOUS ?","author":"In Principo","date":"18 septembre 2024","format":false,"excerpt":"QUI SOMMES-NOUS ? L'\u00c9QUIPE UN PEU D'HISTOIRE NOS PARTENAIRES In Principo en France www.inprincipo.com In Principo Paris60 rue de Richelieu75002 PARIS+33 1 53 05 99 75 In Principo Lyon3 cours Charlemagne69003 LYON In Principo Hauts de FranceCampus AGROTECHSquare Eug\u00e8ne Thomas\u00a059780 Willems\u00a0 Nous croyons, dans un monde en transition, turbulent et\u2026","rel":"","context":"Article similaire","block_context":{"text":"Article similaire","link":""},"img":{"alt_text":"","src":"","width":0,"height":0},"classes":[]},{"id":1107,"url":"https:\/\/inprincipo2024.inprincipo.com\/index.php\/la-facilitation-strategique\/","url_meta":{"origin":236,"position":5},"title":"LA FACILITATION STRAT\u00c9GIQUE","author":"In Principo","date":"15 octobre 2024","format":false,"excerpt":"LA FACILITATION STRAT\u00c9GIQUE TRANSITIONS, INCERTITUDES, TURBULENCES LES DYNAMIQUES COLLABORATIVES In Principo en France www.inprincipo.com In Principo Paris60 rue de Richelieu75002 PARIS+33 1 53 05 99 75 In Principo Lyon3 cours Charlemagne69003 LYON In Principo Hauts de FranceCampus AGROTECHSquare Eug\u00e8ne Thomas\u00a059780 Willems\u00a0 In Principo Maine(en cours) La facilitation strat\u00e9gique est la\u2026","rel":"","context":"Article similaire","block_context":{"text":"Article similaire","link":""},"img":{"alt_text":"","src":"https:\/\/i0.wp.com\/inprincipo2024.inprincipo.com\/wp-content\/uploads\/2025\/03\/Facilitation-Strategique-Concept.png?resize=350%2C200&ssl=1","width":350,"height":200,"srcset":"https:\/\/i0.wp.com\/inprincipo2024.inprincipo.com\/wp-content\/uploads\/2025\/03\/Facilitation-Strategique-Concept.png?resize=350%2C200&ssl=1 1x, https:\/\/i0.wp.com\/inprincipo2024.inprincipo.com\/wp-content\/uploads\/2025\/03\/Facilitation-Strategique-Concept.png?resize=525%2C300&ssl=1 1.5x, https:\/\/i0.wp.com\/inprincipo2024.inprincipo.com\/wp-content\/uploads\/2025\/03\/Facilitation-Strategique-Concept.png?resize=700%2C400&ssl=1 2x, https:\/\/i0.wp.com\/inprincipo2024.inprincipo.com\/wp-content\/uploads\/2025\/03\/Facilitation-Strategique-Concept.png?resize=1050%2C600&ssl=1 3x, https:\/\/i0.wp.com\/inprincipo2024.inprincipo.com\/wp-content\/uploads\/2025\/03\/Facilitation-Strategique-Concept.png?resize=1400%2C800&ssl=1 4x"},"classes":[]}],"jetpack_sharing_enabled":true,"_links":{"self":[{"href":"https:\/\/inprincipo2024.inprincipo.com\/index.php\/wp-json\/wp\/v2\/pages\/236","targetHints":{"allow":["GET"]}}],"collection":[{"href":"https:\/\/inprincipo2024.inprincipo.com\/index.php\/wp-json\/wp\/v2\/pages"}],"about":[{"href":"https:\/\/inprincipo2024.inprincipo.com\/index.php\/wp-json\/wp\/v2\/types\/page"}],"author":[{"embeddable":true,"href":"https:\/\/inprincipo2024.inprincipo.com\/index.php\/wp-json\/wp\/v2\/users\/1"}],"replies":[{"embeddable":true,"href":"https:\/\/inprincipo2024.inprincipo.com\/index.php\/wp-json\/wp\/v2\/comments?post=236"}],"version-history":[{"count":14,"href":"https:\/\/inprincipo2024.inprincipo.com\/index.php\/wp-json\/wp\/v2\/pages\/236\/revisions"}],"predecessor-version":[{"id":1898,"href":"https:\/\/inprincipo2024.inprincipo.com\/index.php\/wp-json\/wp\/v2\/pages\/236\/revisions\/1898"}],"wp:attachment":[{"href":"https:\/\/inprincipo2024.inprincipo.com\/index.php\/wp-json\/wp\/v2\/media?parent=236"}],"curies":[{"name":"wp","href":"https:\/\/api.w.org\/{rel}","templated":true}]}}