{"id":2237,"date":"2025-03-08T01:01:25","date_gmt":"2025-03-08T00:01:25","guid":{"rendered":"https:\/\/inprincipo2024.inprincipo.com\/?page_id=2237"},"modified":"2025-03-08T01:01:25","modified_gmt":"2025-03-08T00:01:25","slug":"rte-accelerer-la-transition-energetique-par-linnovation-collaborative","status":"publish","type":"page","link":"https:\/\/inprincipo2024.inprincipo.com\/index.php\/rte-accelerer-la-transition-energetique-par-linnovation-collaborative\/","title":{"rendered":"RTE : acc\u00e9l\u00e9rer la transition \u00e9nerg\u00e9tique par l&rsquo;innovation collaborative"},"content":{"rendered":"\n<p><strong>La transition est loin d\u2019\u00eatre neutre pour le transport de l\u2019\u00e9lectricit\u00e9. La travers\u00e9 du milieu matin pour relier les parcs \u00e9oliens posent des questions autant techniques qu\u2019\u00e9thiques, la sollicitation des flux intermittents des ENR acc\u00e9l\u00e8re la corrosion et \u00e9prouve les infrastructures autant techniquement qu\u2019\u00e9conomiquement.<\/strong><\/p>\n\n\n\n<p><strong>Comment avancer \u00e0 pas de g\u00e9ant sur ces domaines sensibles et inhabituels de la Recherche et D\u00e9veloppement de l\u2019entreprise publique&nbsp;gr\u00e2ce \u00e0 l\u2019open innovation ?<\/strong><\/p>\n\n\n\n<h2 class=\"wp-block-heading\"><strong>Le briefing client<\/strong><\/h2>\n\n\n\n<p>A l\u2019occasion de la semaine de la science en octobre, RTE veut cr\u00e9er une manifestation d\u2019ampleur pour valoriser ses d\u00e9marches et attirer des contributeurs significatifs \u00e0 sa d\u00e9marche d\u2019innovation pour \u00eatre strat\u00e9giquement au rendez-vous de la transition.<\/p>\n\n\n\n<p>RTE veut articuler le lancement de sa d\u00e9marche Open Innovation dans ce contexte pour tenir ensuite un calendrier d\u2019innovation partenariale tenu dans un d\u00e9lai court avec un taux de transformation \u00e9lev\u00e9.<\/p>\n\n\n\n<h2 class=\"wp-block-heading\"><strong>Cadrage strat\u00e9gique<\/strong><\/h2>\n\n\n\n<p>RTE a ainsi pour ambition d\u2019initier une d\u00e9marche d\u2019open innovation \u00e0 haute intensit\u00e9 dans le cadre d\u2019un \u00e9v\u00e8nement public relativement court et inscrire sa d\u00e9marche d\u2019open innovation dans un d\u00e9lai rapide.<\/p>\n\n\n\n<p>Cette d\u00e9marche cumule plusieurs caract\u00e8res critiques. C\u2019est la raison pour laquelle RTE recoure \u00e0 In Principo pour son approche Open Innovation en Dynamiques Collaboratives x \u00c9cosyst\u00e8me. L\u2019objectif est triple&nbsp;: pertinence, maitrise du temps, qualit\u00e9 des initiatives.<\/p>\n\n\n\n<p>L\u2019approche Innovation X Ecosyst\u00e8me permet d\u2019identifier le nombre et la diversit\u00e9 des parties prenantes n\u00e9cessaires pour cr\u00e9er les conditions requises. Cette \u00e9tape identifie les champs d\u2019expertise, les r\u00f4les et la nature des acteurs dans la dynamique Recherche Innovation sur la base des mod\u00e8les du FraunHoffer Institute.<\/p>\n\n\n\n<p>L\u2019approche Dynamiques Collaboratives permet de cr\u00e9er les conditions d\u2019un Momentum d\u2019innovation sur des ateliers courts (intensit\u00e9 de la vision X haute intensit\u00e9 d\u2019interaction).<\/p>\n\n\n\n<p>Les questions de chacune des d\u00e9marches sont ainsi libell\u00e9es&nbsp;:<\/p>\n\n\n\n<ul class=\"wp-block-list\">\n<li><strong>Energies Marine Renouvelables\u00a0:<\/strong> Comment soutenir le d\u00e9veloppement des \u00e9nergies marines renouvelables tout en pr\u00e9servant et valorisant la biodiversit\u00e9 marine ?<\/li>\n<\/ul>\n\n\n\n<ul class=\"wp-block-list\">\n<li><strong>Entretien du r\u00e9seau Haute Tension :<\/strong> Comment progresser dans l&rsquo;observation des composants du r\u00e9seau \u00e9lectrique pour am\u00e9liorer ses performances techniques et \u00e9conomiques ?<\/li>\n<\/ul>\n\n\n\n<h2 class=\"wp-block-heading\"><strong>Design de d\u00e9marche<\/strong><\/h2>\n\n\n\n<p>Les sujets sont investigu\u00e9s pour en appr\u00e9hender les enjeux et questionner la nature des v\u00e9ritables innovations attendues, leur facteur cl\u00e9s de succ\u00e8s, de comprendre les difficult\u00e9s jusque-l\u00e0 rencontr\u00e9es, les seuils de pertinence.<\/p>\n\n\n\n<p>Les leaders Recherche et Innovation de RTE sont sollicit\u00e9s pour cr\u00e9er des contextes en d\u00e9part de chaque atelier.<\/p>\n\n\n\n<p>Chaque atelier est con\u00e7u comme un continuum d\u2019innovation collaborative avec une communication de recrutement des parties prenantes contributrices, un contexte de communication de mise en conditions des parties prenantes puis un design de continuum d\u2019innovation collaborative pour engendrer une puissante dynamique de cr\u00e9ativit\u00e9 pour maximiser la pertinence des initiatives attendues.<\/p>\n\n\n\n<p>Le temps de l\u2019apr\u00e8s atelier est lui-m\u00eame design\u00e9 comme un continuum d\u2019incubation et d\u2019engagement pour optimiser la transformation des initiatives en projet d\u2019innovation valid\u00e9 et engag\u00e9 dans la d\u00e9marche de d\u00e9veloppement RTE avec un cadre, une validation et un financement.<\/p>\n\n\n\n<h2 class=\"wp-block-heading\"><strong>R\u00e9alisation<\/strong><\/h2>\n\n\n\n<p>La premi\u00e8re d\u00e9marche &#8211; Energies Marines Renouvelables \u2013 a rassembl\u00e9 25 participants de 22 entit\u00e9s diff\u00e9rentes et a g\u00e9n\u00e9r\u00e9 7 initiatives dont 6 seront retenues comme pr\u00e9projets d\u2019engagement au sein de RTE Recherche et Innovation.<\/p>\n\n\n\n<p>La seconde d\u00e9marche \u2013 Entretien du R\u00e9seau \u00c9lectrique &#8211; a rassembl\u00e9 38 participants de 34 origines diff\u00e9rentes et a g\u00e9n\u00e9r\u00e9 12 initiatives dont 5 seront retenues comme pr\u00e9projets d\u2019engagement au sein de RTE Recherche et Innovation.<\/p>\n\n\n\n<h2 class=\"wp-block-heading\"><strong>Bilan et r\u00e9sultats<\/strong><\/h2>\n\n\n\n<p>Les objectifs d\u2019innovation ont tous \u00e9t\u00e9 atteints. 4 mois plus tard plusieurs projets d\u00e9marrait en partenariat avec des consortium de candidats form\u00e9s par ses sessions d\u2019open innovation. Les impacts de ces projets dans l\u2019activit\u00e9 op\u00e9rationnelle de RTE n\u2019ont pas \u00e9t\u00e9 communiqu\u00e9s.<\/p>\n\n\n\n<p>Outre ces apports concrets, les b\u00e9n\u00e9fices indirects sont \u00e9galement significatifs&nbsp;:<\/p>\n\n\n\n<ul class=\"wp-block-list\">\n<li>Effets d\u2019image pour RTE<\/li>\n\n\n\n<li>Ouverture culture d\u2019ouverture<\/li>\n\n\n\n<li>Valorisation des d\u00e9marches de biodiversit\u00e9<\/li>\n\n\n\n<li>Facilitation des transversalit\u00e9s internes<\/li>\n<\/ul>\n\n\n\n<h2 class=\"wp-block-heading\"><strong>Recommandations pour poursuivre<\/strong><\/h2>\n\n\n\n<p>In Principo a recommand\u00e9 \u00e0 RTE la mise en place d\u2019une d\u00e9marche syst\u00e9matique d\u2019open innovation. 5 mesures sont recommand\u00e9es&nbsp;:<\/p>\n\n\n\n<ul class=\"wp-block-list\">\n<li>D\u00e9velopper une culture de l\u2019open innovation par des ateliers de sensibilisation, des formations, de l\u2019information r\u00e9guli\u00e8re (newsletter)<\/li>\n\n\n\n<li>Proposer des accompagnements Open Innovation \u00e0 tout nouveau sujet d\u2019innovation avec un diagnostic d\u2019opportunit\u00e9 financ\u00e9 par le corporate les 2 premi\u00e8res ann\u00e9es\u00a0;<\/li>\n\n\n\n<li>D\u00e9velopper \u00e0 l\u2019externe des op\u00e9rations de mobilisation de partenaires sur les grandes th\u00e9matiques d\u2019innovation de RTE pour pr\u00e9constituer des dynamiques d\u2019\u00e9cosyst\u00e8mes contributeurs<\/li>\n\n\n\n<li>Travailler des designs de d\u00e9marche tout en un incluant la g\u00e9n\u00e9ration d\u2019id\u00e9es, le prototypage l\u2019engagement partenarial et la propri\u00e9t\u00e9 intellectuelle<\/li>\n\n\n\n<li>D\u00e9velopper une pratique d\u2019activation et de d\u00e9veloppement d\u2019\u00e9cosyst\u00e8me d\u2019innovation<\/li>\n<\/ul>\n","protected":false},"excerpt":{"rendered":"<p>La transition est loin d\u2019\u00eatre neutre pour le transport de l\u2019\u00e9lectricit\u00e9. La travers\u00e9 du milieu matin pour relier les parcs \u00e9oliens posent des questions autant techniques qu\u2019\u00e9thiques, la sollicitation des flux intermittents des ENR acc\u00e9l\u00e8re la corrosion et \u00e9prouve les infrastructures autant techniquement qu\u2019\u00e9conomiquement. Comment avancer \u00e0 pas de g\u00e9ant sur ces domaines sensibles et [&hellip;]<\/p>\n","protected":false},"author":2,"featured_media":0,"parent":0,"menu_order":0,"comment_status":"closed","ping_status":"closed","template":"","meta":{"_themeisle_gutenberg_block_has_review":false,"footnotes":""},"class_list":["post-2237","page","type-page","status-publish","hentry"],"jetpack-related-posts":[{"id":2651,"url":"https:\/\/inprincipo2024.inprincipo.com\/index.php\/groupe-sncf-engager-la-transition-energetique-comme-une-opportunite-strategique-majeure\/","url_meta":{"origin":2237,"position":0},"title":"Groupe SNCF\u00a0: engager la transition \u00e9nerg\u00e9tique comme une opportunit\u00e9 strat\u00e9gique majeure","author":"Olivier Reaud","date":"12 mars 2025","format":false,"excerpt":"Aussi surprenant que cela puisse paraitre aujourd\u2019hui, d\u00e9but 2013, le TOP 70 des dirigeants du Groupe SNCF voyait dans cette grande question beaucoup de raisons d\u2019y aller tr\u00e8s prudemment. Trois croyances limitantes bloquent toutes avanc\u00e9es. La premi\u00e8re est que la SNCF ne pourra plus accomplir sa mission de service public\u2026","rel":"","context":"Article similaire","block_context":{"text":"Article similaire","link":""},"img":{"alt_text":"","src":"https:\/\/i0.wp.com\/inprincipo2024.inprincipo.com\/wp-content\/uploads\/2025\/12\/251202-SNCF-Transition-Energetique-StrategieV5.png?resize=350%2C200&ssl=1","width":350,"height":200,"srcset":"https:\/\/i0.wp.com\/inprincipo2024.inprincipo.com\/wp-content\/uploads\/2025\/12\/251202-SNCF-Transition-Energetique-StrategieV5.png?resize=350%2C200&ssl=1 1x, https:\/\/i0.wp.com\/inprincipo2024.inprincipo.com\/wp-content\/uploads\/2025\/12\/251202-SNCF-Transition-Energetique-StrategieV5.png?resize=525%2C300&ssl=1 1.5x, https:\/\/i0.wp.com\/inprincipo2024.inprincipo.com\/wp-content\/uploads\/2025\/12\/251202-SNCF-Transition-Energetique-StrategieV5.png?resize=700%2C400&ssl=1 2x, https:\/\/i0.wp.com\/inprincipo2024.inprincipo.com\/wp-content\/uploads\/2025\/12\/251202-SNCF-Transition-Energetique-StrategieV5.png?resize=1050%2C600&ssl=1 3x, https:\/\/i0.wp.com\/inprincipo2024.inprincipo.com\/wp-content\/uploads\/2025\/12\/251202-SNCF-Transition-Energetique-StrategieV5.png?resize=1400%2C800&ssl=1 4x"},"classes":[]},{"id":365,"url":"https:\/\/inprincipo2024.inprincipo.com\/index.php\/innovation-que-se-passe-t-il\/","url_meta":{"origin":2237,"position":1},"title":"Innovation\u00a0strat\u00e9gique : comment oser inventer l&rsquo;avenir dans un contexte turbulent ? 1\/2","author":"In Principo","date":"10 septembre 2024","format":false,"excerpt":"C\u2019est le taureau indomptable. L\u2019innovation impressionne, fait peur, puis est rejet\u00e9e comme une pratique en d\u00e9calage avec la p\u00e9riode. Elle est ador\u00e9e, financ\u00e9e, d\u00e9budg\u00e9t\u00e9e, c\u00e9l\u00e9br\u00e9e puis d\u00e9laiss\u00e9e. Il n\u2019a jamais \u00e9t\u00e9 facile d\u2019innover. Encore moins en 2025. Si l\u2019innovation est la capacit\u00e9 d\u2019une organisation \u00e0 r\u00e9inventer sa diff\u00e9renciation, \u00e0 cr\u00e9er\u2026","rel":"","context":"Article similaire","block_context":{"text":"Article similaire","link":""},"img":{"alt_text":"","src":"","width":0,"height":0},"classes":[]},{"id":2230,"url":"https:\/\/inprincipo2024.inprincipo.com\/index.php\/innovation-strategique-comment-oser-inventer-lavenir-dans-un-contexte-turbulent\/","url_meta":{"origin":2237,"position":2},"title":"Innovation strat\u00e9gique : comment oser inventer l&rsquo;avenir dans un contexte turbulent ? 2\/2","author":"Olivier Reaud","date":"8 mars 2025","format":false,"excerpt":"L\u2019innovation, si importante pour la vitalit\u00e9 de nos entreprises et les \u00e9volutions de la soci\u00e9t\u00e9, parait bel et bien en train de muer, de muter, de changer de nature. Dans notre premier article, nous avons partag\u00e9 que l\u2019innovation, en r\u00e9pondant \u00e0 des d\u00e9fis de plus en plus majeurs, en devenant\u2026","rel":"","context":"Article similaire","block_context":{"text":"Article similaire","link":""},"img":{"alt_text":"","src":"","width":0,"height":0},"classes":[]},{"id":1868,"url":"https:\/\/inprincipo2024.inprincipo.com\/index.php\/repositionner-un-incubateur-numerique-en-coeur-decosysteme-dinnovation\/","url_meta":{"origin":2237,"position":3},"title":"Repositionner un incubateur num\u00e9rique en c\u0153ur d\u2019\u00e9cosyst\u00e8me d\u2019innovation\u00a0","author":"In Principo","date":"18 f\u00e9vrier 2025","format":false,"excerpt":"Nous sommes en 2018, Le LAB\u2019O Village By CA, vient de f\u00eater ses 2 ans d\u2019existence. Il porte tous les espoirs de la dynamique d\u2019innovation du territoire\u00a0: 14.000 m2\u00a0d\u00e9di\u00e9s aux startups et \u00e0 l\u2019innovation sur les bords de la Loire dans un ancien Labo pharmaceutique enti\u00e8rement r\u00e9nov\u00e9, le label French\u2026","rel":"","context":"Article similaire","block_context":{"text":"Article similaire","link":""},"img":{"alt_text":"","src":"","width":0,"height":0},"classes":[]},{"id":405,"url":"https:\/\/inprincipo2024.inprincipo.com\/index.php\/le-labo-dorleans-metropole\/","url_meta":{"origin":2237,"position":4},"title":"LE LAB\u2019O D\u2019ORL\u00c9ANS M\u00c9TROPOLE\u00a0","author":"In Principo","date":"13 septembre 2024","format":false,"excerpt":"Repositionner un incubateur num\u00e9rique en c\u0153ur d\u2019\u00e9cosyst\u00e8me d\u2019innovation\u00a0du territoire Nous sommes en 2018, Le LAB\u2019O Village By CA, vient de f\u00eater ses 2 ans d\u2019existence. Il porte tous les espoirs de la dynamique d\u2019innovation du territoire\u00a0: 14.000 m2\u00a0d\u00e9di\u00e9s aux startups et \u00e0 l\u2019innovation sur les bords de la Loire dans\u2026","rel":"","context":"Article similaire","block_context":{"text":"Article similaire","link":""},"img":{"alt_text":"","src":"https:\/\/i0.wp.com\/inprincipo2024.inprincipo.com\/wp-content\/uploads\/2024\/09\/INP-LABO-logo-1200x630-1.jpg?fit=1200%2C630&ssl=1&resize=350%2C200","width":350,"height":200,"srcset":"https:\/\/i0.wp.com\/inprincipo2024.inprincipo.com\/wp-content\/uploads\/2024\/09\/INP-LABO-logo-1200x630-1.jpg?fit=1200%2C630&ssl=1&resize=350%2C200 1x, https:\/\/i0.wp.com\/inprincipo2024.inprincipo.com\/wp-content\/uploads\/2024\/09\/INP-LABO-logo-1200x630-1.jpg?fit=1200%2C630&ssl=1&resize=525%2C300 1.5x, https:\/\/i0.wp.com\/inprincipo2024.inprincipo.com\/wp-content\/uploads\/2024\/09\/INP-LABO-logo-1200x630-1.jpg?fit=1200%2C630&ssl=1&resize=700%2C400 2x, https:\/\/i0.wp.com\/inprincipo2024.inprincipo.com\/wp-content\/uploads\/2024\/09\/INP-LABO-logo-1200x630-1.jpg?fit=1200%2C630&ssl=1&resize=1050%2C600 3x"},"classes":[]},{"id":1865,"url":"https:\/\/inprincipo2024.inprincipo.com\/index.php\/comment-apprivoiser-la-puissance-regeneratrice-des-ecosystemes\/","url_meta":{"origin":2237,"position":5},"title":"Comment apprivoiser la puissance r\u00e9g\u00e9n\u00e9ratrice des \u00e9cosyst\u00e8mes\u00a0?","author":"In Principo","date":"18 f\u00e9vrier 2025","format":false,"excerpt":"\u00c9cosyst\u00e8me ! Un mot valise aujourd'hui tiraill\u00e9 entre les territoires d\u2019innovation g\u00e9n\u00e9rateurs de startups et les milieux naturels vivants et menac\u00e9s par les exc\u00e8s de nos activit\u00e9s humaines.\u00a0 L\u2019\u00e9cosyst\u00e8me est inspirant car il proc\u00e8de du vivant. L\u2019\u00e9cosyst\u00e8me n\u2019est pas un processus, c\u2019est une dynamique qui engendre, qui cr\u00e9e, qui \u00e9chappe\u2026","rel":"","context":"Article similaire","block_context":{"text":"Article similaire","link":""},"img":{"alt_text":"","src":"","width":0,"height":0},"classes":[]}],"jetpack_sharing_enabled":true,"_links":{"self":[{"href":"https:\/\/inprincipo2024.inprincipo.com\/index.php\/wp-json\/wp\/v2\/pages\/2237","targetHints":{"allow":["GET"]}}],"collection":[{"href":"https:\/\/inprincipo2024.inprincipo.com\/index.php\/wp-json\/wp\/v2\/pages"}],"about":[{"href":"https:\/\/inprincipo2024.inprincipo.com\/index.php\/wp-json\/wp\/v2\/types\/page"}],"author":[{"embeddable":true,"href":"https:\/\/inprincipo2024.inprincipo.com\/index.php\/wp-json\/wp\/v2\/users\/2"}],"replies":[{"embeddable":true,"href":"https:\/\/inprincipo2024.inprincipo.com\/index.php\/wp-json\/wp\/v2\/comments?post=2237"}],"version-history":[{"count":1,"href":"https:\/\/inprincipo2024.inprincipo.com\/index.php\/wp-json\/wp\/v2\/pages\/2237\/revisions"}],"predecessor-version":[{"id":2238,"href":"https:\/\/inprincipo2024.inprincipo.com\/index.php\/wp-json\/wp\/v2\/pages\/2237\/revisions\/2238"}],"wp:attachment":[{"href":"https:\/\/inprincipo2024.inprincipo.com\/index.php\/wp-json\/wp\/v2\/media?parent=2237"}],"curies":[{"name":"wp","href":"https:\/\/api.w.org\/{rel}","templated":true}]}}