{"id":2068,"date":"2025-03-05T10:16:32","date_gmt":"2025-03-05T09:16:32","guid":{"rendered":"https:\/\/inprincipo2024.inprincipo.com\/?page_id=2068"},"modified":"2025-03-05T10:16:32","modified_gmt":"2025-03-05T09:16:32","slug":"gouvernance","status":"publish","type":"page","link":"https:\/\/inprincipo2024.inprincipo.com\/index.php\/gouvernance\/","title":{"rendered":"GOUVERNANCE"},"content":{"rendered":"","protected":false},"excerpt":{"rendered":"","protected":false},"author":1,"featured_media":0,"parent":0,"menu_order":0,"comment_status":"closed","ping_status":"closed","template":"wp-custom-template-horizontale-gourvernance","meta":{"_themeisle_gutenberg_block_has_review":false,"footnotes":""},"class_list":["post-2068","page","type-page","status-publish","hentry"],"jetpack-related-posts":[{"id":2493,"url":"https:\/\/inprincipo2024.inprincipo.com\/index.php\/de-lia-a-la-gouvernance-augmentee\/","url_meta":{"origin":2068,"position":0},"title":"De l&rsquo;IA \u00e0 la Gouvernance Augment\u00e9e&#8230;","author":"Olivier Reaud","date":"11 mars 2025","format":false,"excerpt":"L'Intelligence Collective s'est d\u00e9velopp\u00e9e dans de nombreuses sph\u00e8res de l'organisation - management, innovation, projets, RSE. \u00c9trangement peu en mati\u00e8re de Gouvernance. Il en est de m\u00eame pour l'IA. La puissance de la nouveaut\u00e9 est-elle un handicap \u00e0 l'\u00e9volution des pratiques de Gouvernance ? Et si la conjonction des deux \u00e9tait\u2026","rel":"","context":"Article similaire","block_context":{"text":"Article similaire","link":""},"img":{"alt_text":"","src":"","width":0,"height":0},"classes":[]},{"id":2488,"url":"https:\/\/inprincipo2024.inprincipo.com\/index.php\/veille-strategique-grand-groupe\/","url_meta":{"origin":2068,"position":1},"title":"VEILLE STRAT\u00c9GIQUE GRAND GROUPE\u00a0","author":"Olivier Reaud","date":"11 mars 2025","format":false,"excerpt":"Comment passer d\u2019une information strat\u00e9gique cloisonn\u00e9e \u00e0 la mutualisation pour cr\u00e9er les conditions d\u2019une gouvernance partag\u00e9e et augment\u00e9e\u00a0? La force d\u2019un Grand Groupe est de rassembler des activit\u00e9s diff\u00e9rentes autour d\u2019un m\u00eame projet strat\u00e9gique, d\u2019\u00eatre pr\u00e9sent dans des secteurs d\u2019activit\u00e9s aux rythmes d\u2019\u00e9volutions compl\u00e9mentaires, dans une diversit\u00e9 de g\u00e9ographies o\u00f9\u2026","rel":"","context":"Article similaire","block_context":{"text":"Article similaire","link":""},"img":{"alt_text":"","src":"https:\/\/i0.wp.com\/inprincipo2024.inprincipo.com\/wp-content\/uploads\/2025\/03\/IMG_1702-scaled.jpeg?resize=350%2C200&ssl=1","width":350,"height":200,"srcset":"https:\/\/i0.wp.com\/inprincipo2024.inprincipo.com\/wp-content\/uploads\/2025\/03\/IMG_1702-scaled.jpeg?resize=350%2C200&ssl=1 1x, https:\/\/i0.wp.com\/inprincipo2024.inprincipo.com\/wp-content\/uploads\/2025\/03\/IMG_1702-scaled.jpeg?resize=525%2C300&ssl=1 1.5x, https:\/\/i0.wp.com\/inprincipo2024.inprincipo.com\/wp-content\/uploads\/2025\/03\/IMG_1702-scaled.jpeg?resize=700%2C400&ssl=1 2x, https:\/\/i0.wp.com\/inprincipo2024.inprincipo.com\/wp-content\/uploads\/2025\/03\/IMG_1702-scaled.jpeg?resize=1050%2C600&ssl=1 3x, https:\/\/i0.wp.com\/inprincipo2024.inprincipo.com\/wp-content\/uploads\/2025\/03\/IMG_1702-scaled.jpeg?resize=1400%2C800&ssl=1 4x"},"classes":[]},{"id":1868,"url":"https:\/\/inprincipo2024.inprincipo.com\/index.php\/repositionner-un-incubateur-numerique-en-coeur-decosysteme-dinnovation\/","url_meta":{"origin":2068,"position":2},"title":"Repositionner un incubateur num\u00e9rique en c\u0153ur d\u2019\u00e9cosyst\u00e8me d\u2019innovation\u00a0","author":"In Principo","date":"18 f\u00e9vrier 2025","format":false,"excerpt":"Nous sommes en 2018, Le LAB\u2019O Village By CA, vient de f\u00eater ses 2 ans d\u2019existence. Il porte tous les espoirs de la dynamique d\u2019innovation du territoire\u00a0: 14.000 m2\u00a0d\u00e9di\u00e9s aux startups et \u00e0 l\u2019innovation sur les bords de la Loire dans un ancien Labo pharmaceutique enti\u00e8rement r\u00e9nov\u00e9, le label French\u2026","rel":"","context":"Article similaire","block_context":{"text":"Article similaire","link":""},"img":{"alt_text":"","src":"","width":0,"height":0},"classes":[]},{"id":405,"url":"https:\/\/inprincipo2024.inprincipo.com\/index.php\/le-labo-dorleans-metropole\/","url_meta":{"origin":2068,"position":3},"title":"LE LAB\u2019O D\u2019ORL\u00c9ANS M\u00c9TROPOLE\u00a0","author":"In Principo","date":"13 septembre 2024","format":false,"excerpt":"Repositionner un incubateur num\u00e9rique en c\u0153ur d\u2019\u00e9cosyst\u00e8me d\u2019innovation\u00a0du territoire Nous sommes en 2018, Le LAB\u2019O Village By CA, vient de f\u00eater ses 2 ans d\u2019existence. Il porte tous les espoirs de la dynamique d\u2019innovation du territoire\u00a0: 14.000 m2\u00a0d\u00e9di\u00e9s aux startups et \u00e0 l\u2019innovation sur les bords de la Loire dans\u2026","rel":"","context":"Article similaire","block_context":{"text":"Article similaire","link":""},"img":{"alt_text":"","src":"https:\/\/i0.wp.com\/inprincipo2024.inprincipo.com\/wp-content\/uploads\/2024\/09\/INP-LABO-logo-1200x630-1.jpg?fit=1200%2C630&ssl=1&resize=350%2C200","width":350,"height":200,"srcset":"https:\/\/i0.wp.com\/inprincipo2024.inprincipo.com\/wp-content\/uploads\/2024\/09\/INP-LABO-logo-1200x630-1.jpg?fit=1200%2C630&ssl=1&resize=350%2C200 1x, https:\/\/i0.wp.com\/inprincipo2024.inprincipo.com\/wp-content\/uploads\/2024\/09\/INP-LABO-logo-1200x630-1.jpg?fit=1200%2C630&ssl=1&resize=525%2C300 1.5x, https:\/\/i0.wp.com\/inprincipo2024.inprincipo.com\/wp-content\/uploads\/2024\/09\/INP-LABO-logo-1200x630-1.jpg?fit=1200%2C630&ssl=1&resize=700%2C400 2x, https:\/\/i0.wp.com\/inprincipo2024.inprincipo.com\/wp-content\/uploads\/2024\/09\/INP-LABO-logo-1200x630-1.jpg?fit=1200%2C630&ssl=1&resize=1050%2C600 3x"},"classes":[]},{"id":1107,"url":"https:\/\/inprincipo2024.inprincipo.com\/index.php\/la-facilitation-strategique\/","url_meta":{"origin":2068,"position":4},"title":"LA FACILITATION STRAT\u00c9GIQUE","author":"In Principo","date":"15 octobre 2024","format":false,"excerpt":"LA FACILITATION STRAT\u00c9GIQUE TRANSITIONS, INCERTITUDES, TURBULENCES LES DYNAMIQUES COLLABORATIVES In Principo en France www.inprincipo.com In Principo Paris60 rue de Richelieu75002 PARIS+33 1 53 05 99 75 In Principo Lyon3 cours Charlemagne69003 LYON In Principo Hauts de FranceCampus AGROTECHSquare Eug\u00e8ne Thomas\u00a059780 Willems\u00a0 In Principo Maine(en cours) La facilitation strat\u00e9gique est la\u2026","rel":"","context":"Article similaire","block_context":{"text":"Article similaire","link":""},"img":{"alt_text":"","src":"https:\/\/i0.wp.com\/inprincipo2024.inprincipo.com\/wp-content\/uploads\/2025\/03\/Facilitation-Strategique-Concept.png?resize=350%2C200&ssl=1","width":350,"height":200,"srcset":"https:\/\/i0.wp.com\/inprincipo2024.inprincipo.com\/wp-content\/uploads\/2025\/03\/Facilitation-Strategique-Concept.png?resize=350%2C200&ssl=1 1x, https:\/\/i0.wp.com\/inprincipo2024.inprincipo.com\/wp-content\/uploads\/2025\/03\/Facilitation-Strategique-Concept.png?resize=525%2C300&ssl=1 1.5x, https:\/\/i0.wp.com\/inprincipo2024.inprincipo.com\/wp-content\/uploads\/2025\/03\/Facilitation-Strategique-Concept.png?resize=700%2C400&ssl=1 2x, https:\/\/i0.wp.com\/inprincipo2024.inprincipo.com\/wp-content\/uploads\/2025\/03\/Facilitation-Strategique-Concept.png?resize=1050%2C600&ssl=1 3x, https:\/\/i0.wp.com\/inprincipo2024.inprincipo.com\/wp-content\/uploads\/2025\/03\/Facilitation-Strategique-Concept.png?resize=1400%2C800&ssl=1 4x"},"classes":[]},{"id":2293,"url":"https:\/\/inprincipo2024.inprincipo.com\/index.php\/lentreprise-a-mission-forte-en-valeur-et-en-impact\/","url_meta":{"origin":2068,"position":5},"title":"L&rsquo;Entreprise \u00e0 Mission : vraie, vivante, forte et authentique&#8230;","author":"Olivier Reaud","date":"8 mars 2025","format":false,"excerpt":"Beaucoup en ont r\u00eav\u00e9, une loi de 2019 lui a donn\u00e9 son cadre. D\u00e9sormais, par des proc\u00e9dures et des indicateurs l\u2019Entreprise \u00e0 Mission est une r\u00e9alit\u00e9 respect\u00e9e et int\u00e9gr\u00e9e dans les pratiques de gestion quotidiennes. D\u00e9sormais, l\u2019Entreprise \u00e0 Mission existe juridiquement et statutairement. Mais fait-elle encore r\u00eaver\u00a0? Pour \u00eatre v\u00e9ritablement\u2026","rel":"","context":"Article similaire","block_context":{"text":"Article similaire","link":""},"img":{"alt_text":"","src":"","width":0,"height":0},"classes":[]}],"jetpack_sharing_enabled":true,"_links":{"self":[{"href":"https:\/\/inprincipo2024.inprincipo.com\/index.php\/wp-json\/wp\/v2\/pages\/2068","targetHints":{"allow":["GET"]}}],"collection":[{"href":"https:\/\/inprincipo2024.inprincipo.com\/index.php\/wp-json\/wp\/v2\/pages"}],"about":[{"href":"https:\/\/inprincipo2024.inprincipo.com\/index.php\/wp-json\/wp\/v2\/types\/page"}],"author":[{"embeddable":true,"href":"https:\/\/inprincipo2024.inprincipo.com\/index.php\/wp-json\/wp\/v2\/users\/1"}],"replies":[{"embeddable":true,"href":"https:\/\/inprincipo2024.inprincipo.com\/index.php\/wp-json\/wp\/v2\/comments?post=2068"}],"version-history":[{"count":1,"href":"https:\/\/inprincipo2024.inprincipo.com\/index.php\/wp-json\/wp\/v2\/pages\/2068\/revisions"}],"predecessor-version":[{"id":2070,"href":"https:\/\/inprincipo2024.inprincipo.com\/index.php\/wp-json\/wp\/v2\/pages\/2068\/revisions\/2070"}],"wp:attachment":[{"href":"https:\/\/inprincipo2024.inprincipo.com\/index.php\/wp-json\/wp\/v2\/media?parent=2068"}],"curies":[{"name":"wp","href":"https:\/\/api.w.org\/{rel}","templated":true}]}}