{"id":2065,"date":"2025-03-05T10:16:00","date_gmt":"2025-03-05T09:16:00","guid":{"rendered":"https:\/\/inprincipo2024.inprincipo.com\/?page_id=2065"},"modified":"2025-03-05T10:16:00","modified_gmt":"2025-03-05T09:16:00","slug":"innovation","status":"publish","type":"page","link":"https:\/\/inprincipo2024.inprincipo.com\/index.php\/innovation\/","title":{"rendered":"INNOVATION"},"content":{"rendered":"","protected":false},"excerpt":{"rendered":"","protected":false},"author":1,"featured_media":0,"parent":0,"menu_order":0,"comment_status":"closed","ping_status":"closed","template":"wp-custom-template-horizontale-innovation","meta":{"_themeisle_gutenberg_block_has_review":false,"footnotes":""},"class_list":["post-2065","page","type-page","status-publish","hentry"],"jetpack-related-posts":[{"id":2230,"url":"https:\/\/inprincipo2024.inprincipo.com\/index.php\/innovation-strategique-comment-oser-inventer-lavenir-dans-un-contexte-turbulent\/","url_meta":{"origin":2065,"position":0},"title":"Innovation strat\u00e9gique : comment oser inventer l&rsquo;avenir dans un contexte turbulent ? 2\/2","author":"Olivier Reaud","date":"8 mars 2025","format":false,"excerpt":"L\u2019innovation, si importante pour la vitalit\u00e9 de nos entreprises et les \u00e9volutions de la soci\u00e9t\u00e9, parait bel et bien en train de muer, de muter, de changer de nature. Dans notre premier article, nous avons partag\u00e9 que l\u2019innovation, en r\u00e9pondant \u00e0 des d\u00e9fis de plus en plus majeurs, en devenant\u2026","rel":"","context":"Article similaire","block_context":{"text":"Article similaire","link":""},"img":{"alt_text":"","src":"","width":0,"height":0},"classes":[]},{"id":365,"url":"https:\/\/inprincipo2024.inprincipo.com\/index.php\/innovation-que-se-passe-t-il\/","url_meta":{"origin":2065,"position":1},"title":"Innovation\u00a0strat\u00e9gique : comment oser inventer l&rsquo;avenir dans un contexte turbulent ? 1\/2","author":"In Principo","date":"10 septembre 2024","format":false,"excerpt":"C\u2019est le taureau indomptable. L\u2019innovation impressionne, fait peur, puis est rejet\u00e9e comme une pratique en d\u00e9calage avec la p\u00e9riode. Elle est ador\u00e9e, financ\u00e9e, d\u00e9budg\u00e9t\u00e9e, c\u00e9l\u00e9br\u00e9e puis d\u00e9laiss\u00e9e. Il n\u2019a jamais \u00e9t\u00e9 facile d\u2019innover. Encore moins en 2025. Si l\u2019innovation est la capacit\u00e9 d\u2019une organisation \u00e0 r\u00e9inventer sa diff\u00e9renciation, \u00e0 cr\u00e9er\u2026","rel":"","context":"Article similaire","block_context":{"text":"Article similaire","link":""},"img":{"alt_text":"","src":"","width":0,"height":0},"classes":[]},{"id":2237,"url":"https:\/\/inprincipo2024.inprincipo.com\/index.php\/rte-accelerer-la-transition-energetique-par-linnovation-collaborative\/","url_meta":{"origin":2065,"position":2},"title":"RTE : acc\u00e9l\u00e9rer la transition \u00e9nerg\u00e9tique par l&rsquo;innovation collaborative","author":"Olivier Reaud","date":"8 mars 2025","format":false,"excerpt":"La transition est loin d\u2019\u00eatre neutre pour le transport de l\u2019\u00e9lectricit\u00e9. La travers\u00e9 du milieu matin pour relier les parcs \u00e9oliens posent des questions autant techniques qu\u2019\u00e9thiques, la sollicitation des flux intermittents des ENR acc\u00e9l\u00e8re la corrosion et \u00e9prouve les infrastructures autant techniquement qu\u2019\u00e9conomiquement. Comment avancer \u00e0 pas de g\u00e9ant\u2026","rel":"","context":"Article similaire","block_context":{"text":"Article similaire","link":""},"img":{"alt_text":"","src":"","width":0,"height":0},"classes":[]},{"id":1839,"url":"https:\/\/inprincipo2024.inprincipo.com\/index.php\/innover-sur-sa-propre-complexite-en-continu\/","url_meta":{"origin":2065,"position":3},"title":"Innover sur sa propre complexit\u00e9 en continu","author":"In Principo","date":"18 f\u00e9vrier 2025","format":false,"excerpt":"Si la plupart des organisations, entreprises, administrations, savent innover aujourd\u2019hui sur leurs produits ou leurs services, leurs proc\u00e9d\u00e9s, leur valeur ajout\u00e9e ou m\u00eame leur exp\u00e9rience client, bien peu innovent sur elles-m\u00eames\u00a0: sur leur mode de fonctionnement, leur complexit\u00e9.\u00a0\u00a0 Arriv\u00e9 \u00e0 un certain stade de d\u00e9veloppement d\u2019une organisation, la complexit\u00e9, tout\u2026","rel":"","context":"Article similaire","block_context":{"text":"Article similaire","link":""},"img":{"alt_text":"","src":"","width":0,"height":0},"classes":[]},{"id":1865,"url":"https:\/\/inprincipo2024.inprincipo.com\/index.php\/comment-apprivoiser-la-puissance-regeneratrice-des-ecosystemes\/","url_meta":{"origin":2065,"position":4},"title":"Comment apprivoiser la puissance r\u00e9g\u00e9n\u00e9ratrice des \u00e9cosyst\u00e8mes\u00a0?","author":"In Principo","date":"18 f\u00e9vrier 2025","format":false,"excerpt":"\u00c9cosyst\u00e8me ! Un mot valise aujourd'hui tiraill\u00e9 entre les territoires d\u2019innovation g\u00e9n\u00e9rateurs de startups et les milieux naturels vivants et menac\u00e9s par les exc\u00e8s de nos activit\u00e9s humaines.\u00a0 L\u2019\u00e9cosyst\u00e8me est inspirant car il proc\u00e8de du vivant. L\u2019\u00e9cosyst\u00e8me n\u2019est pas un processus, c\u2019est une dynamique qui engendre, qui cr\u00e9e, qui \u00e9chappe\u2026","rel":"","context":"Article similaire","block_context":{"text":"Article similaire","link":""},"img":{"alt_text":"","src":"","width":0,"height":0},"classes":[]},{"id":1868,"url":"https:\/\/inprincipo2024.inprincipo.com\/index.php\/repositionner-un-incubateur-numerique-en-coeur-decosysteme-dinnovation\/","url_meta":{"origin":2065,"position":5},"title":"Repositionner un incubateur num\u00e9rique en c\u0153ur d\u2019\u00e9cosyst\u00e8me d\u2019innovation\u00a0","author":"In Principo","date":"18 f\u00e9vrier 2025","format":false,"excerpt":"Nous sommes en 2018, Le LAB\u2019O Village By CA, vient de f\u00eater ses 2 ans d\u2019existence. Il porte tous les espoirs de la dynamique d\u2019innovation du territoire\u00a0: 14.000 m2\u00a0d\u00e9di\u00e9s aux startups et \u00e0 l\u2019innovation sur les bords de la Loire dans un ancien Labo pharmaceutique enti\u00e8rement r\u00e9nov\u00e9, le label French\u2026","rel":"","context":"Article similaire","block_context":{"text":"Article similaire","link":""},"img":{"alt_text":"","src":"","width":0,"height":0},"classes":[]}],"jetpack_sharing_enabled":true,"_links":{"self":[{"href":"https:\/\/inprincipo2024.inprincipo.com\/index.php\/wp-json\/wp\/v2\/pages\/2065","targetHints":{"allow":["GET"]}}],"collection":[{"href":"https:\/\/inprincipo2024.inprincipo.com\/index.php\/wp-json\/wp\/v2\/pages"}],"about":[{"href":"https:\/\/inprincipo2024.inprincipo.com\/index.php\/wp-json\/wp\/v2\/types\/page"}],"author":[{"embeddable":true,"href":"https:\/\/inprincipo2024.inprincipo.com\/index.php\/wp-json\/wp\/v2\/users\/1"}],"replies":[{"embeddable":true,"href":"https:\/\/inprincipo2024.inprincipo.com\/index.php\/wp-json\/wp\/v2\/comments?post=2065"}],"version-history":[{"count":1,"href":"https:\/\/inprincipo2024.inprincipo.com\/index.php\/wp-json\/wp\/v2\/pages\/2065\/revisions"}],"predecessor-version":[{"id":2067,"href":"https:\/\/inprincipo2024.inprincipo.com\/index.php\/wp-json\/wp\/v2\/pages\/2065\/revisions\/2067"}],"wp:attachment":[{"href":"https:\/\/inprincipo2024.inprincipo.com\/index.php\/wp-json\/wp\/v2\/media?parent=2065"}],"curies":[{"name":"wp","href":"https:\/\/api.w.org\/{rel}","templated":true}]}}