{"id":2059,"date":"2025-03-05T10:14:00","date_gmt":"2025-03-05T09:14:00","guid":{"rendered":"https:\/\/inprincipo2024.inprincipo.com\/?page_id=2059"},"modified":"2025-03-05T10:14:00","modified_gmt":"2025-03-05T09:14:00","slug":"rse","status":"publish","type":"page","link":"https:\/\/inprincipo2024.inprincipo.com\/index.php\/rse\/","title":{"rendered":"RSE"},"content":{"rendered":"","protected":false},"excerpt":{"rendered":"","protected":false},"author":1,"featured_media":0,"parent":0,"menu_order":0,"comment_status":"closed","ping_status":"closed","template":"wp-custom-template-horizontale-rse","meta":{"_themeisle_gutenberg_block_has_review":false,"footnotes":""},"class_list":["post-2059","page","type-page","status-publish","hentry"],"jetpack-related-posts":[{"id":390,"url":"https:\/\/inprincipo2024.inprincipo.com\/index.php\/la-rse-accelerateur-de-lengagement-de-toute-lorganisation\/","url_meta":{"origin":2059,"position":0},"title":"R\u00e9g\u00e9n\u00e9rer Strat\u00e9giquement l\u2019Engagement","author":"In Principo","date":"12 septembre 2024","format":false,"excerpt":"La RSE est d\u00e9sormais partout. Elle est aussi en plein questionnement. La RSE est d\u00e9sormais au c\u0153ur de la plupart des entreprises et des politiques territoriales. C\u2019est une mani\u00e8re de manager, une mani\u00e8re de penser l\u2019entreprise, un ensemble de normes aussi, un syst\u00e8me de mesure des actions. C\u2019est m\u00eame devenu\u2026","rel":"","context":"Article similaire","block_context":{"text":"Article similaire","link":""},"img":{"alt_text":"","src":"","width":0,"height":0},"classes":[]},{"id":2290,"url":"https:\/\/inprincipo2024.inprincipo.com\/index.php\/de-la-rse-a-la-csrd-les-nouveaux-defis-de-lengagement\/","url_meta":{"origin":2059,"position":1},"title":"De la RSE \u00e0 la CSRD, les nouveaux d\u00e9fis de l&rsquo;engagement","author":"Olivier Reaud","date":"8 mars 2025","format":false,"excerpt":"Nous avions longtemps esp\u00e9r\u00e9 la g\u00e9n\u00e9ralisation de la RSE \u00e0 toute l\u2019entreprise, \u00e0 toutes les entreprises. Bonne nouvelle, nous y sommes plus ou moins. Mais, alors que la RSE est d\u00e9sormais quasiment partout, elle entre, en 2025, dans le risque d\u2019une double crise du d\u00e9sengagement, associant sa banalisation dans le\u2026","rel":"","context":"Article similaire","block_context":{"text":"Article similaire","link":""},"img":{"alt_text":"","src":"","width":0,"height":0},"classes":[]},{"id":263,"url":"https:\/\/inprincipo2024.inprincipo.com\/index.php\/la-rse\/","url_meta":{"origin":2059,"position":2},"title":"LA RSE","author":"In Principo","date":"8 septembre 2024","format":false,"excerpt":"La performance by In Principo, on vous le dit de suite, c\u2019est tout un concept. Parce que dans l\u2019entreprise, la performance est multiple, et plus que toute autre se d\u00e9cline en fonction des valeurs et de la culture de l\u2019entreprise : sociale, financi\u00e8re, op\u00e9rationnelle, \u00e9conomique\u2026 Mais quelle qu\u2019elle soit, elle\u2026","rel":"","context":"Article similaire","block_context":{"text":"Article similaire","link":""},"img":{"alt_text":"","src":"https:\/\/i0.wp.com\/inprincipo2024.inprincipo.com\/wp-content\/uploads\/2024\/09\/INP-Performance-600x600-1.png?resize=350%2C200&ssl=1","width":350,"height":200,"srcset":"https:\/\/i0.wp.com\/inprincipo2024.inprincipo.com\/wp-content\/uploads\/2024\/09\/INP-Performance-600x600-1.png?resize=350%2C200&ssl=1 1x, https:\/\/i0.wp.com\/inprincipo2024.inprincipo.com\/wp-content\/uploads\/2024\/09\/INP-Performance-600x600-1.png?resize=525%2C300&ssl=1 1.5x"},"classes":[]},{"id":1848,"url":"https:\/\/inprincipo2024.inprincipo.com\/index.php\/communiquer-en-puissance-et-en-authenticite\/","url_meta":{"origin":2059,"position":3},"title":"Communiquer en puissance et en authenticit\u00e9","author":"In Principo","date":"18 f\u00e9vrier 2025","format":false,"excerpt":"Tout a d\u00e9j\u00e0 \u00e9t\u00e9 \u00e9crit sur la communication. Pourtant, nous le voyons tous les jours, il y a celles qui marchent et les autres. Il y a celles qui sont justes, authentiques, puissantes, ancr\u00e9es et celles qui sont ce que l\u2019on appelle de la \u00ab\u00a0comm\u2019\u00a0\u00bb\u2026\u00a0 Communiquer pour une organisation est\u2026","rel":"","context":"Article similaire","block_context":{"text":"Article similaire","link":""},"img":{"alt_text":"","src":"","width":0,"height":0},"classes":[]},{"id":1091,"url":"https:\/\/inprincipo2024.inprincipo.com\/index.php\/nos-partenaires\/","url_meta":{"origin":2059,"position":4},"title":"NOS PARTENAIRES","author":"In Principo","date":"9 octobre 2024","format":false,"excerpt":"QUI SOMMES-NOUS ? L'\u00c9QUIPE UN PEU D'HISTOIRE NOS PARTENAIRES In Principo en France www.inprincipo.com In Principo Paris60 rue de Richelieu75002 PARIS+33 1 53 05 99 75 In Principo Lyon3 cours Charlemagne69003 LYON In Principo Hauts de FranceCampus AGROTECHSquare Eug\u00e8ne Thomas\u00a059780 Willems\u00a0 In Principo Laval(en cours) In Principo s\u2019appuie sur un\u2026","rel":"","context":"Article similaire","block_context":{"text":"Article similaire","link":""},"img":{"alt_text":"","src":"","width":0,"height":0},"classes":[]},{"id":1113,"url":"https:\/\/inprincipo2024.inprincipo.com\/index.php\/transitions-incertitudes-turbulences\/","url_meta":{"origin":2059,"position":5},"title":"TRANSITIONS, INCERTITUDES, TURBULENCES","author":"In Principo","date":"15 octobre 2024","format":false,"excerpt":"LA FACILITATION STRAT\u00c9GIQUE TRANSITIONS, INCERTITUDES, TURBULENCES LES DYNAMIQUES COLLABORATIVES In Principo en France www.inprincipo.com In Principo Paris60 rue de Richelieu75002 PARIS+33 1 53 05 99 75 In Principo Lyon3 cours Charlemagne69003 LYON In Principo Hauts de FranceCampus AGROTECHSquare Eug\u00e8ne Thomas\u00a059780 Willems\u00a0 In Principo Maine(en cours) Trois \u00e9volutions majeures bouleversent la\u2026","rel":"","context":"Article similaire","block_context":{"text":"Article similaire","link":""},"img":{"alt_text":"","src":"https:\/\/i0.wp.com\/inprincipo2024.inprincipo.com\/wp-content\/uploads\/2025\/03\/Transition-Incertitudes-Turbulences-by-In-Principo-V2-1.png?resize=350%2C200&ssl=1","width":350,"height":200,"srcset":"https:\/\/i0.wp.com\/inprincipo2024.inprincipo.com\/wp-content\/uploads\/2025\/03\/Transition-Incertitudes-Turbulences-by-In-Principo-V2-1.png?resize=350%2C200&ssl=1 1x, https:\/\/i0.wp.com\/inprincipo2024.inprincipo.com\/wp-content\/uploads\/2025\/03\/Transition-Incertitudes-Turbulences-by-In-Principo-V2-1.png?resize=525%2C300&ssl=1 1.5x, https:\/\/i0.wp.com\/inprincipo2024.inprincipo.com\/wp-content\/uploads\/2025\/03\/Transition-Incertitudes-Turbulences-by-In-Principo-V2-1.png?resize=700%2C400&ssl=1 2x, https:\/\/i0.wp.com\/inprincipo2024.inprincipo.com\/wp-content\/uploads\/2025\/03\/Transition-Incertitudes-Turbulences-by-In-Principo-V2-1.png?resize=1050%2C600&ssl=1 3x, https:\/\/i0.wp.com\/inprincipo2024.inprincipo.com\/wp-content\/uploads\/2025\/03\/Transition-Incertitudes-Turbulences-by-In-Principo-V2-1.png?resize=1400%2C800&ssl=1 4x"},"classes":[]}],"jetpack_sharing_enabled":true,"_links":{"self":[{"href":"https:\/\/inprincipo2024.inprincipo.com\/index.php\/wp-json\/wp\/v2\/pages\/2059","targetHints":{"allow":["GET"]}}],"collection":[{"href":"https:\/\/inprincipo2024.inprincipo.com\/index.php\/wp-json\/wp\/v2\/pages"}],"about":[{"href":"https:\/\/inprincipo2024.inprincipo.com\/index.php\/wp-json\/wp\/v2\/types\/page"}],"author":[{"embeddable":true,"href":"https:\/\/inprincipo2024.inprincipo.com\/index.php\/wp-json\/wp\/v2\/users\/1"}],"replies":[{"embeddable":true,"href":"https:\/\/inprincipo2024.inprincipo.com\/index.php\/wp-json\/wp\/v2\/comments?post=2059"}],"version-history":[{"count":1,"href":"https:\/\/inprincipo2024.inprincipo.com\/index.php\/wp-json\/wp\/v2\/pages\/2059\/revisions"}],"predecessor-version":[{"id":2061,"href":"https:\/\/inprincipo2024.inprincipo.com\/index.php\/wp-json\/wp\/v2\/pages\/2059\/revisions\/2061"}],"wp:attachment":[{"href":"https:\/\/inprincipo2024.inprincipo.com\/index.php\/wp-json\/wp\/v2\/media?parent=2059"}],"curies":[{"name":"wp","href":"https:\/\/api.w.org\/{rel}","templated":true}]}}