{"id":1133,"date":"2024-10-15T15:44:11","date_gmt":"2024-10-15T13:44:11","guid":{"rendered":"https:\/\/inprincipo2024.inprincipo.com\/?page_id=1133"},"modified":"2024-10-25T18:54:36","modified_gmt":"2024-10-25T16:54:36","slug":"les-programmes","status":"publish","type":"page","link":"https:\/\/inprincipo2024.inprincipo.com\/index.php\/les-programmes\/","title":{"rendered":"LES PROGRAMMES"},"content":{"rendered":"\n<div class=\"wp-block-columns is-layout-flex wp-container-core-columns-is-layout-f5a44f5b wp-block-columns-is-layout-flex\">\n<div class=\"wp-block-column is-layout-flow wp-block-column-is-layout-flow\" style=\"flex-basis:25%\">\n<div class=\"wp-block-group is-layout-constrained wp-container-core-group-is-layout-0be64e95 wp-block-group-is-layout-constrained\" style=\"padding-right:var(--wp--preset--spacing--50)\">\n<div id=\"wp-block-themeisle-blocks-button-group-35b12e7e\" class=\"wp-block-themeisle-blocks-button-group wp-block-buttons align-full-desktop\">\n<div id=\"wp-block-themeisle-blocks-button-c2f0bf5e\" class=\"wp-block-themeisle-blocks-button wp-block-button\"><a href=\"https:\/\/inprincipo2024.inprincipo.com\/index.php\/la-methode\/\" target=\"_self\" rel=\"noopener noreferrer\" class=\"wp-block-button__link\"><span>LA M\u00c9THODE<\/span><\/a><\/div>\n<\/div>\n\n\n\n<div id=\"wp-block-themeisle-blocks-button-group-16655761\" class=\"wp-block-themeisle-blocks-button-group wp-block-buttons align-full-desktop\">\n<div id=\"wp-block-themeisle-blocks-button-ea13c664\" class=\"wp-block-themeisle-blocks-button wp-block-button\"><a href=\"https:\/\/inprincipo2024.inprincipo.com\/index.php\/les-accompagnements\/\" target=\"_self\" rel=\"noopener noreferrer\" class=\"wp-block-button__link\"><span>LES ACCOMPAGNEMENTS<\/span><\/a><\/div>\n<\/div>\n\n\n\n<div id=\"wp-block-themeisle-blocks-button-group-9168bd7f\" class=\"wp-block-themeisle-blocks-button-group wp-block-buttons align-full-desktop\">\n<div id=\"wp-block-themeisle-blocks-button-249c31d1\" class=\"wp-block-themeisle-blocks-button wp-block-button\"><a href=\"https:\/\/inprincipo2024.inprincipo.com\/index.php\/les-formations\/\" target=\"_self\" rel=\"noopener noreferrer\" class=\"wp-block-button__link\"><span>LES FORMATIONS<\/span><\/a><\/div>\n<\/div>\n\n\n\n<div id=\"wp-block-themeisle-blocks-button-group-d2f2d7cd\" class=\"wp-block-themeisle-blocks-button-group wp-block-buttons align-full-desktop\">\n<div id=\"wp-block-themeisle-blocks-button-389f36e5\" class=\"wp-block-themeisle-blocks-button wp-block-button\"><a target=\"_self\" rel=\"noopener noreferrer\" class=\"wp-block-button__link\"><span>LES PROGRAMMES<\/span><\/a><\/div>\n<\/div>\n<\/div>\n\n\n\n<div style=\"height:57px\" aria-hidden=\"true\" class=\"wp-block-spacer\"><\/div>\n\n\n\n<h3 class=\"wp-block-heading\">In Principo en France<\/h3>\n\n\n\n<p><a href=\"http:\/\/www.inprincipo.com\/\">www.inprincipo.com<\/a><\/p>\n\n\n\n<p><strong>In Principo Paris<br><\/strong>60 rue de Richelieu<br>75002 PARIS<br>+33 1 53 05 99 75<\/p>\n\n\n\n<p><strong>In Principo Lyon<br><\/strong>3 cours Charlemagne<br>69003 LYON<\/p>\n\n\n\n<p><strong>In Principo Hauts de France<br><\/strong>Campus AGROTECH<br>Square Eug\u00e8ne Thomas&nbsp;<br>59780 Willems&nbsp;<\/p>\n\n\n\n<p><strong>In Principo Maine<br><\/strong>(en cours)<\/p>\n<\/div>\n\n\n\n<div class=\"wp-block-column is-layout-flow wp-block-column-is-layout-flow\" style=\"flex-basis:65%\">\n<p><strong>Les Programmes de R\u00e9g\u00e9n\u00e9ration Continue&nbsp;<br>pour d\u00e9velopper vos capacit\u00e9s collaboratives<br>et booster votre \u00e9nergie collaborative continue<\/strong><\/p>\n\n\n\n<p>In Principo propose des programmes de mont\u00e9e en puissance r\u00e9g\u00e9n\u00e9ratives sur des dur\u00e9e longues de plusieurs trimestres conjuguant des approches inspirantes, apprenantes, exp\u00e9rientielles, learning exp\u00e9ditions, formations spots, organis\u00e9es en programmes r\u00e9guliers et continus pour des collectifs identifi\u00e9s au sein d\u2019organisations ou d\u2019\u00e9cosyst\u00e8mes. Nous pr\u00e9parons 3 programmes qui seront lanc\u00e9s en janvier 2025.<\/p>\n\n\n\n<ul class=\"wp-block-list\">\n<li><strong>Puissance Collaborative<\/strong><\/li>\n\n\n\n<li><strong>Puissance Innovation et R\u00e9invention<\/strong><\/li>\n\n\n\n<li><strong>Puissance R\u00e9g\u00e9n\u00e9rative<\/strong><\/li>\n<\/ul>\n<\/div>\n\n\n\n<div class=\"wp-block-column is-layout-flow wp-block-column-is-layout-flow\" style=\"flex-basis:10%\"><\/div>\n<\/div>\n\n\n\n<div style=\"height:33px\" aria-hidden=\"true\" class=\"wp-block-spacer\"><\/div>\n\n\n\n<div class=\"wp-block-group has-ti-bg-background-color has-background is-layout-constrained wp-container-core-group-is-layout-79c9c7ea wp-block-group-is-layout-constrained\" style=\"padding-right:0;padding-left:0\">\n<div style=\"height:41px\" aria-hidden=\"true\" class=\"wp-block-spacer\"><\/div>\n\n\n\n<div class=\"wp-block-group alignwide has-ti-accent-color has-text-color has-link-color wp-elements-a48524c72e2059d497dcedb1ecfbac59 is-content-justification-center is-nowrap is-layout-flex wp-container-core-group-is-layout-23441af8 wp-block-group-is-layout-flex\">\n<div id=\"wp-block-themeisle-blocks-font-awesome-icons-08461d12\" class=\"wp-block-themeisle-blocks-font-awesome-icons\"><span class=\"wp-block-themeisle-blocks-font-awesome-icons-container\"><i class=\"fas fa-arrow-circle-right\"><\/i><\/span><\/div>\n\n\n\n<h2 class=\"wp-block-heading alignwide has-ti-accent-color has-text-color has-link-color wp-elements-75f2f67e232aea354248db67d47da3e7\">Int\u00e9ress\u00e9 ? Intrigu\u00e9 ? Curieux ? <br>Contactez-nous !<\/h2>\n<\/div>\n\n\n\n<div style=\"height:41px\" aria-hidden=\"true\" class=\"wp-block-spacer\"><\/div>\n\n\n\n<div class=\"wp-block-columns is-layout-flex wp-container-core-columns-is-layout-cf05694f wp-block-columns-is-layout-flex\">\n<div class=\"wp-block-column is-layout-flow wp-block-column-is-layout-flow\" style=\"flex-basis:100%\">\n<div id=\"wp-block-themeisle-blocks-form-346b5dd6\" class=\"wp-block-themeisle-blocks-form\" data-option-name=\"bf9b28ff82ce323187abc5d0feb0d8f07ecd8436_346b5dd6\"><form class=\"otter-form__container\">\n<div id=\"wp-block-themeisle-blocks-form-input-7a7d6f42\" class=\"wp-block-themeisle-blocks-form-input\"><label for=\"wp-block-themeisle-blocks-form-input-7a7d6f42-input\" class=\"otter-form-input-label\"><span class=\"otter-form-input-label__label\"><em>Votre pr\u00e9nom, votre nom<\/em><\/span><span class=\"required\">*<\/span><\/label><input type=\"text\" id=\"wp-block-themeisle-blocks-form-input-7a7d6f42-input\" required class=\"otter-form-input\"\/><\/div>\n\n\n\n<div id=\"wp-block-themeisle-blocks-form-input-f8745400\" class=\"wp-block-themeisle-blocks-form-input\"><label for=\"wp-block-themeisle-blocks-form-input-f8745400-input\" class=\"otter-form-input-label\"><span class=\"otter-form-input-label__label\"><em>Votre entreprise<\/em><\/span><span class=\"required\">*<\/span><\/label><input type=\"text\" id=\"wp-block-themeisle-blocks-form-input-f8745400-input\" required class=\"otter-form-input\"\/><\/div>\n\n\n\n<div id=\"wp-block-themeisle-blocks-form-input-50b2af0b\" class=\"wp-block-themeisle-blocks-form-input\"><label for=\"wp-block-themeisle-blocks-form-input-50b2af0b-input\" class=\"otter-form-input-label\"><span class=\"otter-form-input-label__label\"><em>Votre email<\/em><\/span><span class=\"required\">*<\/span><\/label><input type=\"email\" id=\"wp-block-themeisle-blocks-form-input-50b2af0b-input\" required class=\"otter-form-input\"\/><\/div>\n\n\n<div class=\"protection\" aria-hidden=\"true\"><input type=\"hidden\" id=\"wp-block-themeisle-blocks-form-346b5dd6_nonce_field\" name=\"wp-block-themeisle-blocks-form-346b5dd6_nonce_field\" value=\"fe93a9a38f\" \/><input type=\"hidden\" name=\"_wp_http_referer\" value=\"\/index.php\/wp-json\/wp\/v2\/pages\/1133\" \/><input class=\"o-anti-bot\" type=\"checkbox\"><\/div>\n\n\n<div id=\"wp-block-themeisle-blocks-form-input-162629e2\" class=\"wp-block-themeisle-blocks-form-input\"><label for=\"wp-block-themeisle-blocks-form-input-162629e2-input\" class=\"otter-form-input-label\"><span class=\"otter-form-input-label__label\"><em>Votre t\u00e9l\u00e9phone<\/em><\/span><\/label><input type=\"text\" id=\"wp-block-themeisle-blocks-form-input-162629e2-input\" class=\"otter-form-input\"\/><\/div>\n\n\n\n<div id=\"wp-block-themeisle-blocks-form-textarea-fcb0e154\" class=\"wp-block-themeisle-blocks-form-textarea\"><label for=\"wp-block-themeisle-blocks-form-textarea-fcb0e154-input\" class=\"otter-form-textarea-label\"><span class=\"otter-form-textarea-label__label\"><em>Votre message<\/em><\/span><\/label><textarea id=\"wp-block-themeisle-blocks-form-textarea-fcb0e154-input\" rows=\"10\" class=\"otter-form-textarea-input\"><\/textarea><\/div>\n\n\n\n<p class=\"has-ti-accent-color has-text-color has-link-color has-extra-small-font-size wp-elements-a17176c1e7a7b6b6f6d5d99a94002762\">En soumettant ce formulaire de contact, vous acceptez que les informations saisies soient exploit\u00e9es dans le cadre de votre demande.<\/p>\n\n\n\n<p class=\"has-ti-accent-color has-text-color has-link-color has-small-font-size wp-elements-ce1b4950b9ec67c890628eeb929a4551\" style=\"margin-top:0;margin-bottom:0\">Pour conna\u00eetre et exercer vos droits, notamment de retrait de votre consentement \u00e0 l\u2019utilisation des donn\u00e9es collect\u00e9es par ce formulaire, veuillez consulter les conditions g\u00e9n\u00e9rales d\u2019utilisation li\u00e9es \u00e0 la&nbsp;<a href=\"https:\/\/www.ruptur.fr\/vos-donnees-personnelles\/\">gestion des donn\u00e9es personnelles<\/a>.<\/p>\n<div class=\"wp-block-button\"><button class=\"wp-block-button__link\" type=\"submit\">Submit<\/button><\/div><\/form><\/div>\n<\/div>\n<\/div>\n<\/div>\n","protected":false},"excerpt":{"rendered":"<p>In Principo en France www.inprincipo.com In Principo Paris60 rue de Richelieu75002 PARIS+33 1 53 05 99 75 In Principo Lyon3 cours Charlemagne69003 LYON In Principo Hauts de FranceCampus AGROTECHSquare Eug\u00e8ne Thomas&nbsp;59780 Willems&nbsp; In Principo Maine(en cours) Les Programmes de R\u00e9g\u00e9n\u00e9ration Continue&nbsp;pour d\u00e9velopper vos capacit\u00e9s collaborativeset booster votre \u00e9nergie collaborative continue In Principo propose des programmes [&hellip;]<\/p>\n","protected":false},"author":1,"featured_media":0,"parent":0,"menu_order":0,"comment_status":"closed","ping_status":"closed","template":"wp-custom-template-pages-grande-largeur","meta":{"_themeisle_gutenberg_block_has_review":false,"footnotes":""},"class_list":["post-1133","page","type-page","status-publish","hentry"],"jetpack-related-posts":[{"id":1042,"url":"https:\/\/inprincipo2024.inprincipo.com\/index.php\/les-prestations\/","url_meta":{"origin":1133,"position":0},"title":"LES PRESTATIONS","author":"In Principo","date":"9 octobre 2024","format":false,"excerpt":"LES \u00c9TAPES DE LA FACILITATION STRAT\u00c9GIQUE LES ACCOMPAGNEMENTS LES FORMATIONS LES PROGRAMMES In Principo en France www.inprincipo.com In Principo Paris60 rue de Richelieu75002 PARIS+33 1 53 05 99 75 In Principo Lyon3 cours Charlemagne69003 LYON In Principo Hauts de FranceCampus AGROTECHSquare Eug\u00e8ne Thomas\u00a059780 Willems\u00a0 In Principo Maine(en cours) Pour d\u00e9velopper\u2026","rel":"","context":"Article similaire","block_context":{"text":"Article similaire","link":""},"img":{"alt_text":"","src":"","width":0,"height":0},"classes":[]},{"id":361,"url":"https:\/\/inprincipo2024.inprincipo.com\/index.php\/distributeur-francais\/","url_meta":{"origin":1133,"position":1},"title":"\u00c9TUDE DE CAS : DISTRIBUTEUR FRAN\u00c7AIS","author":"In Principo","date":"10 septembre 2024","format":false,"excerpt":"Transformer la culture manag\u00e9riale op\u00e9rationnelle par un parcours de formation r\u00e9g\u00e9n\u00e9rant et transformant\u00a0 Comme tous les distributeurs, cette Enseigne a \u00e9t\u00e9 impact\u00e9e par les multiples \u00e9volutions de son m\u00e9tier et de la soci\u00e9t\u00e9 puis par les turbulences dans lesquelles nous vivons aujourd\u2019hui.\u2026 Mais ce distributeur ne r\u00e9agit pas comme les\u2026","rel":"","context":"Article similaire","block_context":{"text":"Article similaire","link":""},"img":{"alt_text":"","src":"","width":0,"height":0},"classes":[]},{"id":1127,"url":"https:\/\/inprincipo2024.inprincipo.com\/index.php\/la-methode\/","url_meta":{"origin":1133,"position":2},"title":"LA M\u00c9THODE","author":"In Principo","date":"15 octobre 2024","format":false,"excerpt":"LA M\u00c9THODE LES ACCOMPAGNEMENTS LES FORMATIONS LES PROGRAMMES In Principo en France www.inprincipo.com In Principo Paris60 rue de Richelieu75002 PARIS+33 1 53 05 99 75 In Principo Lyon3 cours Charlemagne69003 LYON In Principo Hauts de FranceCampus AGROTECHSquare Eug\u00e8ne Thomas\u00a059780 Willems\u00a0 In Principo Maine(en cours) La facilitation strat\u00e9gique In Principo se\u2026","rel":"","context":"Article similaire","block_context":{"text":"Article similaire","link":""},"img":{"alt_text":"","src":"","width":0,"height":0},"classes":[]},{"id":1129,"url":"https:\/\/inprincipo2024.inprincipo.com\/index.php\/les-accompagnements\/","url_meta":{"origin":1133,"position":3},"title":"LES ACCOMPAGNEMENTS","author":"In Principo","date":"15 octobre 2024","format":false,"excerpt":"LA M\u00c9THODE LES ACCOMPAGNEMENTS LES FORMATIONS LES PROGRAMMES In Principo en France www.inprincipo.com In Principo Paris60 rue de Richelieu75002 PARIS+33 1 53 05 99 75 In Principo Lyon3 cours Charlemagne69003 LYON In Principo Hauts de FranceCampus AGROTECHSquare Eug\u00e8ne Thomas\u00a059780 Willems\u00a0 In Principo Maine(en cours) Depuis l\u2019origine, nous r\u00e9pondons de mani\u00e8re\u2026","rel":"","context":"Article similaire","block_context":{"text":"Article similaire","link":""},"img":{"alt_text":"","src":"","width":0,"height":0},"classes":[]},{"id":1107,"url":"https:\/\/inprincipo2024.inprincipo.com\/index.php\/la-facilitation-strategique\/","url_meta":{"origin":1133,"position":4},"title":"LA FACILITATION STRAT\u00c9GIQUE","author":"In Principo","date":"15 octobre 2024","format":false,"excerpt":"LA FACILITATION STRAT\u00c9GIQUE TRANSITIONS, INCERTITUDES, TURBULENCES LES DYNAMIQUES COLLABORATIVES In Principo en France www.inprincipo.com In Principo Paris60 rue de Richelieu75002 PARIS+33 1 53 05 99 75 In Principo Lyon3 cours Charlemagne69003 LYON In Principo Hauts de FranceCampus AGROTECHSquare Eug\u00e8ne Thomas\u00a059780 Willems\u00a0 In Principo Maine(en cours) La facilitation strat\u00e9gique est la\u2026","rel":"","context":"Article similaire","block_context":{"text":"Article similaire","link":""},"img":{"alt_text":"","src":"https:\/\/i0.wp.com\/inprincipo2024.inprincipo.com\/wp-content\/uploads\/2025\/03\/Facilitation-Strategique-Concept.png?resize=350%2C200&ssl=1","width":350,"height":200,"srcset":"https:\/\/i0.wp.com\/inprincipo2024.inprincipo.com\/wp-content\/uploads\/2025\/03\/Facilitation-Strategique-Concept.png?resize=350%2C200&ssl=1 1x, https:\/\/i0.wp.com\/inprincipo2024.inprincipo.com\/wp-content\/uploads\/2025\/03\/Facilitation-Strategique-Concept.png?resize=525%2C300&ssl=1 1.5x, https:\/\/i0.wp.com\/inprincipo2024.inprincipo.com\/wp-content\/uploads\/2025\/03\/Facilitation-Strategique-Concept.png?resize=700%2C400&ssl=1 2x, https:\/\/i0.wp.com\/inprincipo2024.inprincipo.com\/wp-content\/uploads\/2025\/03\/Facilitation-Strategique-Concept.png?resize=1050%2C600&ssl=1 3x, https:\/\/i0.wp.com\/inprincipo2024.inprincipo.com\/wp-content\/uploads\/2025\/03\/Facilitation-Strategique-Concept.png?resize=1400%2C800&ssl=1 4x"},"classes":[]},{"id":1131,"url":"https:\/\/inprincipo2024.inprincipo.com\/index.php\/les-formations\/","url_meta":{"origin":1133,"position":5},"title":"LES FORMATIONS","author":"In Principo","date":"15 octobre 2024","format":false,"excerpt":"LA M\u00c9THODE LES ACCOMPAGNEMENTS LES FORMATIONS LES PROGRAMMES In Principo en France www.inprincipo.com In Principo Paris60 rue de Richelieu75002 PARIS+33 1 53 05 99 75 In Principo Lyon3 cours Charlemagne69003 LYON In Principo Hauts de FranceCampus AGROTECHSquare Eug\u00e8ne Thomas\u00a059780 WILLEMS\u00a0 Depuis 2011, In Principo d\u00e9veloppe des formations \u00e0 destination de\u2026","rel":"","context":"Article similaire","block_context":{"text":"Article similaire","link":""},"img":{"alt_text":"","src":"https:\/\/i0.wp.com\/inprincipo2024.inprincipo.com\/wp-content\/uploads\/2025\/07\/250711-INPACADEMYA-Catalogue2025-ModulCubes-Couverture2.png?resize=350%2C200&ssl=1","width":350,"height":200,"srcset":"https:\/\/i0.wp.com\/inprincipo2024.inprincipo.com\/wp-content\/uploads\/2025\/07\/250711-INPACADEMYA-Catalogue2025-ModulCubes-Couverture2.png?resize=350%2C200&ssl=1 1x, https:\/\/i0.wp.com\/inprincipo2024.inprincipo.com\/wp-content\/uploads\/2025\/07\/250711-INPACADEMYA-Catalogue2025-ModulCubes-Couverture2.png?resize=525%2C300&ssl=1 1.5x, https:\/\/i0.wp.com\/inprincipo2024.inprincipo.com\/wp-content\/uploads\/2025\/07\/250711-INPACADEMYA-Catalogue2025-ModulCubes-Couverture2.png?resize=700%2C400&ssl=1 2x"},"classes":[]}],"jetpack_sharing_enabled":true,"_links":{"self":[{"href":"https:\/\/inprincipo2024.inprincipo.com\/index.php\/wp-json\/wp\/v2\/pages\/1133","targetHints":{"allow":["GET"]}}],"collection":[{"href":"https:\/\/inprincipo2024.inprincipo.com\/index.php\/wp-json\/wp\/v2\/pages"}],"about":[{"href":"https:\/\/inprincipo2024.inprincipo.com\/index.php\/wp-json\/wp\/v2\/types\/page"}],"author":[{"embeddable":true,"href":"https:\/\/inprincipo2024.inprincipo.com\/index.php\/wp-json\/wp\/v2\/users\/1"}],"replies":[{"embeddable":true,"href":"https:\/\/inprincipo2024.inprincipo.com\/index.php\/wp-json\/wp\/v2\/comments?post=1133"}],"version-history":[{"count":4,"href":"https:\/\/inprincipo2024.inprincipo.com\/index.php\/wp-json\/wp\/v2\/pages\/1133\/revisions"}],"predecessor-version":[{"id":1514,"href":"https:\/\/inprincipo2024.inprincipo.com\/index.php\/wp-json\/wp\/v2\/pages\/1133\/revisions\/1514"}],"wp:attachment":[{"href":"https:\/\/inprincipo2024.inprincipo.com\/index.php\/wp-json\/wp\/v2\/media?parent=1133"}],"curies":[{"name":"wp","href":"https:\/\/api.w.org\/{rel}","templated":true}]}}