{"id":1115,"date":"2024-10-15T15:21:29","date_gmt":"2024-10-15T13:21:29","guid":{"rendered":"https:\/\/inprincipo2024.inprincipo.com\/?page_id=1115"},"modified":"2025-03-25T16:22:49","modified_gmt":"2025-03-25T15:22:49","slug":"les-dynamiques-collaboratives","status":"publish","type":"page","link":"https:\/\/inprincipo2024.inprincipo.com\/index.php\/les-dynamiques-collaboratives\/","title":{"rendered":"LES DYNAMIQUES COLLABORATIVES"},"content":{"rendered":"\n<div class=\"wp-block-columns is-layout-flex wp-container-core-columns-is-layout-f5a44f5b wp-block-columns-is-layout-flex\">\n<div class=\"wp-block-column is-layout-flow wp-block-column-is-layout-flow\" style=\"flex-basis:25%\">\n<div class=\"wp-block-group is-layout-constrained wp-container-core-group-is-layout-0be64e95 wp-block-group-is-layout-constrained\" style=\"padding-right:var(--wp--preset--spacing--50)\">\n<div id=\"wp-block-themeisle-blocks-button-group-35b12e7e\" class=\"wp-block-themeisle-blocks-button-group wp-block-buttons align-full-desktop\">\n<div id=\"wp-block-themeisle-blocks-button-c2f0bf5e\" class=\"wp-block-themeisle-blocks-button wp-block-button\"><a href=\"https:\/\/inprincipo2024.inprincipo.com\/index.php\/la-facilitation-strategique\/\" target=\"_self\" rel=\"noopener noreferrer\" class=\"wp-block-button__link\"><span>LA FACILITATION STRAT\u00c9GIQUE<\/span><\/a><\/div>\n<\/div>\n\n\n\n<div id=\"wp-block-themeisle-blocks-button-group-16655761\" class=\"wp-block-themeisle-blocks-button-group wp-block-buttons align-full-desktop\">\n<div id=\"wp-block-themeisle-blocks-button-ea13c664\" class=\"wp-block-themeisle-blocks-button wp-block-button\"><a href=\"https:\/\/inprincipo2024.inprincipo.com\/index.php\/transitions-incertitudes-turbulences\/\" target=\"_self\" rel=\"noopener noreferrer\" class=\"wp-block-button__link\"><span>TRANSITIONS, INCERTITUDES, TURBULENCES<\/span><\/a><\/div>\n<\/div>\n\n\n\n<div id=\"wp-block-themeisle-blocks-button-group-28c0734a\" class=\"wp-block-themeisle-blocks-button-group wp-block-buttons align-full-desktop\">\n<div id=\"wp-block-themeisle-blocks-button-62a7c529\" class=\"wp-block-themeisle-blocks-button wp-block-button\"><a target=\"_self\" rel=\"noopener noreferrer\" class=\"wp-block-button__link\"><span>LES DYNAMIQUES COLLABORATIVES<\/span><\/a><\/div>\n<\/div>\n<\/div>\n\n\n\n<div style=\"height:57px\" aria-hidden=\"true\" class=\"wp-block-spacer\"><\/div>\n\n\n\n<h3 class=\"wp-block-heading\">In Principo en France<\/h3>\n\n\n\n<p><a href=\"http:\/\/www.inprincipo.com\/\">www.inprincipo.com<\/a><\/p>\n\n\n\n<p><strong>In Principo Paris<br><\/strong>60 rue de Richelieu<br>75002 PARIS<br>+33 1 53 05 99 75<\/p>\n\n\n\n<p><strong>In Principo Lyon<br><\/strong>3 cours Charlemagne<br>69003 LYON<\/p>\n\n\n\n<p><strong>In Principo Hauts de France<br><\/strong>Campus AGROTECH<br>Square Eug\u00e8ne Thomas&nbsp;<br>59780 Willems&nbsp;<\/p>\n\n\n\n<p><strong>In Principo Maine<br><\/strong>(en cours)<\/p>\n<\/div>\n\n\n\n<div class=\"wp-block-column is-layout-flow wp-block-column-is-layout-flow\" style=\"flex-basis:65%\">\n<p>Dans un monde marqu\u00e9 par l\u2019acc\u00e9l\u00e9ration des \u00e9volutions et la complexit\u00e9, une \u00e9poque challeng\u00e9e par les transitions, l\u2019incertitude et les turbulences, s\u2019est clairement impos\u00e9 au c\u0153ur des organisations,&nbsp;la n\u00e9cessit\u00e9 d\u2019agir davantage en intelligence collective.<\/p>\n\n\n\n<h2 class=\"wp-block-heading\">De l\u2019intelligence collective aux dynamiques collaboratives<\/h2>\n\n\n\n<p>L\u2019intelligence collective, oui, une belle id\u00e9e, une belle exp\u00e9rience. Mais, longtemps difficile \u00e0 concilier avec le quotidien. Apparue comme une possibilit\u00e9 dans la premi\u00e8re partie du XXe si\u00e8cle, puis comme une pratique particuli\u00e8re dans la deuxi\u00e8me moiti\u00e9 de ce m\u00eame si\u00e8cle, l\u2019intelligence collective s\u2019est g\u00e9n\u00e9ralis\u00e9e depuis une vingtaine d\u2019ann\u00e9e comme une pratique d\u2019ateliers, de s\u00e9minaires, ou de collectifs v\u00e9ritablement engag\u00e9s. Pas encore une pratique de tous les jours, ni pour toutes les entreprises, toutes les administrations, tous les territoires.<\/p>\n\n\n\n<p>Pourquoi&nbsp;? Parce que cr\u00e9er les conditions nominales de l\u2019intelligence collective a longtemps \u00e9t\u00e9 consid\u00e9r\u00e9 comme un art, une pratique&nbsp;complexe : le m\u00e9tier du facilitateur. Parce que dans les conceptions port\u00e9es par toute une profession, c\u2019est une pratique qui engendre une dynamique \u00e9ph\u00e9m\u00e8re&nbsp;connue des professionnels sous le nom de diamant du collaboratif&nbsp;: divergence \/ \u00e9mergence \/ convergence.&nbsp;&nbsp;<\/p>\n\n\n\n<p>In Principo s\u2019est pos\u00e9 la question d\u00e8s son origine (voir UN PEU d\u2019HISTOIRE)&nbsp;: comment cr\u00e9er les conditions d\u2019une intelligence collective continue&nbsp;?&nbsp;<\/p>\n\n\n\n<p>Et nous y avons r\u00e9pondu apr\u00e8s quelques ann\u00e9es de recherche&nbsp;:&nbsp;<\/p>\n\n\n\n<p>La Dynamique Collaborative.<\/p>\n\n\n\n<h2 class=\"wp-block-heading\">Comment l\u2019intelligence collective est-elle possible en continu pour d\u00e9velopper les capacit\u00e9s singuli\u00e8res strat\u00e9giques des organisations&nbsp;?&nbsp;<\/h2>\n\n\n\n<p>L\u2019intelligence collective continue est d\u00e9terminante tant dans nos accompagnements pour d\u00e9velopper les capacit\u00e9s, pour transformer, que dans l\u2019organisation accompagn\u00e9e pour, ensuite fonctionner.<\/p>\n\n\n\n<p>L\u2019intelligence collective nait de conditions particuli\u00e8res que maitrise les facilitateurs&nbsp;: un champ de questionnement avec 3 phases&nbsp;: divergence \/ \u00e9mergence \/ convergence. En facilitation classique, elle a un d\u00e9but, un milieu et une fin. En facilitation par les dynamiques collaboratives, elle devient continue, elle peut m\u00eame s\u2019amplifier avec le temps.<\/p>\n\n\n\n<h2 class=\"wp-block-heading\">La Facilitation en Dynamiques Collaboratives&nbsp;cr\u00e9e les conditions d\u2019une puissance collaborative<\/h2>\n\n\n\n<p>La Facilitation en Dynamiques Collaboratives est \u00e0 la base un champ de pratiques \u00e0 haute intensit\u00e9 collaborative. La Facilitation en Dynamiques Collaboratives travaille activement sur deux registres&nbsp;: la dynamique des actions (les enjeux, les id\u00e9es, les initiatives, le contenu de ce que l\u2019on fait progresser) et la dynamique des acteurs (l\u2019implication individuelle et collective que l\u2019on fait grandir). La force d\u2019une d\u00e9marche en Dynamiques Collaboratives est de faire grandir les deux, ensemble, l\u2019un par l\u2019autre. D\u00e8s lors les deux se renforcent et d\u00e9veloppent par la conscience collective d\u2019un enjeu et d\u2019une intensit\u00e9 collaboration, les conditions du flow, d\u2019une \u00e9nergie collective, d\u2019une puissance cr\u00e9ative et op\u00e9rationnelle. Une capacit\u00e9 qui peut \u00eatre fort utile pour travailler une strat\u00e9gie, la mettre en \u0153uvre.&nbsp;<\/p>\n\n\n\n<h2 class=\"wp-block-heading\">Les Dynamiques R\u00e9g\u00e9n\u00e9rActives engendre l\u2019intelligence collective continue<\/h2>\n\n\n\n<p>In Principo est all\u00e9 plus loin en cherchant \u00e0 comprendre ce qui se jouait dans ces champs \u00e0 haute intensit\u00e9 collaborative. Trois \u00e9nergies naturelles cr\u00e9ent les conditions de l\u2019intelligence collective. En activant ces trois \u00e9nergies successivement, il est alors possible, de mani\u00e8re circulaire d\u2019activer une intelligence collective continue. <\/p>\n\n\n\n<figure class=\"wp-block-image size-large\"><img data-recalc-dims=\"1\" loading=\"lazy\" decoding=\"async\" width=\"1024\" height=\"636\" src=\"https:\/\/i0.wp.com\/inprincipo2024.inprincipo.com\/wp-content\/uploads\/2025\/03\/Dynamique-Collaborative-by-In-Principo.png?resize=1024%2C636&#038;ssl=1\" alt=\"\" class=\"wp-image-3139\" srcset=\"https:\/\/i0.wp.com\/inprincipo2024.inprincipo.com\/wp-content\/uploads\/2025\/03\/Dynamique-Collaborative-by-In-Principo.png?resize=1024%2C636&amp;ssl=1 1024w, https:\/\/i0.wp.com\/inprincipo2024.inprincipo.com\/wp-content\/uploads\/2025\/03\/Dynamique-Collaborative-by-In-Principo.png?resize=300%2C186&amp;ssl=1 300w, https:\/\/i0.wp.com\/inprincipo2024.inprincipo.com\/wp-content\/uploads\/2025\/03\/Dynamique-Collaborative-by-In-Principo.png?resize=768%2C477&amp;ssl=1 768w, https:\/\/i0.wp.com\/inprincipo2024.inprincipo.com\/wp-content\/uploads\/2025\/03\/Dynamique-Collaborative-by-In-Principo.png?w=1224&amp;ssl=1 1224w\" sizes=\"auto, (max-width: 1000px) 100vw, 1000px\" \/><\/figure>\n\n\n\n<p>Sur un cercle r\u00e9f\u00e9rentiel \u00e0 3 p\u00f4les (Coh\u00e9sion \/ Sens \/ Action), la dynamique circulaire fait apparaitre trois \u00e9nergies entre ces p\u00f4les&nbsp;:&nbsp;<\/p>\n\n\n\n<ul class=\"wp-block-list\">\n<li><strong>l\u2019\u00e9nergie de l\u2019engagement<\/strong> (de coh\u00e9sion \u00e0 sens)\u00a0<strong>:<\/strong> beaucoup ont d\u00e9j\u00e0 observ\u00e9 que lorsque l\u2019on donne du sens on engendre l\u2019envie d\u2019agir. Cette \u00e9nergie est puissante mais \u00e9ph\u00e9m\u00e8re.<\/li>\n\n\n\n<li><strong>l\u2019\u00e9nergie de la r\u00e9alisation<\/strong> (de sens \u00e0 action)\u00a0<strong>:<\/strong> quand le cadre est adapt\u00e9, le collectif r\u00e9alise ses actions et en m\u00eame temps se r\u00e9alise collectivement\u00a0;\u00a0<\/li>\n\n\n\n<li><strong>l\u2019\u00e9nergie de la r\u00e9g\u00e9n\u00e9ration <\/strong>(de action \u00e0 coh\u00e9sion)\u00a0<strong>:<\/strong> quand le collectif a r\u00e9alis\u00e9 un certain quantum d\u2019action, il a besoin de d\u00e9briefer, de c\u00e9l\u00e9brer, de partager, de capitaliser, d\u2019apprendre, de se r\u00e9g\u00e9n\u00e9rer. Cette \u00e9nergie nourrit le collectif, renforce sa coh\u00e9sion, lui permet de se rendre app\u00e9tent pour un nouveau cycle.\u00a0<\/li>\n<\/ul>\n\n\n\n<p>En cr\u00e9ant le continuum de pratiques et de postures adapt\u00e9es, le facilitateur, le manager form\u00e9 peut activer les conditions puissantes d\u2019une intelligence collective continue, v\u00e9ritable capacit\u00e9 strat\u00e9gique des entreprises d\u2019aujourd\u2019hui.<\/p>\n\n\n\n<p>Parce qu\u2019elle est autant une pratique au c\u0153ur de nos accompagnements pour susciter l\u2019intelligence strat\u00e9gique, l\u2019\u00e9nergie d\u2019engagement, l\u2019intelligence de l\u2019action qu\u2019un mode de fonctionnement que nous d\u00e9veloppons par nos accompagnements au sein des organisations, pour engendrer cette capacit\u00e9 strat\u00e9gique singuli\u00e8re durable de l\u2019organisation.<\/p>\n<\/div>\n\n\n\n<div class=\"wp-block-column is-layout-flow wp-block-column-is-layout-flow\" style=\"flex-basis:10%\"><\/div>\n<\/div>\n\n\n\n<div style=\"height:33px\" aria-hidden=\"true\" class=\"wp-block-spacer\"><\/div>\n\n\n\n<div class=\"wp-block-group has-ti-bg-background-color has-background is-layout-constrained wp-container-core-group-is-layout-79c9c7ea wp-block-group-is-layout-constrained\" style=\"padding-right:0;padding-left:0\">\n<div style=\"height:41px\" aria-hidden=\"true\" class=\"wp-block-spacer\"><\/div>\n\n\n\n<div class=\"wp-block-group alignwide has-ti-accent-color has-text-color has-link-color wp-elements-a48524c72e2059d497dcedb1ecfbac59 is-content-justification-center is-nowrap is-layout-flex wp-container-core-group-is-layout-23441af8 wp-block-group-is-layout-flex\">\n<div id=\"wp-block-themeisle-blocks-font-awesome-icons-08461d12\" class=\"wp-block-themeisle-blocks-font-awesome-icons\"><span class=\"wp-block-themeisle-blocks-font-awesome-icons-container\"><i class=\"fas fa-arrow-circle-right\"><\/i><\/span><\/div>\n\n\n\n<h2 class=\"wp-block-heading alignwide has-ti-accent-color has-text-color has-link-color wp-elements-75f2f67e232aea354248db67d47da3e7\">Int\u00e9ress\u00e9 ? Intrigu\u00e9 ? Curieux ? <br>Contactez-nous !<\/h2>\n<\/div>\n\n\n\n<div style=\"height:41px\" aria-hidden=\"true\" class=\"wp-block-spacer\"><\/div>\n\n\n\n<div class=\"wp-block-columns is-layout-flex wp-container-core-columns-is-layout-cf05694f wp-block-columns-is-layout-flex\">\n<div class=\"wp-block-column is-layout-flow wp-block-column-is-layout-flow\" style=\"flex-basis:100%\">\n<div id=\"wp-block-themeisle-blocks-form-346b5dd6\" class=\"wp-block-themeisle-blocks-form\" data-option-name=\"bf9b28ff82ce323187abc5d0feb0d8f07ecd8436_346b5dd6\"><form class=\"otter-form__container\">\n<div id=\"wp-block-themeisle-blocks-form-input-7a7d6f42\" class=\"wp-block-themeisle-blocks-form-input\"><label for=\"wp-block-themeisle-blocks-form-input-7a7d6f42-input\" class=\"otter-form-input-label\"><span class=\"otter-form-input-label__label\"><em>Votre pr\u00e9nom, votre nom<\/em><\/span><span class=\"required\">*<\/span><\/label><input type=\"text\" id=\"wp-block-themeisle-blocks-form-input-7a7d6f42-input\" required class=\"otter-form-input\"\/><\/div>\n\n\n\n<div id=\"wp-block-themeisle-blocks-form-input-f8745400\" class=\"wp-block-themeisle-blocks-form-input\"><label for=\"wp-block-themeisle-blocks-form-input-f8745400-input\" class=\"otter-form-input-label\"><span class=\"otter-form-input-label__label\"><em>Votre entreprise<\/em><\/span><span class=\"required\">*<\/span><\/label><input type=\"text\" id=\"wp-block-themeisle-blocks-form-input-f8745400-input\" required class=\"otter-form-input\"\/><\/div>\n\n\n\n<div id=\"wp-block-themeisle-blocks-form-input-50b2af0b\" class=\"wp-block-themeisle-blocks-form-input\"><label for=\"wp-block-themeisle-blocks-form-input-50b2af0b-input\" class=\"otter-form-input-label\"><span class=\"otter-form-input-label__label\"><em>Votre email<\/em><\/span><span class=\"required\">*<\/span><\/label><input type=\"email\" id=\"wp-block-themeisle-blocks-form-input-50b2af0b-input\" required class=\"otter-form-input\"\/><\/div>\n\n\n<div class=\"protection\" aria-hidden=\"true\"><input type=\"hidden\" id=\"wp-block-themeisle-blocks-form-346b5dd6_nonce_field\" name=\"wp-block-themeisle-blocks-form-346b5dd6_nonce_field\" value=\"9875cfc3ed\" \/><input type=\"hidden\" name=\"_wp_http_referer\" value=\"\/index.php\/wp-json\/wp\/v2\/pages\/1115\" \/><input class=\"o-anti-bot\" type=\"checkbox\"><\/div>\n\n\n<div id=\"wp-block-themeisle-blocks-form-input-162629e2\" class=\"wp-block-themeisle-blocks-form-input\"><label for=\"wp-block-themeisle-blocks-form-input-162629e2-input\" class=\"otter-form-input-label\"><span class=\"otter-form-input-label__label\"><em>Votre t\u00e9l\u00e9phone<\/em><\/span><\/label><input type=\"text\" id=\"wp-block-themeisle-blocks-form-input-162629e2-input\" class=\"otter-form-input\"\/><\/div>\n\n\n\n<div id=\"wp-block-themeisle-blocks-form-textarea-fcb0e154\" class=\"wp-block-themeisle-blocks-form-textarea\"><label for=\"wp-block-themeisle-blocks-form-textarea-fcb0e154-input\" class=\"otter-form-textarea-label\"><span class=\"otter-form-textarea-label__label\"><em>Votre message<\/em><\/span><\/label><textarea id=\"wp-block-themeisle-blocks-form-textarea-fcb0e154-input\" rows=\"10\" class=\"otter-form-textarea-input\"><\/textarea><\/div>\n\n\n\n<p class=\"has-ti-accent-color has-text-color has-link-color has-extra-small-font-size wp-elements-a17176c1e7a7b6b6f6d5d99a94002762\">En soumettant ce formulaire de contact, vous acceptez que les informations saisies soient exploit\u00e9es dans le cadre de votre demande.<\/p>\n\n\n\n<p class=\"has-ti-accent-color has-text-color has-link-color has-small-font-size wp-elements-ce1b4950b9ec67c890628eeb929a4551\" style=\"margin-top:0;margin-bottom:0\">Pour conna\u00eetre et exercer vos droits, notamment de retrait de votre consentement \u00e0 l\u2019utilisation des donn\u00e9es collect\u00e9es par ce formulaire, veuillez consulter les conditions g\u00e9n\u00e9rales d\u2019utilisation li\u00e9es \u00e0 la&nbsp;<a href=\"https:\/\/www.ruptur.fr\/vos-donnees-personnelles\/\">gestion des donn\u00e9es personnelles<\/a>.<\/p>\n<div class=\"wp-block-button\"><button class=\"wp-block-button__link\" type=\"submit\">Submit<\/button><\/div><\/form><\/div>\n<\/div>\n<\/div>\n<\/div>\n","protected":false},"excerpt":{"rendered":"<p>In Principo en France www.inprincipo.com In Principo Paris60 rue de Richelieu75002 PARIS+33 1 53 05 99 75 In Principo Lyon3 cours Charlemagne69003 LYON In Principo Hauts de FranceCampus AGROTECHSquare Eug\u00e8ne Thomas&nbsp;59780 Willems&nbsp; In Principo Maine(en cours) Dans un monde marqu\u00e9 par l\u2019acc\u00e9l\u00e9ration des \u00e9volutions et la complexit\u00e9, une \u00e9poque challeng\u00e9e par les transitions, l\u2019incertitude et [&hellip;]<\/p>\n","protected":false},"author":1,"featured_media":0,"parent":0,"menu_order":0,"comment_status":"closed","ping_status":"closed","template":"wp-custom-template-pages-grande-largeur","meta":{"_themeisle_gutenberg_block_has_review":false,"footnotes":""},"class_list":["post-1115","page","type-page","status-publish","hentry"],"jetpack-related-posts":[{"id":1061,"url":"https:\/\/inprincipo2024.inprincipo.com\/index.php\/un-peu-dhistoire\/","url_meta":{"origin":1115,"position":0},"title":"UN PEU D&rsquo;HISTOIRE","author":"In Principo","date":"9 octobre 2024","format":false,"excerpt":"QUI SOMMES-NOUS ? L'\u00c9QUIPE UN PEU D'HISTOIRE NOS PARTENAIRES In Principo en France www.inprincipo.com In Principo Paris60 rue de Richelieu75002 PARIS+33 1 53 05 99 75 In Principo Lyon3 cours Charlemagne69003 LYON In Principo Hauts de FranceCampus AGROTECHSquare Eug\u00e8ne Thomas\u00a059780 Willems\u00a0 In Principo Laval(en cours) Fond\u00e9e en 2002, In Principo\u2026","rel":"","context":"Article similaire","block_context":{"text":"Article similaire","link":""},"img":{"alt_text":"","src":"","width":0,"height":0},"classes":[]},{"id":325,"url":"https:\/\/inprincipo2024.inprincipo.com\/index.php\/credit-agricole-normandie\/","url_meta":{"origin":1115,"position":1},"title":"CREDIT AGRICOLE NORMANDIE","author":"In Principo","date":"10 septembre 2024","format":false,"excerpt":"R\u00e9ussir une fusion par et pour l\u2019\u00e9nergie collaborative \u00ab\u00a0L\u2019agilit\u00e9 ne se d\u00e9cr\u00e8te pas, elle se suscite de l\u2019int\u00e9rieur de l\u2019organisation\u00a0\u00bb.\u00a0\u00a0C\u2019est en accrochant sur cette phrase d\u2019un de nos posts de 2007 et reprise sur Wikipedia dans l\u2019article \u00ab\u00a0le management agile\u00a0\u00bb que le responsable de la transformation du Cr\u00e9dit Agricole Normandie\u2026","rel":"","context":"Article similaire","block_context":{"text":"Article similaire","link":""},"img":{"alt_text":"","src":"","width":0,"height":0},"classes":[]},{"id":702,"url":"https:\/\/inprincipo2024.inprincipo.com\/index.php\/exco\/","url_meta":{"origin":1115,"position":2},"title":"EXCO","author":"In Principo","date":"22 septembre 2024","format":false,"excerpt":"D\u2019experts-comptables \u00e0 Fertiliseurs d\u2019EntreprisesR\u00e9cit de la r\u00e9invention d\u2019un engagement En 2015, de nouveaux services en ligne deviennent clairement une menace pour l\u2019expertise comptable traditionnelle. Les acteurs en place vont-ils \u00eatre uberis\u00e9s\u00a0? EXCO Sud-Ouest, entreprise de plus de 700 experts comptables, 50 agences r\u00e9parties dans les territoires entre Bordeaux et Perpignan\u2026","rel":"","context":"Article similaire","block_context":{"text":"Article similaire","link":""},"img":{"alt_text":"","src":"https:\/\/i0.wp.com\/inprincipo2024.inprincipo.com\/wp-content\/uploads\/2024\/09\/INP-Exco6-1200.jpg?resize=350%2C200&ssl=1","width":350,"height":200,"srcset":"https:\/\/i0.wp.com\/inprincipo2024.inprincipo.com\/wp-content\/uploads\/2024\/09\/INP-Exco6-1200.jpg?resize=350%2C200&ssl=1 1x, https:\/\/i0.wp.com\/inprincipo2024.inprincipo.com\/wp-content\/uploads\/2024\/09\/INP-Exco6-1200.jpg?resize=525%2C300&ssl=1 1.5x, https:\/\/i0.wp.com\/inprincipo2024.inprincipo.com\/wp-content\/uploads\/2024\/09\/INP-Exco6-1200.jpg?resize=700%2C400&ssl=1 2x, https:\/\/i0.wp.com\/inprincipo2024.inprincipo.com\/wp-content\/uploads\/2024\/09\/INP-Exco6-1200.jpg?resize=1050%2C600&ssl=1 3x"},"classes":[]},{"id":1865,"url":"https:\/\/inprincipo2024.inprincipo.com\/index.php\/comment-apprivoiser-la-puissance-regeneratrice-des-ecosystemes\/","url_meta":{"origin":1115,"position":3},"title":"Comment apprivoiser la puissance r\u00e9g\u00e9n\u00e9ratrice des \u00e9cosyst\u00e8mes\u00a0?","author":"In Principo","date":"18 f\u00e9vrier 2025","format":false,"excerpt":"\u00c9cosyst\u00e8me ! Un mot valise aujourd'hui tiraill\u00e9 entre les territoires d\u2019innovation g\u00e9n\u00e9rateurs de startups et les milieux naturels vivants et menac\u00e9s par les exc\u00e8s de nos activit\u00e9s humaines.\u00a0 L\u2019\u00e9cosyst\u00e8me est inspirant car il proc\u00e8de du vivant. L\u2019\u00e9cosyst\u00e8me n\u2019est pas un processus, c\u2019est une dynamique qui engendre, qui cr\u00e9e, qui \u00e9chappe\u2026","rel":"","context":"Article similaire","block_context":{"text":"Article similaire","link":""},"img":{"alt_text":"","src":"","width":0,"height":0},"classes":[]},{"id":337,"url":"https:\/\/inprincipo2024.inprincipo.com\/index.php\/lenergie-pourquoi-cest-devenu-un-vrai-sujet\/","url_meta":{"origin":1115,"position":4},"title":"L\u2019\u00e9nergie, pourquoi c&rsquo;est un sujet crucial\u2026\u00a0","author":"In Principo","date":"10 septembre 2024","format":false,"excerpt":"Si l\u2019\u00e9nergie humaine, nous para\u00eet aujourd\u2019hui une capacit\u00e9 collective d\u00e9terminante, celle-ci est rarement trait\u00e9e comme un v\u00e9ritable enjeu\u00a0: \u00ab\u00a0ce n\u2019est pas un sujet de la direction\u00a0\u00bb. R\u00e9sultat\u00a0: nombreux sont les collaborateurs qui se d\u00e9mobilisent. Car l\u2019\u00e9nergie permet de faire la pleine diff\u00e9rence dans un environnement challeng\u00e9, \u00e9prouvant. L\u2019\u00e9nergie est ce\u2026","rel":"","context":"Article similaire","block_context":{"text":"Article similaire","link":""},"img":{"alt_text":"","src":"https:\/\/i0.wp.com\/inprincipo2024.inprincipo.com\/wp-content\/uploads\/2025\/03\/Bateau-energie-Horizontal-1-scaled.jpg?resize=350%2C200&ssl=1","width":350,"height":200,"srcset":"https:\/\/i0.wp.com\/inprincipo2024.inprincipo.com\/wp-content\/uploads\/2025\/03\/Bateau-energie-Horizontal-1-scaled.jpg?resize=350%2C200&ssl=1 1x, https:\/\/i0.wp.com\/inprincipo2024.inprincipo.com\/wp-content\/uploads\/2025\/03\/Bateau-energie-Horizontal-1-scaled.jpg?resize=525%2C300&ssl=1 1.5x, https:\/\/i0.wp.com\/inprincipo2024.inprincipo.com\/wp-content\/uploads\/2025\/03\/Bateau-energie-Horizontal-1-scaled.jpg?resize=700%2C400&ssl=1 2x, https:\/\/i0.wp.com\/inprincipo2024.inprincipo.com\/wp-content\/uploads\/2025\/03\/Bateau-energie-Horizontal-1-scaled.jpg?resize=1050%2C600&ssl=1 3x, https:\/\/i0.wp.com\/inprincipo2024.inprincipo.com\/wp-content\/uploads\/2025\/03\/Bateau-energie-Horizontal-1-scaled.jpg?resize=1400%2C800&ssl=1 4x"},"classes":[]},{"id":1131,"url":"https:\/\/inprincipo2024.inprincipo.com\/index.php\/les-formations\/","url_meta":{"origin":1115,"position":5},"title":"LES FORMATIONS","author":"In Principo","date":"15 octobre 2024","format":false,"excerpt":"LA M\u00c9THODE LES ACCOMPAGNEMENTS LES FORMATIONS LES PROGRAMMES In Principo en France www.inprincipo.com In Principo Paris60 rue de Richelieu75002 PARIS+33 1 53 05 99 75 In Principo Lyon3 cours Charlemagne69003 LYON In Principo Hauts de FranceCampus AGROTECHSquare Eug\u00e8ne Thomas\u00a059780 WILLEMS\u00a0 Depuis 2011, In Principo d\u00e9veloppe des formations \u00e0 destination de\u2026","rel":"","context":"Article similaire","block_context":{"text":"Article similaire","link":""},"img":{"alt_text":"","src":"https:\/\/i0.wp.com\/inprincipo2024.inprincipo.com\/wp-content\/uploads\/2025\/07\/250711-INPACADEMYA-Catalogue2025-ModulCubes-Couverture2.png?resize=350%2C200&ssl=1","width":350,"height":200,"srcset":"https:\/\/i0.wp.com\/inprincipo2024.inprincipo.com\/wp-content\/uploads\/2025\/07\/250711-INPACADEMYA-Catalogue2025-ModulCubes-Couverture2.png?resize=350%2C200&ssl=1 1x, https:\/\/i0.wp.com\/inprincipo2024.inprincipo.com\/wp-content\/uploads\/2025\/07\/250711-INPACADEMYA-Catalogue2025-ModulCubes-Couverture2.png?resize=525%2C300&ssl=1 1.5x, https:\/\/i0.wp.com\/inprincipo2024.inprincipo.com\/wp-content\/uploads\/2025\/07\/250711-INPACADEMYA-Catalogue2025-ModulCubes-Couverture2.png?resize=700%2C400&ssl=1 2x"},"classes":[]}],"jetpack_sharing_enabled":true,"_links":{"self":[{"href":"https:\/\/inprincipo2024.inprincipo.com\/index.php\/wp-json\/wp\/v2\/pages\/1115","targetHints":{"allow":["GET"]}}],"collection":[{"href":"https:\/\/inprincipo2024.inprincipo.com\/index.php\/wp-json\/wp\/v2\/pages"}],"about":[{"href":"https:\/\/inprincipo2024.inprincipo.com\/index.php\/wp-json\/wp\/v2\/types\/page"}],"author":[{"embeddable":true,"href":"https:\/\/inprincipo2024.inprincipo.com\/index.php\/wp-json\/wp\/v2\/users\/1"}],"replies":[{"embeddable":true,"href":"https:\/\/inprincipo2024.inprincipo.com\/index.php\/wp-json\/wp\/v2\/comments?post=1115"}],"version-history":[{"count":8,"href":"https:\/\/inprincipo2024.inprincipo.com\/index.php\/wp-json\/wp\/v2\/pages\/1115\/revisions"}],"predecessor-version":[{"id":3145,"href":"https:\/\/inprincipo2024.inprincipo.com\/index.php\/wp-json\/wp\/v2\/pages\/1115\/revisions\/3145"}],"wp:attachment":[{"href":"https:\/\/inprincipo2024.inprincipo.com\/index.php\/wp-json\/wp\/v2\/media?parent=1115"}],"curies":[{"name":"wp","href":"https:\/\/api.w.org\/{rel}","templated":true}]}}