{"id":1091,"date":"2024-10-09T16:08:32","date_gmt":"2024-10-09T14:08:32","guid":{"rendered":"https:\/\/inprincipo2024.inprincipo.com\/?page_id=1091"},"modified":"2025-03-26T17:20:19","modified_gmt":"2025-03-26T16:20:19","slug":"nos-partenaires","status":"publish","type":"page","link":"https:\/\/inprincipo2024.inprincipo.com\/index.php\/nos-partenaires\/","title":{"rendered":"NOS PARTENAIRES"},"content":{"rendered":"\n<div class=\"wp-block-columns is-layout-flex wp-container-core-columns-is-layout-f5a44f5b wp-block-columns-is-layout-flex\">\n<div class=\"wp-block-column is-layout-flow wp-block-column-is-layout-flow\" style=\"flex-basis:25%\">\n<div class=\"wp-block-group is-layout-constrained wp-container-core-group-is-layout-0be64e95 wp-block-group-is-layout-constrained\" style=\"padding-right:var(--wp--preset--spacing--50)\">\n<div id=\"wp-block-themeisle-blocks-button-group-f312c158\" class=\"wp-block-themeisle-blocks-button-group wp-block-buttons align-full-desktop\">\n<div id=\"wp-block-themeisle-blocks-button-677a268b\" class=\"wp-block-themeisle-blocks-button wp-block-button\"><a href=\"https:\/\/inprincipo2024.inprincipo.com\/index.php\/qui-sommes-nous\/\" target=\"_self\" rel=\"noopener noreferrer\" class=\"wp-block-button__link\"><span>QUI SOMMES-NOUS ?<\/span><\/a><\/div>\n<\/div>\n\n\n\n<div id=\"wp-block-themeisle-blocks-button-group-832770dc\" class=\"wp-block-themeisle-blocks-button-group wp-block-buttons align-full-desktop\">\n<div id=\"wp-block-themeisle-blocks-button-f6ce75f2\" class=\"wp-block-themeisle-blocks-button wp-block-button\"><a href=\"https:\/\/inprincipo2024.inprincipo.com\/index.php\/lequipe\/\" target=\"_self\" rel=\"noopener noreferrer\" class=\"wp-block-button__link\"><span>L&rsquo;\u00c9QUIPE<\/span><\/a><\/div>\n<\/div>\n\n\n\n<div id=\"wp-block-themeisle-blocks-button-group-221e8f97\" class=\"wp-block-themeisle-blocks-button-group wp-block-buttons align-full-desktop\">\n<div id=\"wp-block-themeisle-blocks-button-33df447b\" class=\"wp-block-themeisle-blocks-button wp-block-button\"><a href=\"https:\/\/inprincipo2024.inprincipo.com\/index.php\/un-peu-dhistoire\/\" target=\"_self\" rel=\"noopener noreferrer\" class=\"wp-block-button__link\"><span>UN PEU D&rsquo;HISTOIRE<\/span><\/a><\/div>\n<\/div>\n\n\n\n<div id=\"wp-block-themeisle-blocks-button-group-b317da1f\" class=\"wp-block-themeisle-blocks-button-group wp-block-buttons align-full-desktop\">\n<div id=\"wp-block-themeisle-blocks-button-e5563daf\" class=\"wp-block-themeisle-blocks-button wp-block-button\"><a target=\"_self\" rel=\"noopener noreferrer\" class=\"wp-block-button__link\"><span>NOS PARTENAIRES<\/span><\/a><\/div>\n<\/div>\n<\/div>\n\n\n\n<div style=\"height:57px\" aria-hidden=\"true\" class=\"wp-block-spacer\"><\/div>\n\n\n\n<h3 class=\"wp-block-heading\">In Principo en France<\/h3>\n\n\n\n<p><a href=\"http:\/\/www.inprincipo.com\/\">www.inprincipo.com<\/a><\/p>\n\n\n\n<p><strong>In Principo Paris<br><\/strong>60 rue de Richelieu<br>75002 PARIS<br>+33 1 53 05 99 75<\/p>\n\n\n\n<p><strong>In Principo Lyon<br><\/strong>3 cours Charlemagne<br>69003 LYON<\/p>\n\n\n\n<p><strong>In Principo Hauts de France<br><\/strong>Campus AGROTECH<br>Square Eug\u00e8ne Thomas&nbsp;<br>59780 Willems&nbsp;<\/p>\n\n\n\n<p><strong>In Principo Laval<br><\/strong>(en cours)<\/p>\n<\/div>\n\n\n\n<div class=\"wp-block-column is-layout-flow wp-block-column-is-layout-flow\" style=\"flex-basis:65%\">\n<p>In Principo s\u2019appuie sur un \u00e9cosyst\u00e8me de trois natures de partenaires pour innover, d\u00e9velopper son savoir-faire, aller \u00e0 la rencontre des organisations et des territoires, renforcer sa capacit\u00e9 d\u2019action op\u00e9rationnelle.<\/p>\n\n\n\n<hr class=\"wp-block-separator has-alpha-channel-opacity is-style-wide\"\/>\n\n\n\n<h2 class=\"wp-block-heading\">Un \u00e9cosyst\u00e8me acad\u00e9mique<\/h2>\n\n\n\n<p>Pour cultiver sa conscience des \u00e9volutions de la soci\u00e9t\u00e9 et renforcer sa capacit\u00e9 professionnelle au travers d\u2019un v\u00e9ritable engagement.<\/p>\n\n\n\n<h3 class=\"wp-block-heading\">IAF&nbsp;(International Association of Facilitators)<\/h3>\n\n\n\n<p>In Principo est pleinement engag\u00e9 dans les valeurs, l\u2019\u00e9thique et les principes fondamentaux de la facilitation port\u00e9s par IAF. In Principo est impliqu\u00e9 dans le d\u00e9veloppement de IAF France, le chapitre fran\u00e7ais de IAF, depuis 2012. Le si\u00e8ge d\u2019IAF France a \u00e9t\u00e9 en 2017 domicili\u00e9 chez In Principo. Olivier R\u00e9aud est devenu Pr\u00e9sident de IAF France en octobre 2021.<\/p>\n\n\n\n<h3 class=\"wp-block-heading\">SFdP&nbsp;(Soci\u00e9t\u00e9 Fran\u00e7aise de Prospective)<\/h3>\n\n\n\n<p>La prospective est un d\u00e9terminant majeur d\u2019une Agence en Facilitation Strat\u00e9gique. In Principo a initi\u00e9 son premier partenariat avec la SFdP en 2015. Olivier R\u00e9aud est devenu administrateur de la SFdP en 2021 et vient d\u2019\u00eatre reconduit en 2024.<\/p>\n\n\n\n<h3 class=\"wp-block-heading\">Universit\u00e9 Catholique de Lille&nbsp;<\/h3>\n\n\n\n<p>In Principo est partenaire de l\u2019Universit\u00e9 Catholique de Lille depuis 2014 sur des volets recherche initialement (Institut International de Prospective des \u00c9cosyst\u00e8mes Innovants), puis sur des op\u00e9rationnels \u00e0 compter de 2018 (cr\u00e9ation d\u2019un GIE de d\u00e9veloppement de 2018 \u00e0 2020), plusieurs missions en commun depuis se sont poursuivi dont l\u2019accompagnement de l\u2019Institut Paul Bocuse \u00e0 Lyon.<\/p>\n\n\n\n<h3 class=\"wp-block-heading\">Institut Leonard de Vinci<\/h3>\n\n\n\n<p>In Principo est partenaire de l\u2019Institut Leonard de Vinci pour le Master Transition \u00c9nerg\u00e9tique sur les volets intelligence collective, facilitation et management de projets complexes.<\/p>\n\n\n\n<h3 class=\"wp-block-heading\">IAE Lyon III Jean Moulin<\/h3>\n\n\n\n<p>In Principo est partenaire de IAE Lyon pour le Master Management de l\u2019Innovation et Projets Complexes sur le volet des dynamiques d\u2019\u00e9cosyst\u00e8mes.<\/p>\n\n\n\n<hr class=\"wp-block-separator has-alpha-channel-opacity is-style-wide\"\/>\n\n\n\n<h2 class=\"wp-block-heading\">Un \u00e9cosyst\u00e8me de partenaires strat\u00e9giques<\/h2>\n\n\n\n<p>Pour d\u00e9velopper de nouvelles capacit\u00e9s strat\u00e9giques en regard des enjeux de la soci\u00e9t\u00e9, et une valeur op\u00e9rationnelle concr\u00e8te pour les entreprises, les administrations et les territoires.<\/p>\n\n\n\n<h3 class=\"wp-block-heading\">La Fabrique du Futur<\/h3>\n\n\n\n<p>Think-Do-Tank cr\u00e9\u00e9 en 2006, fort de 60 experts de haut niveau, accompagne les organisations et les territoires \u00e0 r\u00e9inventer leur avenir par une prospective sur le pr\u00e9sent.<\/p>\n\n\n\n<h3 class=\"wp-block-heading\">InSitoo<\/h3>\n\n\n\n<p>InSitoo est la premi\u00e8re plateforme free-lance hors r\u00e9gion parisienne (portage salarial et gestion de contrats d\u2019ind\u00e9pendants). InSitoo a lanc\u00e9 en 2024 une activit\u00e9 de services de conseil avec In Principo.<\/p>\n\n\n\n<h3 class=\"wp-block-heading\">Institut des Dynamiques \u00c9co-Cr\u00e9atives<\/h3>\n\n\n\n<p>L\u2019IDEC est un mouvement engag\u00e9 sur la valorisation d&rsquo;un entrepreneuriat \u00e0 impact. IDEC accompagne les entrepreneurs, dirigeants et organisations dans la conception de mod\u00e8les \u00e9conomiques \u00e9thiques, durables et r\u00e9g\u00e9n\u00e9ratifs, o\u00f9 prosp\u00e9rit\u00e9 rime avec responsabilit\u00e9.<\/p>\n\n\n\n<p>En int\u00e9grant la permacomptabilit\u00e9\u2122\ufe0f, le biomim\u00e9tisme et des strat\u00e9gies innovantes (RSE, FSSD), IDEC d\u00e9veloppe des approches robustes, \u00e9conomiquement viables et profond\u00e9ment ancr\u00e9es dans le vivant.<\/p>\n\n\n\n<h3 class=\"wp-block-heading\">Klaxoon<\/h3>\n\n\n\n<p>Leader europ\u00e9en des plateformes collaboratives. Partenaire strat\u00e9gique de la facilitation digitale augment\u00e9e, synchrone et asynchrone, pr\u00e9sentielle et distancielle.<\/p>\n\n\n\n<h3 class=\"wp-block-heading\">BTh Conseil<\/h3>\n\n\n\n<p>Expert des d\u00e9marches RSE pour transformer l\u2019engagement et la qualit\u00e9 d\u2019impact des organisations, BTh Conseil apporte \u00e0 In Principo la profondeur essentielle n\u00e9cessaire \u00e0 la responsabilit\u00e9 soci\u00e9tale des entreprises. In Principo apporte en retour \u00e0 BTh la puissance collaborative \u00e0 la mise en \u0153uvre des d\u00e9marches engag\u00e9es.&nbsp;<\/p>\n\n\n\n<hr class=\"wp-block-separator has-alpha-channel-opacity is-style-wide\"\/>\n\n\n\n<h2 class=\"wp-block-heading\">Un \u00e9cosyst\u00e8me de partenaires op\u00e9rationnels<\/h2>\n\n\n\n<p>Pour d\u00e9velopper de nouvelles r\u00e9ponses innovantes, concr\u00e8tes et op\u00e9rationnelles pour les entreprises, les administrations et les territoires.<\/p>\n\n\n\n<h3 class=\"wp-block-heading\">Map and Match<\/h3>\n\n\n\n<p>Plateforme logicielle proposant une approche innovante pour r\u00e9v\u00e9ler les talents des collaborateurs pour am\u00e9liorer la dynamique collaborative des \u00e9quipes. La Technologie Map and Match b\u00e9n\u00e9ficie d\u2019apports significatifs de l\u2019IA depuis 2024.<\/p>\n\n\n\n<h3 class=\"wp-block-heading\">Toguna<\/h3>\n\n\n\n<p>Toguna est une plateforme d&rsquo;IA qui facilite les consultations digitales \u00e0 grande \u00e9chelle, en mobilisant instantan\u00e9ment toutes les parties prenantes d&rsquo;une entreprise et en leur posant des questions, le tout de mani\u00e8re s\u00e9curis\u00e9e.<\/p>\n\n\n\n<h3 class=\"wp-block-heading\">Chiefs On Demand<\/h3>\n\n\n\n<p>Propulsez votre entreprise gr\u00e2ce \u00e0 un leadership expert, au moment o\u00f9 vous en avez besoin. Chiefs on Demand met en relation les entreprises et les PME avec des CxOs exp\u00e9riment\u00e9s dans des r\u00f4les cl\u00e9s. <\/p>\n<\/div>\n\n\n\n<div class=\"wp-block-column is-layout-flow wp-block-column-is-layout-flow\" style=\"flex-basis:10%\"><\/div>\n<\/div>\n\n\n\n<div style=\"height:33px\" aria-hidden=\"true\" class=\"wp-block-spacer\"><\/div>\n\n\n\n<div class=\"wp-block-group has-ti-bg-background-color has-background is-layout-constrained wp-container-core-group-is-layout-79c9c7ea wp-block-group-is-layout-constrained\" style=\"padding-right:0;padding-left:0\">\n<div style=\"height:41px\" aria-hidden=\"true\" class=\"wp-block-spacer\"><\/div>\n\n\n\n<div class=\"wp-block-group alignwide has-ti-accent-color has-text-color has-link-color wp-elements-a48524c72e2059d497dcedb1ecfbac59 is-content-justification-center is-nowrap is-layout-flex wp-container-core-group-is-layout-23441af8 wp-block-group-is-layout-flex\">\n<div id=\"wp-block-themeisle-blocks-font-awesome-icons-08461d12\" class=\"wp-block-themeisle-blocks-font-awesome-icons\"><span class=\"wp-block-themeisle-blocks-font-awesome-icons-container\"><i class=\"fas fa-arrow-circle-right\"><\/i><\/span><\/div>\n\n\n\n<h2 class=\"wp-block-heading alignwide has-ti-accent-color has-text-color has-link-color wp-elements-75f2f67e232aea354248db67d47da3e7\">Int\u00e9ress\u00e9 ? Intrigu\u00e9 ? Curieux ? <br>Contactez-nous !<\/h2>\n<\/div>\n\n\n\n<div style=\"height:41px\" aria-hidden=\"true\" class=\"wp-block-spacer\"><\/div>\n\n\n\n<div class=\"wp-block-columns is-layout-flex wp-container-core-columns-is-layout-cf05694f wp-block-columns-is-layout-flex\">\n<div class=\"wp-block-column is-layout-flow wp-block-column-is-layout-flow\" style=\"flex-basis:100%\">\n<div id=\"wp-block-themeisle-blocks-form-346b5dd6\" class=\"wp-block-themeisle-blocks-form\" data-option-name=\"bf9b28ff82ce323187abc5d0feb0d8f07ecd8436_346b5dd6\"><form class=\"otter-form__container\">\n<div id=\"wp-block-themeisle-blocks-form-input-7a7d6f42\" class=\"wp-block-themeisle-blocks-form-input\"><label for=\"wp-block-themeisle-blocks-form-input-7a7d6f42-input\" class=\"otter-form-input-label\"><span class=\"otter-form-input-label__label\"><em>Votre pr\u00e9nom, votre nom<\/em><\/span><span class=\"required\">*<\/span><\/label><input type=\"text\" id=\"wp-block-themeisle-blocks-form-input-7a7d6f42-input\" required class=\"otter-form-input\"\/><\/div>\n\n\n\n<div id=\"wp-block-themeisle-blocks-form-input-f8745400\" class=\"wp-block-themeisle-blocks-form-input\"><label for=\"wp-block-themeisle-blocks-form-input-f8745400-input\" class=\"otter-form-input-label\"><span class=\"otter-form-input-label__label\"><em>Votre entreprise<\/em><\/span><span class=\"required\">*<\/span><\/label><input type=\"text\" id=\"wp-block-themeisle-blocks-form-input-f8745400-input\" required class=\"otter-form-input\"\/><\/div>\n\n\n\n<div id=\"wp-block-themeisle-blocks-form-input-50b2af0b\" class=\"wp-block-themeisle-blocks-form-input\"><label for=\"wp-block-themeisle-blocks-form-input-50b2af0b-input\" class=\"otter-form-input-label\"><span class=\"otter-form-input-label__label\"><em>Votre email<\/em><\/span><span class=\"required\">*<\/span><\/label><input type=\"email\" id=\"wp-block-themeisle-blocks-form-input-50b2af0b-input\" required class=\"otter-form-input\"\/><\/div>\n\n\n<div class=\"protection\" aria-hidden=\"true\"><input type=\"hidden\" id=\"wp-block-themeisle-blocks-form-346b5dd6_nonce_field\" name=\"wp-block-themeisle-blocks-form-346b5dd6_nonce_field\" value=\"73028fe990\" \/><input type=\"hidden\" name=\"_wp_http_referer\" value=\"\/index.php\/wp-json\/wp\/v2\/pages\/1091\" \/><input class=\"o-anti-bot\" type=\"checkbox\"><\/div>\n\n\n<div id=\"wp-block-themeisle-blocks-form-input-162629e2\" class=\"wp-block-themeisle-blocks-form-input\"><label for=\"wp-block-themeisle-blocks-form-input-162629e2-input\" class=\"otter-form-input-label\"><span class=\"otter-form-input-label__label\"><em>Votre t\u00e9l\u00e9phone<\/em><\/span><\/label><input type=\"text\" id=\"wp-block-themeisle-blocks-form-input-162629e2-input\" class=\"otter-form-input\"\/><\/div>\n\n\n\n<div id=\"wp-block-themeisle-blocks-form-textarea-fcb0e154\" class=\"wp-block-themeisle-blocks-form-textarea\"><label for=\"wp-block-themeisle-blocks-form-textarea-fcb0e154-input\" class=\"otter-form-textarea-label\"><span class=\"otter-form-textarea-label__label\"><em>Votre message<\/em><\/span><\/label><textarea id=\"wp-block-themeisle-blocks-form-textarea-fcb0e154-input\" rows=\"10\" class=\"otter-form-textarea-input\"><\/textarea><\/div>\n\n\n\n<p class=\"has-ti-accent-color has-text-color has-link-color has-extra-small-font-size wp-elements-a17176c1e7a7b6b6f6d5d99a94002762\">En soumettant ce formulaire de contact, vous acceptez que les informations saisies soient exploit\u00e9es dans le cadre de votre demande.<\/p>\n\n\n\n<p class=\"has-ti-accent-color has-text-color has-link-color has-small-font-size wp-elements-ce1b4950b9ec67c890628eeb929a4551\" style=\"margin-top:0;margin-bottom:0\">Pour conna\u00eetre et exercer vos droits, notamment de retrait de votre consentement \u00e0 l\u2019utilisation des donn\u00e9es collect\u00e9es par ce formulaire, veuillez consulter les conditions g\u00e9n\u00e9rales d\u2019utilisation li\u00e9es \u00e0 la&nbsp;<a href=\"https:\/\/www.ruptur.fr\/vos-donnees-personnelles\/\">gestion des donn\u00e9es personnelles<\/a>.<\/p>\n<div class=\"wp-block-button\"><button class=\"wp-block-button__link\" type=\"submit\">Submit<\/button><\/div><\/form><\/div>\n<\/div>\n<\/div>\n<\/div>\n","protected":false},"excerpt":{"rendered":"<p>In Principo en France www.inprincipo.com In Principo Paris60 rue de Richelieu75002 PARIS+33 1 53 05 99 75 In Principo Lyon3 cours Charlemagne69003 LYON In Principo Hauts de FranceCampus AGROTECHSquare Eug\u00e8ne Thomas&nbsp;59780 Willems&nbsp; In Principo Laval(en cours) In Principo s\u2019appuie sur un \u00e9cosyst\u00e8me de trois natures de partenaires pour innover, d\u00e9velopper son savoir-faire, aller \u00e0 la [&hellip;]<\/p>\n","protected":false},"author":1,"featured_media":0,"parent":0,"menu_order":0,"comment_status":"closed","ping_status":"closed","template":"wp-custom-template-pages-grande-largeur","meta":{"_themeisle_gutenberg_block_has_review":false,"footnotes":""},"class_list":["post-1091","page","type-page","status-publish","hentry"],"jetpack-related-posts":[{"id":2230,"url":"https:\/\/inprincipo2024.inprincipo.com\/index.php\/innovation-strategique-comment-oser-inventer-lavenir-dans-un-contexte-turbulent\/","url_meta":{"origin":1091,"position":0},"title":"Innovation strat\u00e9gique : comment oser inventer l&rsquo;avenir dans un contexte turbulent ? 2\/2","author":"Olivier Reaud","date":"8 mars 2025","format":false,"excerpt":"L\u2019innovation, si importante pour la vitalit\u00e9 de nos entreprises et les \u00e9volutions de la soci\u00e9t\u00e9, parait bel et bien en train de muer, de muter, de changer de nature. Dans notre premier article, nous avons partag\u00e9 que l\u2019innovation, en r\u00e9pondant \u00e0 des d\u00e9fis de plus en plus majeurs, en devenant\u2026","rel":"","context":"Article similaire","block_context":{"text":"Article similaire","link":""},"img":{"alt_text":"","src":"","width":0,"height":0},"classes":[]},{"id":1868,"url":"https:\/\/inprincipo2024.inprincipo.com\/index.php\/repositionner-un-incubateur-numerique-en-coeur-decosysteme-dinnovation\/","url_meta":{"origin":1091,"position":1},"title":"Repositionner un incubateur num\u00e9rique en c\u0153ur d\u2019\u00e9cosyst\u00e8me d\u2019innovation\u00a0","author":"In Principo","date":"18 f\u00e9vrier 2025","format":false,"excerpt":"Nous sommes en 2018, Le LAB\u2019O Village By CA, vient de f\u00eater ses 2 ans d\u2019existence. Il porte tous les espoirs de la dynamique d\u2019innovation du territoire\u00a0: 14.000 m2\u00a0d\u00e9di\u00e9s aux startups et \u00e0 l\u2019innovation sur les bords de la Loire dans un ancien Labo pharmaceutique enti\u00e8rement r\u00e9nov\u00e9, le label French\u2026","rel":"","context":"Article similaire","block_context":{"text":"Article similaire","link":""},"img":{"alt_text":"","src":"","width":0,"height":0},"classes":[]},{"id":405,"url":"https:\/\/inprincipo2024.inprincipo.com\/index.php\/le-labo-dorleans-metropole\/","url_meta":{"origin":1091,"position":2},"title":"LE LAB\u2019O D\u2019ORL\u00c9ANS M\u00c9TROPOLE\u00a0","author":"In Principo","date":"13 septembre 2024","format":false,"excerpt":"Repositionner un incubateur num\u00e9rique en c\u0153ur d\u2019\u00e9cosyst\u00e8me d\u2019innovation\u00a0du territoire Nous sommes en 2018, Le LAB\u2019O Village By CA, vient de f\u00eater ses 2 ans d\u2019existence. Il porte tous les espoirs de la dynamique d\u2019innovation du territoire\u00a0: 14.000 m2\u00a0d\u00e9di\u00e9s aux startups et \u00e0 l\u2019innovation sur les bords de la Loire dans\u2026","rel":"","context":"Article similaire","block_context":{"text":"Article similaire","link":""},"img":{"alt_text":"","src":"https:\/\/i0.wp.com\/inprincipo2024.inprincipo.com\/wp-content\/uploads\/2024\/09\/INP-LABO-logo-1200x630-1.jpg?fit=1200%2C630&ssl=1&resize=350%2C200","width":350,"height":200,"srcset":"https:\/\/i0.wp.com\/inprincipo2024.inprincipo.com\/wp-content\/uploads\/2024\/09\/INP-LABO-logo-1200x630-1.jpg?fit=1200%2C630&ssl=1&resize=350%2C200 1x, https:\/\/i0.wp.com\/inprincipo2024.inprincipo.com\/wp-content\/uploads\/2024\/09\/INP-LABO-logo-1200x630-1.jpg?fit=1200%2C630&ssl=1&resize=525%2C300 1.5x, https:\/\/i0.wp.com\/inprincipo2024.inprincipo.com\/wp-content\/uploads\/2024\/09\/INP-LABO-logo-1200x630-1.jpg?fit=1200%2C630&ssl=1&resize=700%2C400 2x, https:\/\/i0.wp.com\/inprincipo2024.inprincipo.com\/wp-content\/uploads\/2024\/09\/INP-LABO-logo-1200x630-1.jpg?fit=1200%2C630&ssl=1&resize=1050%2C600 3x"},"classes":[]},{"id":271,"url":"https:\/\/inprincipo2024.inprincipo.com\/index.php\/lecosysteme\/","url_meta":{"origin":1091,"position":3},"title":"L&rsquo;\u00c9COSYST\u00c8ME","author":"In Principo","date":"8 septembre 2024","format":false,"excerpt":"La performance by In Principo, on vous le dit de suite, c\u2019est tout un concept. Parce que dans l\u2019entreprise, la performance est multiple, et plus que toute autre se d\u00e9cline en fonction des valeurs et de la culture de l\u2019entreprise : sociale, financi\u00e8re, op\u00e9rationnelle, \u00e9conomique\u2026 Mais quelle qu\u2019elle soit, elle\u2026","rel":"","context":"Article similaire","block_context":{"text":"Article similaire","link":""},"img":{"alt_text":"","src":"https:\/\/i0.wp.com\/inprincipo2024.inprincipo.com\/wp-content\/uploads\/2024\/09\/INP-Energie-600x600-1.png?resize=350%2C200&ssl=1","width":350,"height":200,"srcset":"https:\/\/i0.wp.com\/inprincipo2024.inprincipo.com\/wp-content\/uploads\/2024\/09\/INP-Energie-600x600-1.png?resize=350%2C200&ssl=1 1x, https:\/\/i0.wp.com\/inprincipo2024.inprincipo.com\/wp-content\/uploads\/2024\/09\/INP-Energie-600x600-1.png?resize=525%2C300&ssl=1 1.5x"},"classes":[]},{"id":2293,"url":"https:\/\/inprincipo2024.inprincipo.com\/index.php\/lentreprise-a-mission-forte-en-valeur-et-en-impact\/","url_meta":{"origin":1091,"position":4},"title":"L&rsquo;Entreprise \u00e0 Mission : vraie, vivante, forte et authentique&#8230;","author":"Olivier Reaud","date":"8 mars 2025","format":false,"excerpt":"Beaucoup en ont r\u00eav\u00e9, une loi de 2019 lui a donn\u00e9 son cadre. D\u00e9sormais, par des proc\u00e9dures et des indicateurs l\u2019Entreprise \u00e0 Mission est une r\u00e9alit\u00e9 respect\u00e9e et int\u00e9gr\u00e9e dans les pratiques de gestion quotidiennes. D\u00e9sormais, l\u2019Entreprise \u00e0 Mission existe juridiquement et statutairement. Mais fait-elle encore r\u00eaver\u00a0? Pour \u00eatre v\u00e9ritablement\u2026","rel":"","context":"Article similaire","block_context":{"text":"Article similaire","link":""},"img":{"alt_text":"","src":"","width":0,"height":0},"classes":[]},{"id":1061,"url":"https:\/\/inprincipo2024.inprincipo.com\/index.php\/un-peu-dhistoire\/","url_meta":{"origin":1091,"position":5},"title":"UN PEU D&rsquo;HISTOIRE","author":"In Principo","date":"9 octobre 2024","format":false,"excerpt":"QUI SOMMES-NOUS ? L'\u00c9QUIPE UN PEU D'HISTOIRE NOS PARTENAIRES In Principo en France www.inprincipo.com In Principo Paris60 rue de Richelieu75002 PARIS+33 1 53 05 99 75 In Principo Lyon3 cours Charlemagne69003 LYON In Principo Hauts de FranceCampus AGROTECHSquare Eug\u00e8ne Thomas\u00a059780 Willems\u00a0 In Principo Laval(en cours) Fond\u00e9e en 2002, In Principo\u2026","rel":"","context":"Article similaire","block_context":{"text":"Article similaire","link":""},"img":{"alt_text":"","src":"","width":0,"height":0},"classes":[]}],"jetpack_sharing_enabled":true,"_links":{"self":[{"href":"https:\/\/inprincipo2024.inprincipo.com\/index.php\/wp-json\/wp\/v2\/pages\/1091","targetHints":{"allow":["GET"]}}],"collection":[{"href":"https:\/\/inprincipo2024.inprincipo.com\/index.php\/wp-json\/wp\/v2\/pages"}],"about":[{"href":"https:\/\/inprincipo2024.inprincipo.com\/index.php\/wp-json\/wp\/v2\/types\/page"}],"author":[{"embeddable":true,"href":"https:\/\/inprincipo2024.inprincipo.com\/index.php\/wp-json\/wp\/v2\/users\/1"}],"replies":[{"embeddable":true,"href":"https:\/\/inprincipo2024.inprincipo.com\/index.php\/wp-json\/wp\/v2\/comments?post=1091"}],"version-history":[{"count":9,"href":"https:\/\/inprincipo2024.inprincipo.com\/index.php\/wp-json\/wp\/v2\/pages\/1091\/revisions"}],"predecessor-version":[{"id":3189,"href":"https:\/\/inprincipo2024.inprincipo.com\/index.php\/wp-json\/wp\/v2\/pages\/1091\/revisions\/3189"}],"wp:attachment":[{"href":"https:\/\/inprincipo2024.inprincipo.com\/index.php\/wp-json\/wp\/v2\/media?parent=1091"}],"curies":[{"name":"wp","href":"https:\/\/api.w.org\/{rel}","templated":true}]}}